{"id":2495,"date":"2016-05-16T12:08:14","date_gmt":"2016-05-16T16:08:14","guid":{"rendered":"http:\/\/pentorfinance.com\/?page_id=2495"},"modified":"2016-05-16T12:23:07","modified_gmt":"2016-05-16T16:23:07","slug":"ventes-internes-chez-pentor-finance","status":"publish","type":"page","link":"https:\/\/pentorfinance.com\/fr\/carrieres\/ventes-internes-chez-pentor-finance\/","title":{"rendered":"Ventes Internes chez PENTOR Finance"},"content":{"rendered":"<div class=\"panel-grid\" id=\"pg-2495-0\" > <div class=\"panel-row-style-parallax-overlay panel-row-style\" style=\"background-image: url(http:\/\/pentorfinance.com\/assets\/uploads\/2016\/01\/family-slider-bg-cut.png);background-position:50% 50%; padding-top: 120px; padding-bottom: 60px; \" > <div class=\"parallax-overlay parallax-overlay-pattern\"><div class=\"container\"><div class=\"panel-grid-cell\" id=\"pgc-2495-0-0\" ><div class=\"panel-builder widget-builder widget_origin_title panel-first-child panel-last-child\" id=\"panel-2495-0-0-0\"><div class=\"origin-widget origin-widget-title origin-widget-title-simple-simple align-center text-light\"><h1  class=\"align-center\">\n\tDirecteur en d\u00e9veloppement des affaires \u2013 comptes internes<\/h1>\n<\/div><\/div><\/div><\/div><\/div><\/div><\/div><div class=\"panel-grid\" id=\"pg-2495-1\" > <div class=\"panel-row-style-default panel-row-style\" ><div class=\"container\"><div class=\"panel-grid-cell\" id=\"pgc-2495-1-0\" ><div class=\"panel-builder widget-builder widget_origin_spacer panel-first-child\" id=\"panel-2495-1-0-0\"><div class=\"origin-widget origin-widget-spacer origin-widget-spacer-simple-blank\"><div style=\"margin-bottom:20px;\"><\/div>\n<\/div><\/div><div class=\"well well-sm panel-builder widget-builder widget_sow-images\" id=\"panel-2495-1-0-1\"><div class=\"so-widget-sow-images so-widget-sow-images-base\"><div class=\"image_wrapper align-center\">\n<img decoding=\"async\" src=\"https:\/\/pentorfinance.com\/assets\/uploads\/2016\/01\/Pentor_Logo_FB-e1452795465992.png\" class=\"\" alt=\"none\">\n\t\t\t\t\t\t\t\t\t\t\n\t\t\t\t\t\t\t\t\t\t    \t\n\t\t\t\t\t\t\t\t\t\t\t<\/div>\n\n<\/div><\/div><div class=\"panel-builder widget-builder widget_origin_spacer panel-last-child\" id=\"panel-2495-1-0-2\"><div class=\"origin-widget origin-widget-spacer origin-widget-spacer-simple-blank\"><div style=\"margin-bottom:20px;\"><\/div>\n<\/div><\/div><\/div><\/div><\/div><\/div><div class=\"panel-grid\" id=\"pg-2495-2\" > <div class=\"panel-row-style-default panel-row-style\" ><div class=\"container\"><div class=\"panel-grid-cell\" id=\"pgc-2495-2-0\" ><div class=\"well well-sm panel-builder widget-builder widget_text panel-first-child\" id=\"panel-2495-2-0-0\">\t\t\t<div class=\"textwidget\"><b>PENTOR Finance est un pr\u00eateur alternatif desservant le march\u00e9 qu\u00e9b\u00e9cois. Nous offrons des solutions hypoth\u00e9caires personnalis\u00e9es pour des propri\u00e9t\u00e9s r\u00e9sidentielles, semi-commerciales et multifamiliales. Les paiements mensuels sur ces hypoth\u00e8ques sont compos\u00e9s d\u2019int\u00e9r\u00eat seulement, et nos pr\u00eats sont enti\u00e8rement garantis par des actifs immobiliers sur des termes variant habituellement de 12 \u00e0 18 mois. PENTOR Finance adopte une approche unique \u00e0 la souscription, s\u2019assurant que chaque client ait une strat\u00e9gie de sortie mise en place. Nous r\u00e9f\u00e9rons \u00e0 cette strat\u00e9gie de sortie comme la \u201cStrat\u00e9gie de graduation\u201d.<\/b><\/div>\n\t\t<\/div><div class=\"panel-builder widget-builder widget_origin_spacer\" id=\"panel-2495-2-0-1\"><div class=\"origin-widget origin-widget-spacer origin-widget-spacer-simple-blank\"><div style=\"margin-bottom:20px;\"><\/div>\n<\/div><\/div><div class=\"panel-builder widget-builder widget_origin_list\" id=\"panel-2495-2-0-2\"><div class=\"origin-widget origin-widget-list origin-widget-list-default-default text-dark\"><div class=\"list-body \">\n<h3 class=\"widget-title\">Responsabilit\u00e9s<\/h3><ul>\n<li><i class='fa fa-angle-right'><\/i>D\u00e9velopper de nouvelles relations d'affaires au niveau des courtiers hypoth\u00e9caires dans le but d'augmenter la liste de clients potentiels<\/li>\n<li><i class='fa fa-angle-right'><\/i>Analyser et appliquer les normes de cr\u00e9dit en vigueur afin de d\u00e9velopper des solutions cr\u00e9atives pour combler les besoins des emprunteurs et des pr\u00eateurs<\/li>\n<li><i class='fa fa-angle-right'><\/i>Effectuer des pr\u00e9sentations traitants des pratiques et proc\u00e9dures reli\u00e9es au domaine du pr\u00eat hypoth\u00e9caire aupr\u00e8s d'un groupe cibl\u00e9 de clients<\/li>\n<li><i class='fa fa-angle-right'><\/i>Aider nos clients \u00e0 d\u00e9velopper des solutions d'affaires pour augmenter leur chiffre d'affaires<\/li>\n<li><i class='fa fa-angle-right'><\/i>D\u00e9velopper des plans d'affaires et de ventes visant \u00e0 rencontrer ou exc\u00e9der les objectifs de ventes mensuels\/annuels<\/li>\n<li><i class='fa fa-angle-right'><\/i>Faire preuve de discipline et d'ind\u00e9pendance dans la gestion des activit\u00e9s reli\u00e9es aux ventes dans le but de communiquer avec 30 clients par jour<\/li>\n<\/ul>\n<\/div><\/div><\/div><div class=\"panel-builder widget-builder widget_origin_spacer\" id=\"panel-2495-2-0-3\"><div class=\"origin-widget origin-widget-spacer origin-widget-spacer-simple-blank\"><div style=\"margin-bottom:20px;\"><\/div>\n<\/div><\/div><div class=\"panel-builder widget-builder widget_origin_list\" id=\"panel-2495-2-0-4\"><div class=\"origin-widget origin-widget-list origin-widget-list-default-default text-dark\"><div class=\"list-body \">\n<h3 class=\"widget-title\">Exigences<\/h3><ul>\n<li><i class='fa fa-check'><\/i>2 ans d'exp\u00e9rience en d\u00e9veloppement d'affaires en milieu financier<\/li>\n<li><i class='fa fa-check'><\/i>2 ans d'exp\u00e9rience dans le domaine du pr\u00eat hypoth\u00e9caire ou connexe<\/li>\n<li><i class='fa fa-check'><\/i>Facilit\u00e9 \u00e0 \u00e9tablir un r\u00e9seau de contacts et habilet\u00e9 d'influence conduisant \u00e0 la rencontre des objectifs fix\u00e9s et au d\u00e9veloppement de march\u00e9<\/li>\n<li><i class='fa fa-check'><\/i>Habitudes prouv\u00e9es de gestion personnelle, incluant l'utilisation d'un syst\u00e8me d'organisation et d'analyse relatif aux fonctions<\/li>\n<li><i class='fa fa-check'><\/i>Sens des affaires d\u00e9velopp\u00e9 et flair en affaires, combin\u00e9 \u00e0 des habilet\u00e9s efficaces et professionnelles de pr\u00e9sentation<\/li>\n<li><i class='fa fa-check'><\/i>Excellente ma\u00eetrise des logiciels de la suite Microsoft Office, Internet, Web et m\u00e9dias sociaux<\/li>\n<li><i class='fa fa-check'><\/i>Cr\u00e9ativit\u00e9 dans la recherche de solutions d'affaires<\/li>\n<\/ul>\n<\/div><\/div><\/div><div class=\"panel-builder widget-builder widget_origin_spacer\" id=\"panel-2495-2-0-5\"><div class=\"origin-widget origin-widget-spacer origin-widget-spacer-simple-blank\"><div style=\"margin-bottom:20px;\"><\/div>\n<\/div><\/div><div class=\"panel-builder widget-builder widget_origin_list\" id=\"panel-2495-2-0-6\"><div class=\"origin-widget origin-widget-list origin-widget-list-default-default text-dark\"><div class=\"list-body \">\n<h3 class=\"widget-title\">Emplacement<\/h3><ul>\n<li><i class='fa fa-angle-right'><\/i>Pointe-Claire<\/li>\n<\/ul>\n<\/div><\/div><\/div><div class=\"panel-builder widget-builder widget_origin_spacer\" id=\"panel-2495-2-0-7\"><div class=\"origin-widget origin-widget-spacer origin-widget-spacer-simple-blank\"><div style=\"margin-bottom:20px;\"><\/div>\n<\/div><\/div><div class=\"well well-sm panel-builder widget-builder widget_text\" id=\"panel-2495-2-0-8\">\t\t\t<div class=\"textwidget\"><p><b>Pour faciliter la lecture, le genre masculin est utilis\u00e9 sans discrimination dans ce texte<\/p>\n<p>Veuillez addressez votre CV \u00e0 l'attention de M. Joseph Galli, <a href=mailto:jgalli@pentor.com\">jgalli@pentor.com<\/a><\/p>\n<p><u><a href=\"http:\/\/pentorfinance.com\/assets\/uploads\/2016\/05\/PENTOR-Finance-BD-Vente-internes-13-mai-2016.pdf\"> T\u00e9l\u00e9charger en PDF<\/a><\/u><\/b><\/p>\n<\/div>\n\t\t<\/div><div class=\"panel-builder widget-builder widget_origin_spacer panel-last-child\" id=\"panel-2495-2-0-9\"><div class=\"origin-widget origin-widget-spacer origin-widget-spacer-simple-blank\"><div style=\"margin-bottom:20px;\"><\/div>\n<\/div><\/div><\/div><\/div><\/div><\/div>","protected":false},"excerpt":{"rendered":"<p>Directeur en d\u00e9veloppement des affaires \u2013 comptes internes PENTOR Finance est un pr\u00eateur alternatif desservant le march\u00e9 qu\u00e9b\u00e9cois. Nous offrons des solutions hypoth\u00e9caires personnalis\u00e9es pour des propri\u00e9t\u00e9s r\u00e9sidentielles, semi-commerciales et multifamiliales. Les paiements mensuels sur ces hypoth\u00e8ques sont compos\u00e9s d\u2019int\u00e9r\u00eat seulement, et nos pr\u00eats sont enti\u00e8rement garantis par des actifs immobiliers sur des termes variant [&hellip;]<a class=\"\" title=\"Read more on Ventes Internes chez PENTOR Finance\" href=\"https:\/\/pentorfinance.com\/fr\/carrieres\/ventes-internes-chez-pentor-finance\/\"> Read more<\/a><\/p>\n","protected":false},"author":2,"featured_media":0,"parent":2502,"menu_order":20,"comment_status":"closed","ping_status":"closed","template":"dikka-page-builder.php","meta":{"footnotes":""},"class_list":["post-2495","page","type-page","status-publish","hentry"],"_links":{"self":[{"href":"https:\/\/pentorfinance.com\/fr\/wp-json\/wp\/v2\/pages\/2495","targetHints":{"allow":["GET"]}}],"collection":[{"href":"https:\/\/pentorfinance.com\/fr\/wp-json\/wp\/v2\/pages"}],"about":[{"href":"https:\/\/pentorfinance.com\/fr\/wp-json\/wp\/v2\/types\/page"}],"author":[{"embeddable":true,"href":"https:\/\/pentorfinance.com\/fr\/wp-json\/wp\/v2\/users\/2"}],"replies":[{"embeddable":true,"href":"https:\/\/pentorfinance.com\/fr\/wp-json\/wp\/v2\/comments?post=2495"}],"version-history":[{"count":4,"href":"https:\/\/pentorfinance.com\/fr\/wp-json\/wp\/v2\/pages\/2495\/revisions"}],"predecessor-version":[{"id":2500,"href":"https:\/\/pentorfinance.com\/fr\/wp-json\/wp\/v2\/pages\/2495\/revisions\/2500"}],"up":[{"embeddable":true,"href":"https:\/\/pentorfinance.com\/fr\/wp-json\/wp\/v2\/pages\/2502"}],"wp:attachment":[{"href":"https:\/\/pentorfinance.com\/fr\/wp-json\/wp\/v2\/media?parent=2495"}],"curies":[{"name":"wp","href":"https:\/\/api.w.org\/{rel}","templated":true}]}}