{"id":2478,"date":"2016-04-11T12:11:55","date_gmt":"2016-04-11T16:11:55","guid":{"rendered":"http:\/\/pentorfinance.com\/fr\/?page_id=2478"},"modified":"2016-04-11T12:13:02","modified_gmt":"2016-04-11T16:13:02","slug":"video-qui-est-pentor-finance","status":"publish","type":"page","link":"https:\/\/pentorfinance.com\/fr\/ressources\/videos\/video-qui-est-pentor-finance\/","title":{"rendered":"Video &#8211; Qui est PENTOR Finance?"},"content":{"rendered":"<div class=\"panel-grid\" id=\"pg-2478-0\" > <div class=\"panel-row-style-parallax-overlay panel-row-style\" style=\"background-color: #3e3b4f; background-image: url(http:\/\/pentorfinance.com\/assets\/uploads\/2016\/01\/family-slider-bg-cut.png);background-position:50% 50%; padding-top: 120px; padding-bottom: 50px; \" > <div class=\"parallax-overlay parallax-overlay-pattern\"><div class=\"container\"><div class=\"panel-grid-cell\" id=\"pgc-2478-0-0\" ><div class=\"panel-builder widget-builder widget_origin_title panel-first-child\" id=\"panel-2478-0-0-0\"><div class=\"origin-widget origin-widget-title origin-widget-title-simple-simple align-left text-lightest\"><h1  class=\"align-left\">\n\t<\/h1>\n<\/div><\/div><div class=\"panel-builder widget-builder widget_origin_title panel-last-child\" id=\"panel-2478-0-0-1\"><div class=\"origin-widget origin-widget-title origin-widget-title-simple-simple align-center text-light\"><h1  class=\"align-center\">\n\tVideo - Qui est PENTOR Finance?<\/h1>\n<\/div><\/div><\/div><\/div><\/div><\/div><\/div><div class=\"panel-grid\" id=\"pg-2478-1\" > <div class=\"panel-row-style-default panel-row-style\" style=\"padding-top: 30px; \" ><div class=\"container\"><div class=\"panel-grid-cell\" id=\"pgc-2478-1-0\" ><div class=\"panel-builder widget-builder widget_origin_spacer panel-first-child\" id=\"panel-2478-1-0-0\"><div class=\"origin-widget origin-widget-spacer origin-widget-spacer-simple-blank\"><div style=\"margin-bottom:20px;\"><\/div>\n<\/div><\/div><div class=\"well well-sm panel-builder widget-builder widget_text\" id=\"panel-2478-1-0-1\">\t\t\t<div class=\"textwidget\"><div align=\"center\"><iframe src=\"https:\/\/player.vimeo.com\/video\/124368822\" frameborder=\"0\" webkitallowfullscreen mozallowfullscreen allowfullscreen><\/iframe>\n<\/div>\n<\/div>\n\t\t<\/div><div class=\"panel-builder widget-builder widget_origin_spacer\" id=\"panel-2478-1-0-2\"><div class=\"origin-widget origin-widget-spacer origin-widget-spacer-simple-blank\"><div style=\"margin-bottom:20px;\"><\/div>\n<\/div><\/div><div class=\"well well-sm panel-builder widget-builder widget_text\" id=\"panel-2478-1-0-3\">\t\t\t<div class=\"textwidget\"><p><b>Bonjour et merci de votre int\u00e9r\u00eat envers PENTOR Finance. Nous offrons des solutions court terme pour vos clients qui ne se qualifient pas au niveau du financement hypoth\u00e9caire traditionnel. Nous sommes une entreprise qu\u00e9b\u00e9coise, notre pr\u00e9sident, Peter Galli, a g\u00e9n\u00e9r\u00e9 plus de 750 millions en financement alternatif. Nous offrons des strat\u00e9gies de financement court terme, donc de 6 \u00e0 18 mois, sur des immeubles r\u00e9sidentiels, commercial, ou du multi familial. Nous couvrons tout le Qu\u00e9bec, sauf Gasp\u00e9sie et Iles-de-la-Madeleine et nous optons pour une strat\u00e9gie de graduation qui est tr\u00e8s pr\u00e9cise, c\u2019est-\u00e0-dire qu\u2019au moment de la souscription, nous voulons nous assurer que votre client pourra graduer et sortir pour retourner vers du financement traditionnel. Plusieurs pr\u00eateurs priv\u00e9s sont actifs dans le march\u00e9, mais avec des strat\u00e9gies compl\u00e8tement diff\u00e9rentes. D\u2019un c\u00f4t\u00e9, certains pr\u00eateurs priv\u00e9s misent sur la reprise de finance, alors que chez nous, chez PENTOR, nous travaillons avec une strat\u00e9gie de graduation, afin que votre client puisse retourner le plus rapidement dans du financement traditionnel. <\/b><\/p>\n<p><b>Qui sont nos clients ? Plusieurs \u00e9v\u00e9nements de la vie peuvent entrainer une crise financi\u00e8re. Divorce, perte d\u2019emploi, maladie. Vous le savez, un client qui se pr\u00e9sente \u00e0 son institution financi\u00e8re avec un avis de cotisation impay\u00e9e sera automatiquement refus\u00e9. Que ce soit pour une hypoth\u00e8que l\u00e9gale, un avis de 60 jours, des fissures dans la fondation, ou pour un travailleur autonome de moins de deux ans, il est tr\u00e8s difficile d\u2019obtenir du financement. Chez nous, nous ne travaillons avec l\u2019ABD, l\u2019ATD, le Beacon score, on travaille avec le GBS, le gros bons sens. Au niveau de la souscription, nous sommes l\u00e0 pour vous aider. \u00c9videmment, qualit\u00e9 de la propri\u00e9t\u00e9 est tr\u00e8s importante, mais je vous l\u2019ai dit tout \u00e0 l\u2019heure, le gros bon sens fait partie aussi de la souscription du dossier. Nous sommes flexibles, nous travaillons en mode solution. Il est possible \u00e9galement de prendre des garanties collat\u00e9rales sur d\u2019autres immeubles afin de r\u00e9aliser la transaction. Nous misons sur la strat\u00e9gie de sortie, nous sommes cr\u00e9atifs et nous offrons du service, du service et encore du service. <\/b><\/p>\n<p><b>Nous travaillons exclusivement avec vous, les courtiers hypoth\u00e9caires. Nous avons d\u00e9velopp\u00e9, au fil des ann\u00e9es, des partenariats solides et nous nous voyons comme un coach, un mentor, pour vous aider \u00e0 d\u00e9velopper vos affaires. En fait, nous avons d\u00e9velopp\u00e9 pour vous des outils personnalisables au niveau marketing qui vous permettent de faire la promotion de ce cr\u00e9neau-l\u00e0 pour vos clients. \u00c9galement, nous vous avisons en temps r\u00e9el des \u00e9tapes du dossier pour que vous puissiez communiquer avec vos clients de fa\u00e7on tr\u00e8s rapide et optimale. Alors, \u00e0 toutes les fois qu\u2019une \u00e9tape dans le dossier va avancer vers le d\u00e9bours\u00e9 final, vous serez avis\u00e9 automatiquement par une alerte courriel. Merci encore de votre int\u00e9r\u00eat envers PENTOR Finance, Pour toute question, n\u2019h\u00e9sitez pas \u00e0 communiquer avec nous, nous sommes l\u00e0 pour vous. PENTOR Finance, le financement pour atteindre vos objectifs.<\/b><\/p>\n<\/div>\n\t\t<\/div><div class=\"panel-builder widget-builder widget_origin_spacer panel-last-child\" id=\"panel-2478-1-0-4\"><div class=\"origin-widget origin-widget-spacer origin-widget-spacer-simple-blank\"><div style=\"margin-bottom:20px;\"><\/div>\n<\/div><\/div><\/div><div class=\"panel-grid-cell\" id=\"pgc-2478-1-1\" >&nbsp;<\/div><\/div><\/div><\/div>","protected":false},"excerpt":{"rendered":"<p>Video &#8211; Qui est PENTOR Finance? Bonjour et merci de votre int\u00e9r\u00eat envers PENTOR Finance. Nous offrons des solutions court terme pour vos clients qui ne se qualifient pas au niveau du financement hypoth\u00e9caire traditionnel. Nous sommes une entreprise qu\u00e9b\u00e9coise, notre pr\u00e9sident, Peter Galli, a g\u00e9n\u00e9r\u00e9 plus de 750 millions en financement alternatif. Nous offrons [&hellip;]<a class=\"\" title=\"Read more on Video &#8211; Qui est PENTOR Finance?\" href=\"https:\/\/pentorfinance.com\/fr\/ressources\/videos\/video-qui-est-pentor-finance\/\"> Read more<\/a><\/p>\n","protected":false},"author":2,"featured_media":0,"parent":2441,"menu_order":0,"comment_status":"closed","ping_status":"closed","template":"dikka-page-builder.php","meta":{"footnotes":""},"class_list":["post-2478","page","type-page","status-publish","hentry"],"_links":{"self":[{"href":"https:\/\/pentorfinance.com\/fr\/wp-json\/wp\/v2\/pages\/2478","targetHints":{"allow":["GET"]}}],"collection":[{"href":"https:\/\/pentorfinance.com\/fr\/wp-json\/wp\/v2\/pages"}],"about":[{"href":"https:\/\/pentorfinance.com\/fr\/wp-json\/wp\/v2\/types\/page"}],"author":[{"embeddable":true,"href":"https:\/\/pentorfinance.com\/fr\/wp-json\/wp\/v2\/users\/2"}],"replies":[{"embeddable":true,"href":"https:\/\/pentorfinance.com\/fr\/wp-json\/wp\/v2\/comments?post=2478"}],"version-history":[{"count":2,"href":"https:\/\/pentorfinance.com\/fr\/wp-json\/wp\/v2\/pages\/2478\/revisions"}],"predecessor-version":[{"id":2480,"href":"https:\/\/pentorfinance.com\/fr\/wp-json\/wp\/v2\/pages\/2478\/revisions\/2480"}],"up":[{"embeddable":true,"href":"https:\/\/pentorfinance.com\/fr\/wp-json\/wp\/v2\/pages\/2441"}],"wp:attachment":[{"href":"https:\/\/pentorfinance.com\/fr\/wp-json\/wp\/v2\/media?parent=2478"}],"curies":[{"name":"wp","href":"https:\/\/api.w.org\/{rel}","templated":true}]}}