{"id":2476,"date":"2016-04-11T12:09:38","date_gmt":"2016-04-11T16:09:38","guid":{"rendered":"http:\/\/pentorfinance.com\/fr\/?page_id=2476"},"modified":"2016-04-11T12:09:40","modified_gmt":"2016-04-11T16:09:40","slug":"video-les-10-questions","status":"publish","type":"page","link":"https:\/\/pentorfinance.com\/fr\/ressources\/videos\/video-les-10-questions\/","title":{"rendered":"Video &#8211; Les 10 questions"},"content":{"rendered":"<div class=\"panel-grid\" id=\"pg-2476-0\" > <div class=\"panel-row-style-parallax-overlay panel-row-style\" style=\"background-color: #3e3b4f; background-image: url(http:\/\/pentorfinance.com\/assets\/uploads\/2016\/01\/family-slider-bg-cut.png);background-position:50% 50%; padding-top: 120px; padding-bottom: 50px; \" > <div class=\"parallax-overlay parallax-overlay-pattern\"><div class=\"container\"><div class=\"panel-grid-cell\" id=\"pgc-2476-0-0\" ><div class=\"panel-builder widget-builder widget_origin_title panel-first-child\" id=\"panel-2476-0-0-0\"><div class=\"origin-widget origin-widget-title origin-widget-title-simple-simple align-left text-lightest\"><h1  class=\"align-left\">\n\t<\/h1>\n<\/div><\/div><div class=\"panel-builder widget-builder widget_origin_title panel-last-child\" id=\"panel-2476-0-0-1\"><div class=\"origin-widget origin-widget-title origin-widget-title-simple-simple align-center text-light\"><h1  class=\"align-center\">\n\tVideo - PENTOR Finance - Les 10 questions<\/h1>\n<\/div><\/div><\/div><\/div><\/div><\/div><\/div><div class=\"panel-grid\" id=\"pg-2476-1\" > <div class=\"panel-row-style-default panel-row-style\" style=\"padding-top: 30px; \" ><div class=\"container\"><div class=\"panel-grid-cell\" id=\"pgc-2476-1-0\" ><div class=\"panel-builder widget-builder widget_origin_spacer panel-first-child\" id=\"panel-2476-1-0-0\"><div class=\"origin-widget origin-widget-spacer origin-widget-spacer-simple-blank\"><div style=\"margin-bottom:20px;\"><\/div>\n<\/div><\/div><div class=\"well well-sm panel-builder widget-builder widget_text\" id=\"panel-2476-1-0-1\">\t\t\t<div class=\"textwidget\"><div align=\"center\"><iframe src=\"https:\/\/player.vimeo.com\/video\/79515285\" frameborder=\"0\" webkitallowfullscreen mozallowfullscreen allowfullscreen><\/iframe>\n\n\n\n<\/div>\n<\/div>\n\t\t<\/div><div class=\"panel-builder widget-builder widget_origin_spacer\" id=\"panel-2476-1-0-2\"><div class=\"origin-widget origin-widget-spacer origin-widget-spacer-simple-blank\"><div style=\"margin-bottom:20px;\"><\/div>\n<\/div><\/div><div class=\"well well-sm panel-builder widget-builder widget_text\" id=\"panel-2476-1-0-3\">\t\t\t<div class=\"textwidget\"><b>PENTOR Finance, la formule simplifi\u00e9e pour l\u2019approbation d\u2019une hypoth\u00e8que alternative. La premi\u00e8re des dix questions \u00e0 se poser est : \u00ab O\u00f9 est situ\u00e9e la propri\u00e9t\u00e9 ? Suivi de : \u00ab Quel type de propri\u00e9t\u00e9 il s\u2019agit ? \u00bb On envisage ensuite le type de transactions. Avec la date pr\u00e9vue du d\u00e9bours\u00e9. Combien vaut la propri\u00e9t\u00e9 ? Et de combien le client a-t-il besoin ? Le RPV peut varier selon l\u2019emplacement de la propri\u00e9t\u00e9 et le profil de l\u2019emprunteur. Maintenant, quelle est la situation financi\u00e8re de l\u2019emprunteur ? Et quels sont les \u00e9v\u00e9nements qui l\u2019ont amen\u00e9 \u00e0 se retrouver dans cette situation ? On doit \u00e9laborer la strat\u00e9gie de sortie qui d\u00e9terminera la dur\u00e9e du pr\u00eat. Finalement, quel est le plan pour r\u00e9tablir la situation financi\u00e8re de l\u2019emprunteur ? PENTOR Finance, le financement pour atteindre vos objectifs.<\/b><\/div>\n\t\t<\/div><div class=\"panel-builder widget-builder widget_origin_spacer panel-last-child\" id=\"panel-2476-1-0-4\"><div class=\"origin-widget origin-widget-spacer origin-widget-spacer-simple-blank\"><div style=\"margin-bottom:20px;\"><\/div>\n<\/div><\/div><\/div><div class=\"panel-grid-cell\" id=\"pgc-2476-1-1\" >&nbsp;<\/div><\/div><\/div><\/div>","protected":false},"excerpt":{"rendered":"<p>Video &#8211; PENTOR Finance &#8211; Les 10 questions PENTOR Finance, la formule simplifi\u00e9e pour l\u2019approbation d\u2019une hypoth\u00e8que alternative. La premi\u00e8re des dix questions \u00e0 se poser est : \u00ab O\u00f9 est situ\u00e9e la propri\u00e9t\u00e9 ? Suivi de : \u00ab Quel type de propri\u00e9t\u00e9 il s\u2019agit ? \u00bb On envisage ensuite le type de transactions. Avec [&hellip;]<a class=\"\" title=\"Read more on Video &#8211; Les 10 questions\" href=\"https:\/\/pentorfinance.com\/fr\/ressources\/videos\/video-les-10-questions\/\"> Read more<\/a><\/p>\n","protected":false},"author":2,"featured_media":0,"parent":2441,"menu_order":0,"comment_status":"closed","ping_status":"closed","template":"dikka-page-builder.php","meta":{"footnotes":""},"class_list":["post-2476","page","type-page","status-publish","hentry"],"_links":{"self":[{"href":"https:\/\/pentorfinance.com\/fr\/wp-json\/wp\/v2\/pages\/2476","targetHints":{"allow":["GET"]}}],"collection":[{"href":"https:\/\/pentorfinance.com\/fr\/wp-json\/wp\/v2\/pages"}],"about":[{"href":"https:\/\/pentorfinance.com\/fr\/wp-json\/wp\/v2\/types\/page"}],"author":[{"embeddable":true,"href":"https:\/\/pentorfinance.com\/fr\/wp-json\/wp\/v2\/users\/2"}],"replies":[{"embeddable":true,"href":"https:\/\/pentorfinance.com\/fr\/wp-json\/wp\/v2\/comments?post=2476"}],"version-history":[{"count":1,"href":"https:\/\/pentorfinance.com\/fr\/wp-json\/wp\/v2\/pages\/2476\/revisions"}],"predecessor-version":[{"id":2477,"href":"https:\/\/pentorfinance.com\/fr\/wp-json\/wp\/v2\/pages\/2476\/revisions\/2477"}],"up":[{"embeddable":true,"href":"https:\/\/pentorfinance.com\/fr\/wp-json\/wp\/v2\/pages\/2441"}],"wp:attachment":[{"href":"https:\/\/pentorfinance.com\/fr\/wp-json\/wp\/v2\/media?parent=2476"}],"curies":[{"name":"wp","href":"https:\/\/api.w.org\/{rel}","templated":true}]}}