{"id":2470,"date":"2016-04-11T11:58:54","date_gmt":"2016-04-11T15:58:54","guid":{"rendered":"http:\/\/pentorfinance.com\/fr\/?page_id=2470"},"modified":"2016-04-11T11:58:55","modified_gmt":"2016-04-11T15:58:55","slug":"video-cas-5","status":"publish","type":"page","link":"https:\/\/pentorfinance.com\/fr\/ressources\/videos\/video-cas-5\/","title":{"rendered":"Video &#8211; Cas #5"},"content":{"rendered":"<div class=\"panel-grid\" id=\"pg-2470-0\" > <div class=\"panel-row-style-parallax-overlay panel-row-style\" style=\"background-color: #3e3b4f; background-image: url(http:\/\/pentorfinance.com\/assets\/uploads\/2016\/01\/family-slider-bg-cut.png);background-position:50% 50%; padding-top: 120px; padding-bottom: 50px; \" > <div class=\"parallax-overlay parallax-overlay-pattern\"><div class=\"container\"><div class=\"panel-grid-cell\" id=\"pgc-2470-0-0\" ><div class=\"panel-builder widget-builder widget_origin_title panel-first-child\" id=\"panel-2470-0-0-0\"><div class=\"origin-widget origin-widget-title origin-widget-title-simple-simple align-left text-lightest\"><h1  class=\"align-left\">\n\t<\/h1>\n<\/div><\/div><div class=\"panel-builder widget-builder widget_origin_title panel-last-child\" id=\"panel-2470-0-0-1\"><div class=\"origin-widget origin-widget-title origin-widget-title-simple-simple align-center text-light\"><h1  class=\"align-center\">\n\tVideo - Cas # 5 - S\u00e9paration et vente ordonn\u00e9e<\/h1>\n<\/div><\/div><\/div><\/div><\/div><\/div><\/div><div class=\"panel-grid\" id=\"pg-2470-1\" > <div class=\"panel-row-style-default panel-row-style\" style=\"padding-top: 30px; \" ><div class=\"container\"><div class=\"panel-grid-cell\" id=\"pgc-2470-1-0\" ><div class=\"panel-builder widget-builder widget_origin_spacer panel-first-child\" id=\"panel-2470-1-0-0\"><div class=\"origin-widget origin-widget-spacer origin-widget-spacer-simple-blank\"><div style=\"margin-bottom:20px;\"><\/div>\n<\/div><\/div><div class=\"well well-sm panel-builder widget-builder widget_text\" id=\"panel-2470-1-0-1\">\t\t\t<div class=\"textwidget\"><div align=\"center\"><iframe src=\"https:\/\/player.vimeo.com\/video\/127422471\" frameborder=\"0\" webkitallowfullscreen mozallowfullscreen allowfullscreen><\/iframe>\n<\/div>\n<\/div>\n\t\t<\/div><div class=\"panel-builder widget-builder widget_origin_spacer\" id=\"panel-2470-1-0-2\"><div class=\"origin-widget origin-widget-spacer origin-widget-spacer-simple-blank\"><div style=\"margin-bottom:20px;\"><\/div>\n<\/div><\/div><div class=\"well well-sm panel-builder widget-builder widget_text\" id=\"panel-2470-1-0-3\">\t\t\t<div class=\"textwidget\"><b>Aujourd\u2019hui, nous parlerons d\u2019un cas de s\u00e9paration menant \u00e0 une vente ordonn\u00e9e sur une propri\u00e9t\u00e9 unifamiliale \u00e0 Stoneham, d\u2019une valeur de 308 000 $. Suite \u00e0 une s\u00e9paration, cette cliente s\u2019est retrouv\u00e9e avec des retards sur son hypoth\u00e8que et un avis de 60 jours. Voulant racheter la part de son ex, elle avait \u00e9galement sur son bureau de cr\u00e9dit 2 R9. Nous avons rembours\u00e9 l\u2019hypoth\u00e8que de premier rang, g\u00e9n\u00e9r\u00e9 du capital pour que Madame puisse racheter la part de son ex et r\u00e9gl\u00e9 une dette chez Citi Financi\u00e8re. Au niveau de la strat\u00e9gie de graduation, nous avons opt\u00e9 pour un terme de 6 mois. Le plan de sortie s\u2019est faite avec un courtier immobilier sur une vente ordonn\u00e9e, vendant la propri\u00e9t\u00e9 et g\u00e9n\u00e9rant ainsi du capital pour la cliente. La cliente s\u2019est lou\u00e9 un logement et d\u2019ici les deux prochaines ann\u00e9es, pourra \u00e9ventuellement redevenir propri\u00e9taire lorsque son cr\u00e9dit sera refait.<\/b><\/div>\n\t\t<\/div><div class=\"panel-builder widget-builder widget_origin_spacer panel-last-child\" id=\"panel-2470-1-0-4\"><div class=\"origin-widget origin-widget-spacer origin-widget-spacer-simple-blank\"><div style=\"margin-bottom:20px;\"><\/div>\n<\/div><\/div><\/div><div class=\"panel-grid-cell\" id=\"pgc-2470-1-1\" >&nbsp;<\/div><\/div><\/div><\/div>","protected":false},"excerpt":{"rendered":"<p>Video &#8211; Cas # 5 &#8211; S\u00e9paration et vente ordonn\u00e9e Aujourd\u2019hui, nous parlerons d\u2019un cas de s\u00e9paration menant \u00e0 une vente ordonn\u00e9e sur une propri\u00e9t\u00e9 unifamiliale \u00e0 Stoneham, d\u2019une valeur de 308 000 $. Suite \u00e0 une s\u00e9paration, cette cliente s\u2019est retrouv\u00e9e avec des retards sur son hypoth\u00e8que et un avis de 60 jours. Voulant [&hellip;]<a class=\"\" title=\"Read more on Video &#8211; Cas #5\" href=\"https:\/\/pentorfinance.com\/fr\/ressources\/videos\/video-cas-5\/\"> Read more<\/a><\/p>\n","protected":false},"author":2,"featured_media":0,"parent":2441,"menu_order":0,"comment_status":"closed","ping_status":"closed","template":"dikka-page-builder.php","meta":{"footnotes":""},"class_list":["post-2470","page","type-page","status-publish","hentry"],"_links":{"self":[{"href":"https:\/\/pentorfinance.com\/fr\/wp-json\/wp\/v2\/pages\/2470","targetHints":{"allow":["GET"]}}],"collection":[{"href":"https:\/\/pentorfinance.com\/fr\/wp-json\/wp\/v2\/pages"}],"about":[{"href":"https:\/\/pentorfinance.com\/fr\/wp-json\/wp\/v2\/types\/page"}],"author":[{"embeddable":true,"href":"https:\/\/pentorfinance.com\/fr\/wp-json\/wp\/v2\/users\/2"}],"replies":[{"embeddable":true,"href":"https:\/\/pentorfinance.com\/fr\/wp-json\/wp\/v2\/comments?post=2470"}],"version-history":[{"count":1,"href":"https:\/\/pentorfinance.com\/fr\/wp-json\/wp\/v2\/pages\/2470\/revisions"}],"predecessor-version":[{"id":2471,"href":"https:\/\/pentorfinance.com\/fr\/wp-json\/wp\/v2\/pages\/2470\/revisions\/2471"}],"up":[{"embeddable":true,"href":"https:\/\/pentorfinance.com\/fr\/wp-json\/wp\/v2\/pages\/2441"}],"wp:attachment":[{"href":"https:\/\/pentorfinance.com\/fr\/wp-json\/wp\/v2\/media?parent=2470"}],"curies":[{"name":"wp","href":"https:\/\/api.w.org\/{rel}","templated":true}]}}