{"id":2464,"date":"2016-04-11T11:51:55","date_gmt":"2016-04-11T15:51:55","guid":{"rendered":"http:\/\/pentorfinance.com\/fr\/?page_id=2464"},"modified":"2016-04-11T11:51:57","modified_gmt":"2016-04-11T15:51:57","slug":"video-cas-2","status":"publish","type":"page","link":"https:\/\/pentorfinance.com\/fr\/ressources\/videos\/video-cas-2\/","title":{"rendered":"Video &#8211; Cas #2"},"content":{"rendered":"<div class=\"panel-grid\" id=\"pg-2464-0\" > <div class=\"panel-row-style-parallax-overlay panel-row-style\" style=\"background-color: #3e3b4f; background-image: url(http:\/\/pentorfinance.com\/assets\/uploads\/2016\/01\/family-slider-bg-cut.png);background-position:50% 50%; padding-top: 120px; padding-bottom: 50px; \" > <div class=\"parallax-overlay parallax-overlay-pattern\"><div class=\"container\"><div class=\"panel-grid-cell\" id=\"pgc-2464-0-0\" ><div class=\"panel-builder widget-builder widget_origin_title panel-first-child\" id=\"panel-2464-0-0-0\"><div class=\"origin-widget origin-widget-title origin-widget-title-simple-simple align-left text-lightest\"><h1  class=\"align-left\">\n\t<\/h1>\n<\/div><\/div><div class=\"panel-builder widget-builder widget_origin_title panel-last-child\" id=\"panel-2464-0-0-1\"><div class=\"origin-widget origin-widget-title origin-widget-title-simple-simple align-center text-light\"><h1  class=\"align-center\">\n\tVideo - Cas # 2 - Travailleur autonome avec solde d\u00fb \u00e0 l\u2019imp\u00f4t<\/h1>\n<\/div><\/div><\/div><\/div><\/div><\/div><\/div><div class=\"panel-grid\" id=\"pg-2464-1\" > <div class=\"panel-row-style-default panel-row-style\" style=\"padding-top: 30px; \" ><div class=\"container\"><div class=\"panel-grid-cell\" id=\"pgc-2464-1-0\" ><div class=\"panel-builder widget-builder widget_origin_spacer panel-first-child\" id=\"panel-2464-1-0-0\"><div class=\"origin-widget origin-widget-spacer origin-widget-spacer-simple-blank\"><div style=\"margin-bottom:20px;\"><\/div>\n<\/div><\/div><div class=\"well well-sm panel-builder widget-builder widget_text\" id=\"panel-2464-1-0-1\">\t\t\t<div class=\"textwidget\"><div align=\"center\"><iframe src=\"https:\/\/player.vimeo.com\/video\/125401490\" frameborder=\"0\" webkitallowfullscreen mozallowfullscreen allowfullscreen><\/iframe>\n<\/div>\n<\/div>\n\t\t<\/div><div class=\"panel-builder widget-builder widget_origin_spacer\" id=\"panel-2464-1-0-2\"><div class=\"origin-widget origin-widget-spacer origin-widget-spacer-simple-blank\"><div style=\"margin-bottom:20px;\"><\/div>\n<\/div><\/div><div class=\"well well-sm panel-builder widget-builder widget_text\" id=\"panel-2464-1-0-3\">\t\t\t<div class=\"textwidget\"><b>Aujourd\u2019hui, nous allons parler d\u2019un travailleur autonome avec un solde d\u00fb \u00e0 l\u2019imp\u00f4t sur une propri\u00e9t\u00e9 unifamiliale \u00e0 Sherbrooke d\u2019une valeur de 165 000 $. Au niveau de la situation, on a un travailleur autonome avec des revenus d\u00e9clar\u00e9s de 12 000 $ et un solde d\u00fb \u00e0 l\u2019imp\u00f4t de 12 000$. Travailleur autonome, solde d\u00fb \u00e0 l\u2019imp\u00f4t, aucune possibilit\u00e9 de financement dans une banque traditionnelle, un Beacon score de 660, du cr\u00e9dit rotatif \u00e9lev\u00e9, le but \u00e9tant de refinancer afin de payer l\u2019imp\u00f4t. Nous avons donc r\u00e9gl\u00e9 l\u2019hypoth\u00e8que actuelle, les soldes dus \u00e0 l\u2019imp\u00f4t et consolid\u00e9 les dettes afin d\u2019aider ce client. La strat\u00e9gie de graduation s\u2019est faite sur un terme de 12 mois, avec un plan de sortie tr\u00e8s simple : pr\u00eateur alternatif, une fois l\u2019imp\u00f4t mis \u00e0 jour et les dettes rembours\u00e9es. <\/b><\/div>\n\t\t<\/div><div class=\"panel-builder widget-builder widget_origin_spacer panel-last-child\" id=\"panel-2464-1-0-4\"><div class=\"origin-widget origin-widget-spacer origin-widget-spacer-simple-blank\"><div style=\"margin-bottom:20px;\"><\/div>\n<\/div><\/div><\/div><div class=\"panel-grid-cell\" id=\"pgc-2464-1-1\" >&nbsp;<\/div><\/div><\/div><\/div>","protected":false},"excerpt":{"rendered":"<p>Video &#8211; Cas # 2 &#8211; Travailleur autonome avec solde d\u00fb \u00e0 l\u2019imp\u00f4t Aujourd\u2019hui, nous allons parler d\u2019un travailleur autonome avec un solde d\u00fb \u00e0 l\u2019imp\u00f4t sur une propri\u00e9t\u00e9 unifamiliale \u00e0 Sherbrooke d\u2019une valeur de 165 000 $. Au niveau de la situation, on a un travailleur autonome avec des revenus d\u00e9clar\u00e9s de 12 000 [&hellip;]<a class=\"\" title=\"Read more on Video &#8211; Cas #2\" href=\"https:\/\/pentorfinance.com\/fr\/ressources\/videos\/video-cas-2\/\"> Read more<\/a><\/p>\n","protected":false},"author":2,"featured_media":0,"parent":2441,"menu_order":0,"comment_status":"closed","ping_status":"closed","template":"dikka-page-builder.php","meta":{"footnotes":""},"class_list":["post-2464","page","type-page","status-publish","hentry"],"_links":{"self":[{"href":"https:\/\/pentorfinance.com\/fr\/wp-json\/wp\/v2\/pages\/2464","targetHints":{"allow":["GET"]}}],"collection":[{"href":"https:\/\/pentorfinance.com\/fr\/wp-json\/wp\/v2\/pages"}],"about":[{"href":"https:\/\/pentorfinance.com\/fr\/wp-json\/wp\/v2\/types\/page"}],"author":[{"embeddable":true,"href":"https:\/\/pentorfinance.com\/fr\/wp-json\/wp\/v2\/users\/2"}],"replies":[{"embeddable":true,"href":"https:\/\/pentorfinance.com\/fr\/wp-json\/wp\/v2\/comments?post=2464"}],"version-history":[{"count":1,"href":"https:\/\/pentorfinance.com\/fr\/wp-json\/wp\/v2\/pages\/2464\/revisions"}],"predecessor-version":[{"id":2465,"href":"https:\/\/pentorfinance.com\/fr\/wp-json\/wp\/v2\/pages\/2464\/revisions\/2465"}],"up":[{"embeddable":true,"href":"https:\/\/pentorfinance.com\/fr\/wp-json\/wp\/v2\/pages\/2441"}],"wp:attachment":[{"href":"https:\/\/pentorfinance.com\/fr\/wp-json\/wp\/v2\/media?parent=2464"}],"curies":[{"name":"wp","href":"https:\/\/api.w.org\/{rel}","templated":true}]}}