{"id":2460,"date":"2016-04-11T11:33:02","date_gmt":"2016-04-11T15:33:02","guid":{"rendered":"http:\/\/pentorfinance.com\/fr\/?page_id=2460"},"modified":"2016-04-11T11:48:29","modified_gmt":"2016-04-11T15:48:29","slug":"video-cas-1","status":"publish","type":"page","link":"https:\/\/pentorfinance.com\/fr\/ressources\/videos\/video-cas-1\/","title":{"rendered":"Video &#8211; Cas #1"},"content":{"rendered":"<div class=\"panel-grid\" id=\"pg-2460-0\" > <div class=\"panel-row-style-parallax-overlay panel-row-style\" style=\"background-color: #3e3b4f; background-image: url(http:\/\/pentorfinance.com\/assets\/uploads\/2016\/01\/family-slider-bg-cut.png);background-position:50% 50%; padding-top: 120px; padding-bottom: 50px; \" > <div class=\"parallax-overlay parallax-overlay-pattern\"><div class=\"container\"><div class=\"panel-grid-cell\" id=\"pgc-2460-0-0\" ><div class=\"panel-builder widget-builder widget_origin_title panel-first-child\" id=\"panel-2460-0-0-0\"><div class=\"origin-widget origin-widget-title origin-widget-title-simple-simple align-left text-lightest\"><h1  class=\"align-left\">\n\t<\/h1>\n<\/div><\/div><div class=\"panel-builder widget-builder widget_origin_title panel-last-child\" id=\"panel-2460-0-0-1\"><div class=\"origin-widget origin-widget-title origin-widget-title-simple-simple align-center text-light\"><h1  class=\"align-center\">\n\tVideo - Cas #1 - Perte d'emploi<\/h1>\n<\/div><\/div><\/div><\/div><\/div><\/div><\/div><div class=\"panel-grid\" id=\"pg-2460-1\" > <div class=\"panel-row-style-default panel-row-style\" style=\"padding-top: 30px; \" ><div class=\"container\"><div class=\"panel-grid-cell\" id=\"pgc-2460-1-0\" ><div class=\"panel-builder widget-builder widget_origin_spacer panel-first-child\" id=\"panel-2460-1-0-0\"><div class=\"origin-widget origin-widget-spacer origin-widget-spacer-simple-blank\"><div style=\"margin-bottom:20px;\"><\/div>\n<\/div><\/div><div class=\"well well-sm panel-builder widget-builder widget_text\" id=\"panel-2460-1-0-1\">\t\t\t<div class=\"textwidget\"><div align=\"center\"><iframe src=\"https:\/\/player.vimeo.com\/video\/124764905\" frameborder=\"0\" webkitallowfullscreen mozallowfullscreen allowfullscreen><\/iframe><\/div>\n<\/div>\n\t\t<\/div><div class=\"panel-builder widget-builder widget_origin_spacer\" id=\"panel-2460-1-0-2\"><div class=\"origin-widget origin-widget-spacer origin-widget-spacer-simple-blank\"><div style=\"margin-bottom:20px;\"><\/div>\n<\/div><\/div><div class=\"well well-sm panel-builder widget-builder widget_text\" id=\"panel-2460-1-0-3\">\t\t\t<div class=\"textwidget\"><b>Aujourd\u2019hui, nous reparlerons d\u2019un cas de perte d\u2019emploi, avec un refinancement d\u2019un condo \u00e0 Montr\u00e9al d\u2019une valeur de 554 000 $. Au niveau de la situation, cette cliente a r\u00e9cemment perdu son emploi. Alors, au niveau des revenus, c\u2019est z\u00e9ro. Le Beacon score \u00e9tait de 681 et le but de la transaction \u00e9tait de refinancer, afin de consolider les dettes et d\u2019offrir un coussin financier le temps de se retrouver un emploi. Nous avions \u00e0 rembourser l\u2019hypoth\u00e8que de premier rang et sa p\u00e9nalit\u00e9, consolider des dettes et nous \u00e9galement opt\u00e9 pour la capitalisation des paiements durant le temps de l\u2019hypoth\u00e8que chez nous, afin d\u2019offrir \u00e0 la cliente une pause au niveau du repaiement de l\u2019hypoth\u00e8que et de se concentrer sur sa recherche d\u2019emploi. Au niveau de la strat\u00e9gie de graduation, nous avons opt\u00e9 pour un terme de 9 mois, afin de retourner la cliente vers une institution traditionnelle \u00e0 l\u2019\u00e9ch\u00e9ance. La cliente pr\u00e9voyant se trouver un emploi dans les 3 \u00e0 6 prochains mois, cela mettra fin \u00e0 la crise financi\u00e8re. <\/b><\/div>\n\t\t<\/div><div class=\"panel-builder widget-builder widget_origin_spacer panel-last-child\" id=\"panel-2460-1-0-4\"><div class=\"origin-widget origin-widget-spacer origin-widget-spacer-simple-blank\"><div style=\"margin-bottom:20px;\"><\/div>\n<\/div><\/div><\/div><div class=\"panel-grid-cell\" id=\"pgc-2460-1-1\" >&nbsp;<\/div><\/div><\/div><\/div>","protected":false},"excerpt":{"rendered":"<p>Video &#8211; Cas #1 &#8211; Perte d&#8217;emploi Aujourd\u2019hui, nous reparlerons d\u2019un cas de perte d\u2019emploi, avec un refinancement d\u2019un condo \u00e0 Montr\u00e9al d\u2019une valeur de 554 000 $. Au niveau de la situation, cette cliente a r\u00e9cemment perdu son emploi. Alors, au niveau des revenus, c\u2019est z\u00e9ro. Le Beacon score \u00e9tait de 681 et le [&hellip;]<a class=\"\" title=\"Read more on Video &#8211; Cas #1\" href=\"https:\/\/pentorfinance.com\/fr\/ressources\/videos\/video-cas-1\/\"> Read more<\/a><\/p>\n","protected":false},"author":2,"featured_media":0,"parent":2441,"menu_order":0,"comment_status":"closed","ping_status":"closed","template":"dikka-page-builder.php","meta":{"footnotes":""},"class_list":["post-2460","page","type-page","status-publish","hentry"],"_links":{"self":[{"href":"https:\/\/pentorfinance.com\/fr\/wp-json\/wp\/v2\/pages\/2460","targetHints":{"allow":["GET"]}}],"collection":[{"href":"https:\/\/pentorfinance.com\/fr\/wp-json\/wp\/v2\/pages"}],"about":[{"href":"https:\/\/pentorfinance.com\/fr\/wp-json\/wp\/v2\/types\/page"}],"author":[{"embeddable":true,"href":"https:\/\/pentorfinance.com\/fr\/wp-json\/wp\/v2\/users\/2"}],"replies":[{"embeddable":true,"href":"https:\/\/pentorfinance.com\/fr\/wp-json\/wp\/v2\/comments?post=2460"}],"version-history":[{"count":3,"href":"https:\/\/pentorfinance.com\/fr\/wp-json\/wp\/v2\/pages\/2460\/revisions"}],"predecessor-version":[{"id":2463,"href":"https:\/\/pentorfinance.com\/fr\/wp-json\/wp\/v2\/pages\/2460\/revisions\/2463"}],"up":[{"embeddable":true,"href":"https:\/\/pentorfinance.com\/fr\/wp-json\/wp\/v2\/pages\/2441"}],"wp:attachment":[{"href":"https:\/\/pentorfinance.com\/fr\/wp-json\/wp\/v2\/media?parent=2460"}],"curies":[{"name":"wp","href":"https:\/\/api.w.org\/{rel}","templated":true}]}}