{"id":2441,"date":"2016-01-14T15:55:44","date_gmt":"2016-01-14T20:55:44","guid":{"rendered":"http:\/\/www.pentorfinance.com\/fr\/?page_id=2441"},"modified":"2017-01-19T10:41:52","modified_gmt":"2017-01-19T15:41:52","slug":"videos","status":"publish","type":"page","link":"https:\/\/pentorfinance.com\/fr\/ressources\/videos\/","title":{"rendered":"Videos"},"content":{"rendered":"<div class=\"panel-grid\" id=\"pg-2441-0\" > <div class=\"panel-row-style-parallax-overlay panel-row-style\" style=\"background-color: #3e3b4f; background-image: url(http:\/\/pentorfinance.com\/assets\/uploads\/2016\/01\/family-slider-bg-cut.png);background-position:50% 50%; padding-top: 120px; padding-bottom: 50px; \" > <div class=\"parallax-overlay parallax-overlay-pattern\"><div class=\"container\"><div class=\"panel-grid-cell\" id=\"pgc-2441-0-0\" ><div class=\"panel-builder widget-builder widget_origin_title panel-first-child\" id=\"panel-2441-0-0-0\"><div class=\"origin-widget origin-widget-title origin-widget-title-simple-simple align-left text-lightest\"><h1  class=\"align-left\">\n\t<\/h1>\n<\/div><\/div><div class=\"panel-builder widget-builder widget_origin_title\" id=\"panel-2441-0-0-1\"><div class=\"origin-widget origin-widget-title origin-widget-title-simple-simple align-center text-light\"><h1  class=\"align-center\">\n\tVid\u00e9os<\/h1>\n<\/div><\/div><div class=\"panel-builder widget-builder widget_origin_spacer panel-last-child\" id=\"panel-2441-0-0-2\"><div class=\"origin-widget origin-widget-spacer origin-widget-spacer-simple-blank\"><div style=\"margin-bottom:20px;\"><\/div>\n<\/div><\/div><\/div><\/div><\/div><\/div><\/div><div class=\"panel-grid\" id=\"pg-2441-1\" > <div class=\"panel-row-style-default panel-row-style\" ><div class=\"container\"><div class=\"panel-grid-cell\" id=\"pgc-2441-1-0\" ><div class=\"panel-builder widget-builder widget_origin_spacer panel-first-child panel-last-child\" id=\"panel-2441-1-0-0\"><div class=\"origin-widget origin-widget-spacer origin-widget-spacer-simple-blank\"><div style=\"margin-bottom:20px;\"><\/div>\n<\/div><\/div><\/div><\/div><\/div><\/div><div class=\"panel-grid\" id=\"pg-2441-2\" > <div class=\"panel-row-style-default panel-row-style\" ><div class=\"container\"><div class=\"panel-grid-cell\" id=\"pgc-2441-2-0\" ><div class=\"panel-builder widget-builder widget_origin_title panel-first-child\" id=\"panel-2441-2-0-0\"><div class=\"origin-widget origin-widget-title origin-widget-title-simple-simple align-center text-noraml\"><h4  class=\"align-center\">\n\tPENTOR Finance - Les 10 Questions<\/h4>\n<\/div><\/div><div class=\"panel-builder widget-builder widget_origin_spacer\" id=\"panel-2441-2-0-1\"><div class=\"origin-widget origin-widget-spacer origin-widget-spacer-simple-blank\"><div style=\"margin-bottom:20px;\"><\/div>\n<\/div><\/div><div class=\"well well-sm panel-builder widget-builder widget_sow-images\" id=\"panel-2441-2-0-2\"><div class=\"so-widget-sow-images so-widget-sow-images-base\"><div class=\"image_wrapper align-center\">\n<a href=\"http:\/\/pentorfinance.com\/fr\/ressources\/videos\/video-les-10-questions\/\"><img decoding=\"async\" src=\"https:\/\/pentorfinance.com\/assets\/uploads\/2015\/08\/10_questions-e1440553979330.png\" class=\"\" alt=\"none\">\n\t\t\t\t\t\t\t\t\t\t\n\t\t\t\t\t\t\t\t\t\t    <\/a>\t\n\t\t\t\t\t\t\t\t\t\t\t<\/div>\n\n<\/div><\/div><div class=\"panel-builder widget-builder widget_origin_spacer panel-last-child\" id=\"panel-2441-2-0-3\"><div class=\"origin-widget origin-widget-spacer origin-widget-spacer-simple-blank\"><div style=\"margin-bottom:20px;\"><\/div>\n<\/div><\/div><\/div><div class=\"panel-grid-cell\" id=\"pgc-2441-2-1\" ><div class=\"panel-builder widget-builder widget_origin_title panel-first-child\" id=\"panel-2441-2-1-0\"><div class=\"origin-widget origin-widget-title origin-widget-title-simple-simple align-center text-noraml\"><h4  class=\"align-center\">\n\tQui est PENTOR Finance?<\/h4>\n<\/div><\/div><div class=\"panel-builder widget-builder widget_origin_spacer\" id=\"panel-2441-2-1-1\"><div class=\"origin-widget origin-widget-spacer origin-widget-spacer-simple-blank\"><div style=\"margin-bottom:20px;\"><\/div>\n<\/div><\/div><div class=\"well well-sm panel-builder widget-builder widget_sow-images\" id=\"panel-2441-2-1-2\"><div class=\"so-widget-sow-images so-widget-sow-images-base\"><div class=\"image_wrapper align-center\">\n<a href=\"http:\/\/pentorfinance.com\/fr\/ressources\/videos\/video-qui-est-pentor-finance\/\"><img decoding=\"async\" src=\"https:\/\/pentorfinance.com\/assets\/uploads\/2015\/08\/qui_est_PENTOR.jpg\" class=\"\" alt=\"none\">\n\t\t\t\t\t\t\t\t\t\t\n\t\t\t\t\t\t\t\t\t\t    <\/a>\t\n\t\t\t\t\t\t\t\t\t\t\t<\/div>\n\n<\/div><\/div><div class=\"panel-builder widget-builder widget_origin_spacer panel-last-child\" id=\"panel-2441-2-1-3\"><div class=\"origin-widget origin-widget-spacer origin-widget-spacer-simple-blank\"><div style=\"margin-bottom:20px;\"><\/div>\n<\/div><\/div><\/div><div class=\"panel-grid-cell\" id=\"pgc-2441-2-2\" ><div class=\"panel-builder widget-builder widget_origin_title panel-first-child\" id=\"panel-2441-2-2-0\"><div class=\"origin-widget origin-widget-title origin-widget-title-simple-simple align-center text-noraml\"><h4  class=\"align-center\">\n\tCas #1: Perte d'emploi<\/h4>\n<\/div><\/div><div class=\"panel-builder widget-builder widget_origin_spacer\" id=\"panel-2441-2-2-1\"><div class=\"origin-widget origin-widget-spacer origin-widget-spacer-simple-blank\"><div style=\"margin-bottom:20px;\"><\/div>\n<\/div><\/div><div class=\"well well-sm panel-builder widget-builder widget_sow-images\" id=\"panel-2441-2-2-2\"><div class=\"so-widget-sow-images so-widget-sow-images-base\"><div class=\"image_wrapper align-center\">\n<a href=\"http:\/\/pentorfinance.com\/fr\/ressources\/videos\/video-cas-1\/\"><img decoding=\"async\" src=\"https:\/\/pentorfinance.com\/assets\/uploads\/2015\/08\/cas_1.jpg\" class=\"\" alt=\"none\">\n\t\t\t\t\t\t\t\t\t\t\n\t\t\t\t\t\t\t\t\t\t    <\/a>\t\n\t\t\t\t\t\t\t\t\t\t\t<\/div>\n\n<\/div><\/div><div class=\"panel-builder widget-builder widget_origin_spacer panel-last-child\" id=\"panel-2441-2-2-3\"><div class=\"origin-widget origin-widget-spacer origin-widget-spacer-simple-blank\"><div style=\"margin-bottom:20px;\"><\/div>\n<\/div><\/div><\/div><\/div><\/div><\/div><div class=\"panel-grid\" id=\"pg-2441-3\" > <div class=\"panel-row-style-default panel-row-style\" ><div class=\"container\"><div class=\"panel-grid-cell\" id=\"pgc-2441-3-0\" ><div class=\"panel-builder widget-builder widget_origin_title panel-first-child\" id=\"panel-2441-3-0-0\"><div class=\"origin-widget origin-widget-title origin-widget-title-simple-simple align-center text-noraml\"><h4  class=\"align-center\">\n\tCas #2: Travailleur autonome avec solde d\u00fb \u00e0 l'imp\u00f4t<\/h4>\n<\/div><\/div><div class=\"panel-builder widget-builder widget_origin_spacer\" id=\"panel-2441-3-0-1\"><div class=\"origin-widget origin-widget-spacer origin-widget-spacer-simple-blank\"><div style=\"margin-bottom:20px;\"><\/div>\n<\/div><\/div><div class=\"well well-sm panel-builder widget-builder widget_sow-images\" id=\"panel-2441-3-0-2\"><div class=\"so-widget-sow-images so-widget-sow-images-base\"><div class=\"image_wrapper align-center\">\n<a href=\"http:\/\/pentorfinance.com\/fr\/ressources\/videos\/video-cas-2\/\"><img decoding=\"async\" src=\"https:\/\/pentorfinance.com\/assets\/uploads\/2015\/08\/cas_2.jpg\" class=\"\" alt=\"none\">\n\t\t\t\t\t\t\t\t\t\t\n\t\t\t\t\t\t\t\t\t\t    <\/a>\t\n\t\t\t\t\t\t\t\t\t\t\t<\/div>\n\n<\/div><\/div><div class=\"panel-builder widget-builder widget_origin_spacer panel-last-child\" id=\"panel-2441-3-0-3\"><div class=\"origin-widget origin-widget-spacer origin-widget-spacer-simple-blank\"><div style=\"margin-bottom:20px;\"><\/div>\n<\/div><\/div><\/div><div class=\"panel-grid-cell\" id=\"pgc-2441-3-1\" ><div class=\"panel-builder widget-builder widget_origin_title panel-first-child\" id=\"panel-2441-3-1-0\"><div class=\"origin-widget origin-widget-title origin-widget-title-simple-simple align-center text-noraml\"><h4  class=\"align-center\">\n\tCas #3: Proposition consommateur<\/h4>\n<\/div><\/div><div class=\"panel-builder widget-builder widget_origin_spacer\" id=\"panel-2441-3-1-1\"><div class=\"origin-widget origin-widget-spacer origin-widget-spacer-simple-blank\"><div style=\"margin-bottom:52px;\"><\/div>\n<\/div><\/div><div class=\"well well-sm panel-builder widget-builder widget_sow-images\" id=\"panel-2441-3-1-2\"><div class=\"so-widget-sow-images so-widget-sow-images-base\"><div class=\"image_wrapper align-center\">\n<a href=\"http:\/\/pentorfinance.com\/fr\/ressources\/videos\/video-cas-3\/\"><img decoding=\"async\" src=\"https:\/\/pentorfinance.com\/assets\/uploads\/2015\/08\/cas_3.jpg\" class=\"\" alt=\"none\">\n\t\t\t\t\t\t\t\t\t\t\n\t\t\t\t\t\t\t\t\t\t    <\/a>\t\n\t\t\t\t\t\t\t\t\t\t\t<\/div>\n\n<\/div><\/div><div class=\"panel-builder widget-builder widget_origin_spacer panel-last-child\" id=\"panel-2441-3-1-3\"><div class=\"origin-widget origin-widget-spacer origin-widget-spacer-simple-blank\"><div style=\"margin-bottom:20px;\"><\/div>\n<\/div><\/div><\/div><div class=\"panel-grid-cell\" id=\"pgc-2441-3-2\" ><div class=\"panel-builder widget-builder widget_origin_title panel-first-child\" id=\"panel-2441-3-2-0\"><div class=\"origin-widget origin-widget-title origin-widget-title-simple-simple align-center text-noraml\"><h4  class=\"align-center\">\n\tCas #4: Deuil familial<\/h4>\n<\/div><\/div><div class=\"panel-builder widget-builder widget_origin_spacer\" id=\"panel-2441-3-2-1\"><div class=\"origin-widget origin-widget-spacer origin-widget-spacer-simple-blank\"><div style=\"margin-bottom:52px;\"><\/div>\n<\/div><\/div><div class=\"well well-sm panel-builder widget-builder widget_sow-images\" id=\"panel-2441-3-2-2\"><div class=\"so-widget-sow-images so-widget-sow-images-base\"><div class=\"image_wrapper align-center\">\n<a href=\"http:\/\/pentorfinance.com\/fr\/ressources\/videos\/video-cas-4\/\"><img decoding=\"async\" src=\"https:\/\/pentorfinance.com\/assets\/uploads\/2015\/08\/cas_4.jpg\" class=\"\" alt=\"none\">\n\t\t\t\t\t\t\t\t\t\t\n\t\t\t\t\t\t\t\t\t\t    <\/a>\t\n\t\t\t\t\t\t\t\t\t\t\t<\/div>\n\n<\/div><\/div><div class=\"panel-builder widget-builder widget_origin_spacer panel-last-child\" id=\"panel-2441-3-2-3\"><div class=\"origin-widget origin-widget-spacer origin-widget-spacer-simple-blank\"><div style=\"margin-bottom:20px;\"><\/div>\n<\/div><\/div><\/div><\/div><\/div><\/div><div class=\"panel-grid\" id=\"pg-2441-4\" > <div class=\"panel-row-style-default panel-row-style\" ><div class=\"container\"><div class=\"panel-grid-cell\" id=\"pgc-2441-4-0\" ><div class=\"panel-builder widget-builder widget_origin_title panel-first-child\" id=\"panel-2441-4-0-0\"><div class=\"origin-widget origin-widget-title origin-widget-title-simple-simple align-center text-noraml\"><h4  class=\"align-center\">\n\tCas #5 : S\u00e9paration et vente ordonn\u00e9e<\/h4>\n<\/div><\/div><div class=\"panel-builder widget-builder widget_origin_spacer\" id=\"panel-2441-4-0-1\"><div class=\"origin-widget origin-widget-spacer origin-widget-spacer-simple-blank\"><div style=\"margin-bottom:20px;\"><\/div>\n<\/div><\/div><div class=\"well well-sm panel-builder widget-builder widget_sow-images\" id=\"panel-2441-4-0-2\"><div class=\"so-widget-sow-images so-widget-sow-images-base\"><div class=\"image_wrapper align-center\">\n<a href=\"http:\/\/pentorfinance.com\/fr\/ressources\/videos\/video-cas-5\/\"><img decoding=\"async\" src=\"https:\/\/pentorfinance.com\/assets\/uploads\/2015\/08\/cas_5.jpg\" class=\"\" alt=\"none\">\n\t\t\t\t\t\t\t\t\t\t\n\t\t\t\t\t\t\t\t\t\t    <\/a>\t\n\t\t\t\t\t\t\t\t\t\t\t<\/div>\n\n<\/div><\/div><div class=\"panel-builder widget-builder widget_origin_spacer panel-last-child\" id=\"panel-2441-4-0-3\"><div class=\"origin-widget origin-widget-spacer origin-widget-spacer-simple-blank\"><div style=\"margin-bottom:20px;\"><\/div>\n<\/div><\/div><\/div><div class=\"panel-grid-cell\" id=\"pgc-2441-4-1\" ><div class=\"panel-builder widget-builder widget_origin_title panel-first-child\" id=\"panel-2441-4-1-0\"><div class=\"origin-widget origin-widget-title origin-widget-title-simple-simple align-center text-noraml\"><h4  class=\"align-center\">\n\tCas #6: R\u00e9novations en cours<\/h4>\n<\/div><\/div><div class=\"panel-builder widget-builder widget_origin_spacer\" id=\"panel-2441-4-1-1\"><div class=\"origin-widget origin-widget-spacer origin-widget-spacer-simple-blank\"><div style=\"margin-bottom:20px;\"><\/div>\n<\/div><\/div><div class=\"well well-sm panel-builder widget-builder widget_sow-images\" id=\"panel-2441-4-1-2\"><div class=\"so-widget-sow-images so-widget-sow-images-base\"><div class=\"image_wrapper align-center\">\n<a href=\"http:\/\/pentorfinance.com\/fr\/ressources\/videos\/video-cas-6\/\"><img decoding=\"async\" src=\"https:\/\/pentorfinance.com\/assets\/uploads\/2015\/08\/cas_6.jpg\" class=\"\" alt=\"none\">\n\t\t\t\t\t\t\t\t\t\t\n\t\t\t\t\t\t\t\t\t\t    <\/a>\t\n\t\t\t\t\t\t\t\t\t\t\t<\/div>\n\n<\/div><\/div><div class=\"panel-builder widget-builder widget_origin_spacer panel-last-child\" id=\"panel-2441-4-1-3\"><div class=\"origin-widget origin-widget-spacer origin-widget-spacer-simple-blank\"><div style=\"margin-bottom:20px;\"><\/div>\n<\/div><\/div><\/div><div class=\"panel-grid-cell\" id=\"pgc-2441-4-2\" ><div class=\"panel-builder widget-builder widget_origin_title panel-first-child\" id=\"panel-2441-4-2-0\"><div class=\"origin-widget origin-widget-title origin-widget-title-simple-simple align-center text-noraml\"><h4  class=\"align-center\">\n\t Cas #7 : Investisseur immobilier<\/h4>\n<\/div><\/div><div class=\"panel-builder widget-builder widget_origin_spacer\" id=\"panel-2441-4-2-1\"><div class=\"origin-widget origin-widget-spacer origin-widget-spacer-simple-blank\"><div style=\"margin-bottom:20px;\"><\/div>\n<\/div><\/div><div class=\"well well-sm panel-builder widget-builder widget_sow-images\" id=\"panel-2441-4-2-2\"><div class=\"so-widget-sow-images so-widget-sow-images-base\"><div class=\"image_wrapper align-center\">\n<a href=\"http:\/\/pentorfinance.com\/fr\/ressources\/videos\/video-cas-7\/\"><img decoding=\"async\" src=\"https:\/\/pentorfinance.com\/assets\/uploads\/2015\/08\/cas_7.jpg\" class=\"\" alt=\"none\">\n\t\t\t\t\t\t\t\t\t\t\n\t\t\t\t\t\t\t\t\t\t    <\/a>\t\n\t\t\t\t\t\t\t\t\t\t\t<\/div>\n\n<\/div><\/div><div class=\"panel-builder widget-builder widget_origin_spacer panel-last-child\" id=\"panel-2441-4-2-3\"><div class=\"origin-widget origin-widget-spacer origin-widget-spacer-simple-blank\"><div style=\"margin-bottom:20px;\"><\/div>\n<\/div><\/div><\/div><\/div><\/div><\/div><div class=\"panel-grid\" id=\"pg-2441-5\" > <div class=\"panel-row-style-default panel-row-style\" ><div class=\"container\"><div class=\"panel-grid-cell\" id=\"pgc-2441-5-0\" ><div class=\"panel-builder widget-builder widget_origin_title panel-first-child\" id=\"panel-2441-5-0-0\"><div class=\"origin-widget origin-widget-title origin-widget-title-simple-simple align-center text-noraml\"><h4  class=\"align-center\">\n\tChers clients - Comment r\u00e9soudre un avis de 60 jours<\/h4>\n<\/div><\/div><div class=\"panel-builder widget-builder widget_origin_spacer\" id=\"panel-2441-5-0-1\"><div class=\"origin-widget origin-widget-spacer origin-widget-spacer-simple-blank\"><div style=\"margin-bottom:20px;\"><\/div>\n<\/div><\/div><div class=\"well well-sm panel-builder widget-builder widget_sow-images\" id=\"panel-2441-5-0-2\"><div class=\"so-widget-sow-images so-widget-sow-images-base\"><div class=\"image_wrapper align-center\">\n<a href=\"https:\/\/vimeo.com\/200186584\"><img decoding=\"async\" src=\"https:\/\/pentorfinance.com\/assets\/uploads\/2016\/01\/Chers-Clients-e1484839856130.jpg\" class=\"\" alt=\"none\">\n\t\t\t\t\t\t\t\t\t\t\n\t\t\t\t\t\t\t\t\t\t    <\/a>\t\n\t\t\t\t\t\t\t\t\t\t\t<\/div>\n\n<\/div><\/div><div class=\"panel-builder widget-builder widget_origin_spacer panel-last-child\" id=\"panel-2441-5-0-3\"><div class=\"origin-widget origin-widget-spacer origin-widget-spacer-simple-blank\"><div style=\"margin-bottom:20px;\"><\/div>\n<\/div><\/div><\/div><div class=\"panel-grid-cell\" id=\"pgc-2441-5-1\" ><div class=\"panel-builder widget-builder widget_origin_title panel-first-child\" id=\"panel-2441-5-1-0\"><div class=\"origin-widget origin-widget-title origin-widget-title-simple-simple align-center text-noraml\"><h4  class=\"align-center\">\n\tChers courtiers - Comment r\u00e9soudre un avis de 60 jours<\/h4>\n<\/div><\/div><div class=\"panel-builder widget-builder widget_origin_spacer\" id=\"panel-2441-5-1-1\"><div class=\"origin-widget origin-widget-spacer origin-widget-spacer-simple-blank\"><div style=\"margin-bottom:20px;\"><\/div>\n<\/div><\/div><div class=\"well well-sm panel-builder widget-builder widget_sow-images\" id=\"panel-2441-5-1-2\"><div class=\"so-widget-sow-images so-widget-sow-images-base\"><div class=\"image_wrapper align-center\">\n<a href=\"https:\/\/vimeo.com\/200186492\"><img decoding=\"async\" src=\"https:\/\/pentorfinance.com\/assets\/uploads\/2016\/01\/Chers-courtiers-e1484840267475.jpg\" class=\"\" alt=\"none\">\n\t\t\t\t\t\t\t\t\t\t\n\t\t\t\t\t\t\t\t\t\t    <\/a>\t\n\t\t\t\t\t\t\t\t\t\t\t<\/div>\n\n<\/div><\/div><div class=\"panel-builder widget-builder widget_origin_spacer panel-last-child\" id=\"panel-2441-5-1-3\"><div class=\"origin-widget origin-widget-spacer origin-widget-spacer-simple-blank\"><div style=\"margin-bottom:20px;\"><\/div>\n<\/div><\/div><\/div><\/div><\/div><\/div>","protected":false},"excerpt":{"rendered":"<p>Vid\u00e9os PENTOR Finance &#8211; Les 10 Questions Qui est PENTOR Finance? Cas #1: Perte d&#8217;emploi Cas #2: Travailleur autonome avec solde d\u00fb \u00e0 l&rsquo;imp\u00f4t Cas #3: Proposition consommateur Cas #4: Deuil familial Cas #5 : S\u00e9paration et vente ordonn\u00e9e Cas #6: R\u00e9novations en cours Cas #7 : Investisseur immobilier Chers clients &#8211; Comment r\u00e9soudre un [&hellip;]<a class=\"\" title=\"Read more on Videos\" href=\"https:\/\/pentorfinance.com\/fr\/ressources\/videos\/\"> Read more<\/a><\/p>\n","protected":false},"author":2,"featured_media":0,"parent":1944,"menu_order":2,"comment_status":"closed","ping_status":"closed","template":"dikka-page-builder.php","meta":{"footnotes":""},"class_list":["post-2441","page","type-page","status-publish","hentry"],"_links":{"self":[{"href":"https:\/\/pentorfinance.com\/fr\/wp-json\/wp\/v2\/pages\/2441","targetHints":{"allow":["GET"]}}],"collection":[{"href":"https:\/\/pentorfinance.com\/fr\/wp-json\/wp\/v2\/pages"}],"about":[{"href":"https:\/\/pentorfinance.com\/fr\/wp-json\/wp\/v2\/types\/page"}],"author":[{"embeddable":true,"href":"https:\/\/pentorfinance.com\/fr\/wp-json\/wp\/v2\/users\/2"}],"replies":[{"embeddable":true,"href":"https:\/\/pentorfinance.com\/fr\/wp-json\/wp\/v2\/comments?post=2441"}],"version-history":[{"count":3,"href":"https:\/\/pentorfinance.com\/fr\/wp-json\/wp\/v2\/pages\/2441\/revisions"}],"predecessor-version":[{"id":2542,"href":"https:\/\/pentorfinance.com\/fr\/wp-json\/wp\/v2\/pages\/2441\/revisions\/2542"}],"up":[{"embeddable":true,"href":"https:\/\/pentorfinance.com\/fr\/wp-json\/wp\/v2\/pages\/1944"}],"wp:attachment":[{"href":"https:\/\/pentorfinance.com\/fr\/wp-json\/wp\/v2\/media?parent=2441"}],"curies":[{"name":"wp","href":"https:\/\/api.w.org\/{rel}","templated":true}]}}