{"id":2439,"date":"2016-01-14T15:49:34","date_gmt":"2016-01-14T20:49:34","guid":{"rendered":"http:\/\/www.pentorfinance.com\/fr\/?page_id=2439"},"modified":"2016-01-14T15:49:36","modified_gmt":"2016-01-14T20:49:36","slug":"documents","status":"publish","type":"page","link":"https:\/\/pentorfinance.com\/fr\/ressources\/documents\/","title":{"rendered":"Documents"},"content":{"rendered":"<div class=\"panel-grid\" id=\"pg-2439-0\" > <div class=\"panel-row-style-parallax-overlay panel-row-style\" style=\"background-color: #3e3b4f; background-image: url(http:\/\/pentorfinance.com\/assets\/uploads\/2016\/01\/family-slider-bg-cut.png);background-position:50% 50%; padding-top: 120px; padding-bottom: 50px; \" > <div class=\"parallax-overlay parallax-overlay-pattern\"><div class=\"container\"><div class=\"panel-grid-cell\" id=\"pgc-2439-0-0\" ><div class=\"panel-builder widget-builder widget_origin_title panel-first-child\" id=\"panel-2439-0-0-0\"><div class=\"origin-widget origin-widget-title origin-widget-title-simple-simple align-left text-lightest\"><h1  class=\"align-left\">\n\t<\/h1>\n<\/div><\/div><div class=\"panel-builder widget-builder widget_origin_title\" id=\"panel-2439-0-0-1\"><div class=\"origin-widget origin-widget-title origin-widget-title-simple-simple align-center text-light\"><h1  class=\"align-center\">\n\tDocuments<\/h1>\n<\/div><\/div><div class=\"panel-builder widget-builder widget_origin_spacer panel-last-child\" id=\"panel-2439-0-0-2\"><div class=\"origin-widget origin-widget-spacer origin-widget-spacer-simple-blank\"><div style=\"margin-bottom:20px;\"><\/div>\n<\/div><\/div><\/div><\/div><\/div><\/div><\/div><div class=\"panel-grid\" id=\"pg-2439-1\" > <div class=\"panel-row-style-default panel-row-style\" style=\"padding-top: 20px; padding-bottom: 30px; \" ><div class=\"container\"><div class=\"panel-grid-cell\" id=\"pgc-2439-1-0\" ><div class=\"panel-builder widget-builder widget_origin_title panel-first-child\" id=\"panel-2439-1-0-0\"><div class=\"origin-widget origin-widget-title origin-widget-title-simple-simple align-left text-noraml\"><h3  class=\"align-left\">\n\tIdentifier le pr\u00eateur priv\u00e9 par excellence<\/h3>\n<\/div><\/div><div class=\"panel-builder widget-builder widget_origin_spacer\" id=\"panel-2439-1-0-1\"><div class=\"origin-widget origin-widget-spacer origin-widget-spacer-simple-blank\"><div style=\"margin-bottom:20px;\"><\/div>\n<\/div><\/div><div class=\"well well-sm panel-builder widget-builder widget_sow-images panel-last-child\" id=\"panel-2439-1-0-2\"><div class=\"so-widget-sow-images so-widget-sow-images-base\"><div class=\"image_wrapper align-left\">\n<a href=\"http:\/\/pentorfinance.com\/assets\/uploads\/2015\/08\/Private_Perfection__Sept_2013_French-1.pdf\"><img decoding=\"async\" src=\"https:\/\/pentorfinance.com\/assets\/uploads\/2015\/08\/identifier_le_preteur_prive_par_excellence-e1440777074683.png\" class=\"\" alt=\"none\">\n\t\t\t\t\t\t\t\t\t\t\n\t\t\t\t\t\t\t\t\t\t    <\/a>\t\n\t\t\t\t\t\t\t\t\t\t\t<\/div>\n\n<\/div><\/div><\/div><div class=\"panel-grid-cell\" id=\"pgc-2439-1-1\" ><div class=\"panel-builder widget-builder widget_origin_title panel-first-child\" id=\"panel-2439-1-1-0\"><div class=\"origin-widget origin-widget-title origin-widget-title-simple-simple align-left text-noraml\"><h3  class=\"align-left\">\n\tLe meilleur des pires sc\u00e9narios<\/h3>\n<\/div><\/div><div class=\"panel-builder widget-builder widget_origin_spacer\" id=\"panel-2439-1-1-1\"><div class=\"origin-widget origin-widget-spacer origin-widget-spacer-simple-blank\"><div style=\"margin-bottom:20px;\"><\/div>\n<\/div><\/div><div class=\"well well-sm panel-builder widget-builder widget_sow-images panel-last-child\" id=\"panel-2439-1-1-2\"><div class=\"so-widget-sow-images so-widget-sow-images-base\"><div class=\"image_wrapper align-left\">\n<a href=\"http:\/\/pentorfinance.com\/assets\/uploads\/2015\/08\/Commerce_Consideration_July_2013_French.pdf\"><img decoding=\"async\" src=\"https:\/\/pentorfinance.com\/assets\/uploads\/2015\/08\/le_meilleur_des_pires_scenarios-e1440777131888.png\" class=\"\" alt=\"none\">\n\t\t\t\t\t\t\t\t\t\t\n\t\t\t\t\t\t\t\t\t\t    <\/a>\t\n\t\t\t\t\t\t\t\t\t\t\t<\/div>\n\n<\/div><\/div><\/div><div class=\"panel-grid-cell\" id=\"pgc-2439-1-2\" ><div class=\"panel-builder widget-builder widget_origin_title panel-first-child\" id=\"panel-2439-1-2-0\"><div class=\"origin-widget origin-widget-title origin-widget-title-simple-simple align-left text-noraml\"><h3  class=\"align-left\">\n\tLes garanties multiples (collat\u00e9raux)<br><\/h3>\n<\/div><\/div><div class=\"panel-builder widget-builder widget_origin_spacer\" id=\"panel-2439-1-2-1\"><div class=\"origin-widget origin-widget-spacer origin-widget-spacer-simple-blank\"><div style=\"margin-bottom:20px;\"><\/div>\n<\/div><\/div><div class=\"well well-sm panel-builder widget-builder widget_sow-images panel-last-child\" id=\"panel-2439-1-2-2\"><div class=\"so-widget-sow-images so-widget-sow-images-base\"><div class=\"image_wrapper align-left\">\n<a href=\"http:\/\/pentorfinance.com\/assets\/uploads\/2015\/09\/Multiple-Collaterals_8.31.15_French.pdf\"><img decoding=\"async\" src=\"https:\/\/pentorfinance.com\/assets\/uploads\/2015\/08\/les_garanties_multiples1-e1441670230943.png\" class=\"\" alt=\"none\">\n\t\t\t\t\t\t\t\t\t\t\n\t\t\t\t\t\t\t\t\t\t    <\/a>\t\n\t\t\t\t\t\t\t\t\t\t\t<\/div>\n\n<\/div><\/div><\/div><\/div><\/div><\/div><div class=\"panel-grid\" id=\"pg-2439-2\" > <div class=\"panel-row-style-default panel-row-style\" ><div class=\"container\"><div class=\"panel-grid-cell\" id=\"pgc-2439-2-0\" ><div class=\"panel-builder widget-builder widget_origin_title panel-first-child\" id=\"panel-2439-2-0-0\"><div class=\"origin-widget origin-widget-title origin-widget-title-simple-simple align-left text-noraml\"><h3  class=\"align-left\">\n\tBrochures<\/h3>\n<\/div><\/div><div class=\"panel-builder widget-builder widget_origin_spacer\" id=\"panel-2439-2-0-1\"><div class=\"origin-widget origin-widget-spacer origin-widget-spacer-simple-blank\"><div style=\"margin-bottom:90px;\"><\/div>\n<\/div><\/div><div class=\"well well-sm panel-builder widget-builder widget_sow-images panel-last-child\" id=\"panel-2439-2-0-2\"><div class=\"so-widget-sow-images so-widget-sow-images-base\"><div class=\"image_wrapper align-left\">\n<a href=\"http:\/\/pentorfinance.com\/assets\/uploads\/2015\/08\/Mortgage_Flyer_French.pdf\"><img decoding=\"async\" src=\"https:\/\/pentorfinance.com\/assets\/uploads\/2015\/08\/brochure_fr-e1440777600263.png\" class=\"\" alt=\"none\">\n\t\t\t\t\t\t\t\t\t\t\n\t\t\t\t\t\t\t\t\t\t    <\/a>\t\n\t\t\t\t\t\t\t\t\t\t\t<\/div>\n\n<\/div><\/div><\/div><div class=\"panel-grid-cell\" id=\"pgc-2439-2-1\" ><div class=\"panel-builder widget-builder widget_origin_title panel-first-child\" id=\"panel-2439-2-1-0\"><div class=\"origin-widget origin-widget-title origin-widget-title-simple-simple align-left text-noraml\"><h3  class=\"align-left\">\n\tD\u00e9pliants<\/h3>\n<\/div><\/div><div class=\"panel-builder widget-builder widget_origin_spacer\" id=\"panel-2439-2-1-1\"><div class=\"origin-widget origin-widget-spacer origin-widget-spacer-simple-blank\"><div style=\"margin-bottom:90px;\"><\/div>\n<\/div><\/div><div class=\"well well-sm panel-builder widget-builder widget_sow-images panel-last-child\" id=\"panel-2439-2-1-2\"><div class=\"so-widget-sow-images so-widget-sow-images-base\"><div class=\"image_wrapper align-left\">\n<a href=\"http:\/\/pentorfinance.com\/assets\/uploads\/2015\/08\/Broker-Brochure_French.pdf\"><img decoding=\"async\" src=\"https:\/\/pentorfinance.com\/assets\/uploads\/2015\/08\/broker_brochure_fr-e1440777998790.png\" class=\"\" alt=\"none\">\n\t\t\t\t\t\t\t\t\t\t\n\t\t\t\t\t\t\t\t\t\t    <\/a>\t\n\t\t\t\t\t\t\t\t\t\t\t<\/div>\n\n<\/div><\/div><\/div><div class=\"panel-grid-cell\" id=\"pgc-2439-2-2\" ><div class=\"panel-builder widget-builder widget_origin_title panel-first-child\" id=\"panel-2439-2-2-0\"><div class=\"origin-widget origin-widget-title origin-widget-title-simple-simple align-left text-noraml\"><h3  class=\"align-left\">\n\tFormule d\u2019approbation hypoth\u00e9caire \u2013 les 10 questions <\/h3>\n<\/div><\/div><div class=\"panel-builder widget-builder widget_origin_spacer\" id=\"panel-2439-2-2-1\"><div class=\"origin-widget origin-widget-spacer origin-widget-spacer-simple-blank\"><div style=\"margin-bottom:20px;\"><\/div>\n<\/div><\/div><div class=\"well well-sm panel-builder widget-builder widget_sow-images panel-last-child\" id=\"panel-2439-2-2-2\"><div class=\"so-widget-sow-images so-widget-sow-images-base\"><div class=\"image_wrapper align-left\">\n<a href=\"http:\/\/pentorfinance.com\/assets\/uploads\/2015\/08\/Pentor_Approval_Formula_French.pdf\"><img decoding=\"async\" src=\"https:\/\/pentorfinance.com\/assets\/uploads\/2015\/08\/formula_fr-e1452804688709.png\" class=\"\" alt=\"none\">\n\t\t\t\t\t\t\t\t\t\t\n\t\t\t\t\t\t\t\t\t\t    <\/a>\t\n\t\t\t\t\t\t\t\t\t\t\t<\/div>\n\n<\/div><\/div><\/div><\/div><\/div><\/div><div class=\"panel-grid\" id=\"pg-2439-3\" > <div class=\"panel-row-style-default panel-row-style\" style=\"padding-top: 30px; \" ><div class=\"container\"><div class=\"panel-grid-cell\" id=\"pgc-2439-3-0\" ><div class=\"panel-builder widget-builder widget_origin_spacer panel-first-child panel-last-child\" id=\"panel-2439-3-0-0\"><div class=\"origin-widget origin-widget-spacer origin-widget-spacer-simple-blank\"><div style=\"margin-bottom:20px;\"><\/div>\n<\/div><\/div><\/div><div class=\"panel-grid-cell\" id=\"pgc-2439-3-1\" >&nbsp;<\/div><\/div><\/div><\/div>","protected":false},"excerpt":{"rendered":"<p>Documents Identifier le pr\u00eateur priv\u00e9 par excellence Le meilleur des pires sc\u00e9narios Les garanties multiples (collat\u00e9raux) Brochures D\u00e9pliants Formule d\u2019approbation hypoth\u00e9caire \u2013 les 10 questions &nbsp;<\/p>\n","protected":false},"author":2,"featured_media":0,"parent":1944,"menu_order":1,"comment_status":"closed","ping_status":"closed","template":"dikka-page-builder.php","meta":{"footnotes":""},"class_list":["post-2439","page","type-page","status-publish","hentry"],"_links":{"self":[{"href":"https:\/\/pentorfinance.com\/fr\/wp-json\/wp\/v2\/pages\/2439","targetHints":{"allow":["GET"]}}],"collection":[{"href":"https:\/\/pentorfinance.com\/fr\/wp-json\/wp\/v2\/pages"}],"about":[{"href":"https:\/\/pentorfinance.com\/fr\/wp-json\/wp\/v2\/types\/page"}],"author":[{"embeddable":true,"href":"https:\/\/pentorfinance.com\/fr\/wp-json\/wp\/v2\/users\/2"}],"replies":[{"embeddable":true,"href":"https:\/\/pentorfinance.com\/fr\/wp-json\/wp\/v2\/comments?post=2439"}],"version-history":[{"count":1,"href":"https:\/\/pentorfinance.com\/fr\/wp-json\/wp\/v2\/pages\/2439\/revisions"}],"predecessor-version":[{"id":2440,"href":"https:\/\/pentorfinance.com\/fr\/wp-json\/wp\/v2\/pages\/2439\/revisions\/2440"}],"up":[{"embeddable":true,"href":"https:\/\/pentorfinance.com\/fr\/wp-json\/wp\/v2\/pages\/1944"}],"wp:attachment":[{"href":"https:\/\/pentorfinance.com\/fr\/wp-json\/wp\/v2\/media?parent=2439"}],"curies":[{"name":"wp","href":"https:\/\/api.w.org\/{rel}","templated":true}]}}