{"id":2419,"date":"2016-01-14T13:05:49","date_gmt":"2016-01-14T18:05:49","guid":{"rendered":"http:\/\/www.pentorfinance.com\/fr\/?page_id=2419"},"modified":"2016-01-14T13:16:55","modified_gmt":"2016-01-14T18:16:55","slug":"nos-valeurs","status":"publish","type":"page","link":"https:\/\/pentorfinance.com\/fr\/accueil\/nos-valeurs\/","title":{"rendered":"Nos valeurs"},"content":{"rendered":"<div class=\"panel-grid\" id=\"pg-2419-0\" > <div class=\"panel-row-style-parallax-overlay panel-row-style\" style=\"background-image: url(http:\/\/pentorfinance.com\/assets\/uploads\/2016\/01\/family-slider-bg-cut.png);background-position:50% 50%; padding-top: 120px; padding-bottom: 60px; \" > <div class=\"parallax-overlay parallax-overlay-pattern\"><div class=\"container\"><div class=\"panel-grid-cell\" id=\"pgc-2419-0-0\" ><div class=\"panel-builder widget-builder widget_origin_title panel-first-child panel-last-child\" id=\"panel-2419-0-0-0\"><div class=\"origin-widget origin-widget-title origin-widget-title-simple-simple align-center text-light\"><h1  class=\"align-center\">\n\tNos valeurs<\/h1>\n<\/div><\/div><\/div><\/div><\/div><\/div><\/div><div class=\"panel-grid\" id=\"pg-2419-1\" > <div class=\"panel-row-style-default panel-row-style\" ><div class=\"container\"><div class=\"panel-grid-cell\" id=\"pgc-2419-1-0\" ><div class=\"panel-builder widget-builder widget_origin_spacer panel-first-child\" id=\"panel-2419-1-0-0\"><div class=\"origin-widget origin-widget-spacer origin-widget-spacer-simple-blank\"><div style=\"margin-bottom:20px;\"><\/div>\n<\/div><\/div><div class=\"well well-sm panel-builder widget-builder widget_sow-images\" id=\"panel-2419-1-0-1\"><div class=\"so-widget-sow-images so-widget-sow-images-base\"><div class=\"image_wrapper align-left\">\n<img decoding=\"async\" src=\"https:\/\/pentorfinance.com\/assets\/uploads\/2016\/01\/Pentor_Logo_FB-e1452795465992.png\" class=\"\" alt=\"none\">\n\t\t\t\t\t\t\t\t\t\t\n\t\t\t\t\t\t\t\t\t\t    \t\n\t\t\t\t\t\t\t\t\t\t\t<\/div>\n\n<\/div><\/div><div class=\"panel-builder widget-builder widget_origin_spacer panel-last-child\" id=\"panel-2419-1-0-2\"><div class=\"origin-widget origin-widget-spacer origin-widget-spacer-simple-blank\"><div style=\"margin-bottom:20px;\"><\/div>\n<\/div><\/div><\/div><div class=\"panel-grid-cell\" id=\"pgc-2419-1-1\" ><div class=\"panel-builder widget-builder widget_origin_spacer panel-first-child\" id=\"panel-2419-1-1-0\"><div class=\"origin-widget origin-widget-spacer origin-widget-spacer-simple-blank\"><div style=\"margin-bottom:20px;\"><\/div>\n<\/div><\/div><div class=\"panel-builder widget-builder widget_origin_list\" id=\"panel-2419-1-1-1\"><div class=\"origin-widget origin-widget-list origin-widget-list-default-default text-dark\"><div class=\"list-body \">\n<ul>\n<li><i class='fa fa-check'><\/i>Aider nos clients gr\u00e2ce \u00e0 des solutions innovatrices con\u00e7ues sur mesure<\/li>\n<li><i class='fa fa-check'><\/i>Prendre uniquement les risques que nous comprenons et pouvons g\u00e9rer <\/li>\n<li><i class='fa fa-check'><\/i>Agir de fa\u00e7on \u00e9thique et transparente<\/li>\n<li><i class='fa fa-check'><\/i>Transformer les d\u00e9fis en opportunit\u00e9s <\/li>\n<li><i class='fa fa-check'><\/i>\u00catre les meilleurs partenaires d\u2019affaires et collaborer avec des gens semblables <\/li>\n<li><i class='fa fa-check'><\/i>Offrir un rendement \u00e9quitable pour toutes les parties prenantes <\/li>\n<li><i class='fa fa-check'><\/i>Ex\u00e9cuter le travail en \u00e9quipe avec le souci de l\u2019excellence<\/li>\n<\/ul>\n<\/div><\/div><\/div><div class=\"panel-builder widget-builder widget_origin_spacer panel-last-child\" id=\"panel-2419-1-1-2\"><div class=\"origin-widget origin-widget-spacer origin-widget-spacer-simple-blank\"><div style=\"margin-bottom:20px;\"><\/div>\n<\/div><\/div><\/div><\/div><\/div><\/div>","protected":false},"excerpt":{"rendered":"<p>Nos valeurs Aider nos clients gr\u00e2ce \u00e0 des solutions innovatrices con\u00e7ues sur mesure Prendre uniquement les risques que nous comprenons et pouvons g\u00e9rer Agir de fa\u00e7on \u00e9thique et transparente Transformer les d\u00e9fis en opportunit\u00e9s \u00catre les meilleurs partenaires d\u2019affaires et collaborer avec des gens semblables Offrir un rendement \u00e9quitable pour toutes les parties prenantes Ex\u00e9cuter [&hellip;]<a class=\"\" title=\"Read more on Nos valeurs\" href=\"https:\/\/pentorfinance.com\/fr\/accueil\/nos-valeurs\/\"> Read more<\/a><\/p>\n","protected":false},"author":2,"featured_media":0,"parent":1962,"menu_order":5,"comment_status":"closed","ping_status":"closed","template":"dikka-page-builder.php","meta":{"footnotes":""},"class_list":["post-2419","page","type-page","status-publish","hentry"],"_links":{"self":[{"href":"https:\/\/pentorfinance.com\/fr\/wp-json\/wp\/v2\/pages\/2419","targetHints":{"allow":["GET"]}}],"collection":[{"href":"https:\/\/pentorfinance.com\/fr\/wp-json\/wp\/v2\/pages"}],"about":[{"href":"https:\/\/pentorfinance.com\/fr\/wp-json\/wp\/v2\/types\/page"}],"author":[{"embeddable":true,"href":"https:\/\/pentorfinance.com\/fr\/wp-json\/wp\/v2\/users\/2"}],"replies":[{"embeddable":true,"href":"https:\/\/pentorfinance.com\/fr\/wp-json\/wp\/v2\/comments?post=2419"}],"version-history":[{"count":1,"href":"https:\/\/pentorfinance.com\/fr\/wp-json\/wp\/v2\/pages\/2419\/revisions"}],"predecessor-version":[{"id":2420,"href":"https:\/\/pentorfinance.com\/fr\/wp-json\/wp\/v2\/pages\/2419\/revisions\/2420"}],"up":[{"embeddable":true,"href":"https:\/\/pentorfinance.com\/fr\/wp-json\/wp\/v2\/pages\/1962"}],"wp:attachment":[{"href":"https:\/\/pentorfinance.com\/fr\/wp-json\/wp\/v2\/media?parent=2419"}],"curies":[{"name":"wp","href":"https:\/\/api.w.org\/{rel}","templated":true}]}}