{"id":2380,"date":"2016-01-11T20:20:00","date_gmt":"2016-01-12T01:20:00","guid":{"rendered":"http:\/\/pentorfinance.com\/fr\/?page_id=2380"},"modified":"2016-01-11T20:21:55","modified_gmt":"2016-01-12T01:21:55","slug":"plan-du-site","status":"publish","type":"page","link":"https:\/\/pentorfinance.com\/fr\/plan-du-site\/","title":{"rendered":"Plan du site"},"content":{"rendered":"<div class=\"panel-grid\" id=\"pg-2380-0\" > <div class=\"panel-row-style-parallax-overlay panel-row-style\" style=\"background-color: #000000; background-image: url(http:\/\/pentorfinance.com\/assets\/uploads\/2016\/01\/family-slider-bg-cut.png);background-position:50% 50%; padding-top: 120px; padding-bottom: 50px; \" > <div class=\"parallax-overlay parallax-overlay-pattern\"><div class=\"container\"><div class=\"panel-grid-cell\" id=\"pgc-2380-0-0\" ><div class=\"panel-builder widget-builder widget_origin_title panel-first-child panel-last-child\" id=\"panel-2380-0-0-0\"><div class=\"origin-widget origin-widget-title origin-widget-title-simple-simple align-left text-lightest\"><h1  class=\"align-left\">\n\tPlan du site<\/h1>\n<\/div><\/div><\/div><\/div><\/div><\/div><\/div><div class=\"panel-grid\" id=\"pg-2380-1\" > <div class=\"panel-row-style-default panel-row-style\" ><div class=\"container\"><div class=\"panel-grid-cell\" id=\"pgc-2380-1-0\" ><div class=\"panel-builder widget-builder widget_origin_spacer panel-first-child\" id=\"panel-2380-1-0-0\"><div class=\"origin-widget origin-widget-spacer origin-widget-spacer-simple-blank\"><div style=\"margin-bottom:40px;\"><\/div>\n<\/div><\/div><div class=\"well well-sm panel-builder widget-builder widget_text\" id=\"panel-2380-1-0-1\">\t\t\t<div class=\"textwidget\"><ul><li><a href=\"https:\/\/pentorfinance.com\/fr\/carrieres\/\">Carri\u00e8res<\/a>\n<ul class='children'>\n\t<li><a href=\"https:\/\/pentorfinance.com\/fr\/carrieres\/ventes-internes-chez-pentor-finance\/\">Ventes Internes chez PENTOR Finance<\/a><\/li>\n<\/ul>\n<\/li>\n<li><a href=\"https:\/\/pentorfinance.com\/fr\/\">Accueil<\/a>\n<ul class='children'>\n\t<li><a href=\"https:\/\/pentorfinance.com\/fr\/accueil\/profil-de-lemprunteur-utilisation-des-fonds\/\">Profil de l\u2019emprunteur \/ Utilisation des fonds<\/a><\/li>\n\t<li><a href=\"https:\/\/pentorfinance.com\/fr\/accueil\/lequipe-pentor-finance\/\">L\u2019\u00e9quipe PENTOR Finance<\/a>\n\t<ul class='children'>\n\t\t<li><a href=\"https:\/\/pentorfinance.com\/fr\/accueil\/lequipe-pentor-finance\/peter-galli\/\">Peter Galli<\/a><\/li>\n\t\t<li><a href=\"https:\/\/pentorfinance.com\/fr\/accueil\/lequipe-pentor-finance\/joseph-galli\/\">Joseph Galli<\/a><\/li>\n\t\t<li><a href=\"https:\/\/pentorfinance.com\/fr\/accueil\/lequipe-pentor-finance\/patrick-lalonde\/\">Patrick Lalonde<\/a><\/li>\n\t\t<li><a href=\"https:\/\/pentorfinance.com\/fr\/accueil\/lequipe-pentor-finance\/francois-begin\/\">Fran\u00e7ois B\u00e9gin<\/a><\/li>\n\t\t<li><a href=\"https:\/\/pentorfinance.com\/fr\/accueil\/lequipe-pentor-finance\/richard-newman\/\">Richard Newman<\/a><\/li>\n\t\t<li><a href=\"https:\/\/pentorfinance.com\/fr\/accueil\/lequipe-pentor-finance\/heather-mark\/\">Heather Mark<\/a><\/li>\n\t<\/ul>\n<\/li>\n\t<li><a href=\"https:\/\/pentorfinance.com\/fr\/accueil\/pourquoi-choisir-pentor-finance\/\">Pourquoi choisir PENTOR Finance<\/a><\/li>\n\t<li><a href=\"https:\/\/pentorfinance.com\/fr\/accueil\/implication-communautaire\/\">Implication communautaire<\/a><\/li>\n\t<li><a href=\"https:\/\/pentorfinance.com\/fr\/accueil\/nos-valeurs\/\">Nos valeurs<\/a><\/li>\n<\/ul>\n<\/li>\n<li><a href=\"https:\/\/pentorfinance.com\/fr\/evenements-de-vie\/\">\u00c9v\u00e9nements de la vie<\/a><\/li>\n<li><a href=\"https:\/\/pentorfinance.com\/fr\/comment-resoudre-votre-crise-financiere\/\">Comment r\u00e9soudre votre \u00ab crise financi\u00e8re \u00bb<\/a><\/li>\n<li><a href=\"https:\/\/pentorfinance.com\/fr\/etudes-de-cas-refinancement-et-achat\/\">\u00c9tudes de cas \u2013 Refinancement et achat<\/a><\/li>\n<li><a href=\"https:\/\/pentorfinance.com\/fr\/identifier-le-preteur-prive-par-excellence\/\">Identifier le pr\u00eateur priv\u00e9 par excellence<\/a><\/li>\n<li><a href=\"https:\/\/pentorfinance.com\/fr\/la-strategie-de-graduation-pentor\/\">La strat\u00e9gie de graduation PENTOR<\/a><\/li>\n<li><a href=\"https:\/\/pentorfinance.com\/fr\/ressources\/\">Ressources<\/a>\n<ul class='children'>\n\t<li><a href=\"https:\/\/pentorfinance.com\/fr\/ressources\/documents\/\">Documents<\/a><\/li>\n\t<li><a href=\"https:\/\/pentorfinance.com\/fr\/ressources\/videos\/\">Videos<\/a>\n\t<ul class='children'>\n\t\t<li><a href=\"https:\/\/pentorfinance.com\/fr\/ressources\/videos\/video-cas-1\/\">Video &#8211; Cas #1<\/a><\/li>\n\t\t<li><a href=\"https:\/\/pentorfinance.com\/fr\/ressources\/videos\/video-cas-2\/\">Video &#8211; Cas #2<\/a><\/li>\n\t\t<li><a href=\"https:\/\/pentorfinance.com\/fr\/ressources\/videos\/video-cas-3\/\">Video &#8211; Cas #3<\/a><\/li>\n\t\t<li><a href=\"https:\/\/pentorfinance.com\/fr\/ressources\/videos\/video-cas-4\/\">Video &#8211; Cas #4<\/a><\/li>\n\t\t<li><a href=\"https:\/\/pentorfinance.com\/fr\/ressources\/videos\/video-cas-5\/\">Video &#8211; Cas #5<\/a><\/li>\n\t\t<li><a href=\"https:\/\/pentorfinance.com\/fr\/ressources\/videos\/video-cas-6\/\">Video &#8211; Cas #6<\/a><\/li>\n\t\t<li><a href=\"https:\/\/pentorfinance.com\/fr\/ressources\/videos\/video-cas-7\/\">Video &#8211; Cas #7<\/a><\/li>\n\t\t<li><a href=\"https:\/\/pentorfinance.com\/fr\/ressources\/videos\/video-les-10-questions\/\">Video &#8211; Les 10 questions<\/a><\/li>\n\t\t<li><a href=\"https:\/\/pentorfinance.com\/fr\/ressources\/videos\/video-qui-est-pentor-finance\/\">Video &#8211; Qui est PENTOR Finance?<\/a><\/li>\n\t<\/ul>\n<\/li>\n\t<li><a href=\"https:\/\/pentorfinance.com\/fr\/ressources\/podcasts\/\">Podcasts<\/a>\n\t<ul class='children'>\n\t\t<li><a href=\"https:\/\/pentorfinance.com\/fr\/ressources\/podcasts\/podcast-1-introduction-au-financement-alternatif-avec-pentor-finance\/\">Podcast #1 : Introduction au financement alternatif avec PENTOR Finance<\/a><\/li>\n\t\t<li><a href=\"https:\/\/pentorfinance.com\/fr\/ressources\/podcasts\/podcast-2-chronique-sur-la-crise-du-subprime\/\">Podcast #2 : Chronique sur la crise du subprime<\/a><\/li>\n\t\t<li><a href=\"https:\/\/pentorfinance.com\/fr\/ressources\/podcasts\/podcast-3-comment-fonctionne-le-marche-hypothecaire\/\">Podcast #3 : Comment fonctionne le march\u00e9 hypoth\u00e9caire<\/a><\/li>\n\t\t<li><a href=\"https:\/\/pentorfinance.com\/fr\/ressources\/podcasts\/podcast-4-les-consequences-du-surendettement-sur-la-cote-de-credit\/\">Podcast #4 : Les cons\u00e9quences du surendettement sur la cote de cr\u00e9dit<\/a><\/li>\n\t\t<li><a href=\"https:\/\/pentorfinance.com\/fr\/ressources\/podcasts\/podcast-5-qui-sont-les-clients-qui-ont-recours-au-pret-prive\/\">Podcast #5 : Qui sont les clients qui ont recours au pr\u00eat priv\u00e9 ?<\/a><\/li>\n\t\t<li><a href=\"https:\/\/pentorfinance.com\/fr\/ressources\/podcasts\/podcast-6-les-etapes-avant-de-perdre-sa-maison\/\">Podcast #6 : Les \u00e9tapes avant de perdre sa maison<\/a><\/li>\n\t<\/ul>\n<\/li>\n<\/ul>\n<\/li>\n<li><a href=\"https:\/\/pentorfinance.com\/fr\/le-meilleur-des-pires-scenarios\/\">Le meilleur des pires sc\u00e9narios<\/a><\/li>\n<li><a href=\"https:\/\/pentorfinance.com\/fr\/contactez-nous\/\">Contactez-nous<\/a><\/li>\n<li><a href=\"https:\/\/pentorfinance.com\/fr\/les-garanties-multiples-collateraux\/\">Les garanties multiples (collat\u00e9raux)<\/a><\/li>\n<li><a href=\"https:\/\/pentorfinance.com\/fr\/pentor-finance-privacy-policy\/\">Privacy Policy<\/a><\/li>\n<li><a href=\"https:\/\/pentorfinance.com\/fr\/plan-du-site\/\">Plan du site<\/a><\/li>\n<\/ul><\/div>\n\t\t<\/div><div class=\"panel-builder widget-builder widget_origin_spacer panel-last-child\" id=\"panel-2380-1-0-2\"><div class=\"origin-widget origin-widget-spacer origin-widget-spacer-simple-blank\"><div style=\"margin-bottom:40px;\"><\/div>\n<\/div><\/div><\/div><\/div><\/div><\/div>","protected":false},"excerpt":{"rendered":"<p>Plan du site Carri\u00e8res Ventes Internes chez PENTOR Finance Accueil Profil de l\u2019emprunteur \/ Utilisation des fonds L\u2019\u00e9quipe PENTOR Finance Peter Galli Joseph Galli Patrick Lalonde Fran\u00e7ois B\u00e9gin Richard Newman Heather Mark Pourquoi choisir PENTOR Finance Implication communautaire Nos valeurs \u00c9v\u00e9nements de la vie Comment r\u00e9soudre votre \u00ab crise financi\u00e8re \u00bb \u00c9tudes de cas \u2013 [&hellip;]<a class=\"\" title=\"Read more on Plan du site\" href=\"https:\/\/pentorfinance.com\/fr\/plan-du-site\/\"> Read more<\/a><\/p>\n","protected":false},"author":2,"featured_media":0,"parent":0,"menu_order":101,"comment_status":"closed","ping_status":"closed","template":"dikka-page-builder.php","meta":{"footnotes":""},"class_list":["post-2380","page","type-page","status-publish","hentry"],"_links":{"self":[{"href":"https:\/\/pentorfinance.com\/fr\/wp-json\/wp\/v2\/pages\/2380","targetHints":{"allow":["GET"]}}],"collection":[{"href":"https:\/\/pentorfinance.com\/fr\/wp-json\/wp\/v2\/pages"}],"about":[{"href":"https:\/\/pentorfinance.com\/fr\/wp-json\/wp\/v2\/types\/page"}],"author":[{"embeddable":true,"href":"https:\/\/pentorfinance.com\/fr\/wp-json\/wp\/v2\/users\/2"}],"replies":[{"embeddable":true,"href":"https:\/\/pentorfinance.com\/fr\/wp-json\/wp\/v2\/comments?post=2380"}],"version-history":[{"count":2,"href":"https:\/\/pentorfinance.com\/fr\/wp-json\/wp\/v2\/pages\/2380\/revisions"}],"predecessor-version":[{"id":2382,"href":"https:\/\/pentorfinance.com\/fr\/wp-json\/wp\/v2\/pages\/2380\/revisions\/2382"}],"wp:attachment":[{"href":"https:\/\/pentorfinance.com\/fr\/wp-json\/wp\/v2\/media?parent=2380"}],"curies":[{"name":"wp","href":"https:\/\/api.w.org\/{rel}","templated":true}]}}