{"id":1941,"date":"2015-08-28T11:36:12","date_gmt":"2015-08-28T15:36:12","guid":{"rendered":"http:\/\/pentorfinance.com\/fr\/?page_id=1941"},"modified":"2025-11-14T19:41:04","modified_gmt":"2025-11-15T00:41:04","slug":"contactez-nous","status":"publish","type":"page","link":"https:\/\/pentorfinance.com\/fr\/contactez-nous\/","title":{"rendered":"Contactez-nous"},"content":{"rendered":"<div class=\"panel-grid\" id=\"pg-1941-0\" > <div class=\"panel-row-style-parallax-overlay panel-row-style\" style=\"background-color: #333333; background-image: url(http:\/\/pentorfinance.com\/assets\/uploads\/2016\/01\/family-slider-bg-cut.png);background-position:50% 50%; padding-top: 40px; padding-bottom: 80px; \" > <div class=\"parallax-overlay parallax-overlay-pattern\"><div class=\"container\"><div class=\"panel-grid-cell\" id=\"pgc-1941-0-0\" >&nbsp;<\/div><\/div><\/div><\/div><\/div><div class=\"panel-grid\" id=\"pg-1941-1\" > <div class=\"panel-row-style-default panel-row-style\" style=\"padding-top: 60px; \" ><div class=\"container\"><div class=\"panel-grid-cell\" id=\"pgc-1941-1-0\" ><div class=\"panel-builder widget-builder widget_origin_title panel-first-child\" id=\"panel-1941-1-0-0\"><div class=\"origin-widget origin-widget-title origin-widget-title-simple-simple align-left text-dark\"><h2  class=\"align-left\">\n\tContactez-nous<\/h2>\n<\/div><\/div><div class=\"panel-builder widget-builder widget_origin_title\" id=\"panel-1941-1-0-1\"><div class=\"origin-widget origin-widget-title origin-widget-title-simple-simple align-left text-noraml\"><h5  class=\"align-left\">\n\t<b>Renseignements g\u00e9n\u00e9raux<\/b><\/h5>\n<\/div><\/div><div class=\"panel-builder widget-builder widget_origin_spacer\" id=\"panel-1941-1-0-2\"><div class=\"origin-widget origin-widget-spacer origin-widget-spacer-simple-blank\"><div style=\"margin-bottom:20px;\"><\/div>\n<\/div><\/div><div class=\"panel-builder widget-builder widget_origin_address\" id=\"panel-1941-1-0-3\"><div class=\"origin-widget origin-widget-address origin-widget-address-default-default text-noraml\"><div class=\"address\">\n<p><i class=\"fa fa-map-marker\"><\/i> <b>Adresse : <\/b>835, avenue Selkirk, Pointe-Claire, Qu\u00e9bec  H9R 3S2 <\/p>\n<p><i class=\"fa fa-phone\"><\/i> <b>Sans frais \u2013 Ventes : <\/b><a href=\"tel:1-844-505-4800 option 1\">1-844-505-4800 option 1<\/a> <\/p>\n<p><i class=\"fa fa-print\"><\/i> <b>Sans frais \u2013 Service \u00e0 la client\u00e8le : <\/b><a href=\"tel:1-844-505-4800 option 2\">1-844-505-4800 option 2<\/a> <\/p>\n<p><i class=\"fa fa-envelope\"><\/i> <b>Courriel : <\/b>\n\t<a href=\"mailto:info@pentor.com\">\n\t\tinfo@pentor.com \n\t<\/a>\n\t<\/p>\n<\/div><\/div><\/div><div class=\"panel-builder widget-builder widget_origin_spacer\" id=\"panel-1941-1-0-4\"><div class=\"origin-widget origin-widget-spacer origin-widget-spacer-simple-blank\"><div style=\"margin-bottom:1px;\"><\/div>\n<\/div><\/div><div class=\"panel-builder widget-builder widget_origin_address\" id=\"panel-1941-1-0-5\"><div class=\"origin-widget origin-widget-address origin-widget-address-default-default text-noraml\"><div class=\"address\">\n<p><i class=\"fa fa-phone\"><\/i> <b>Fax : <\/b><a href=\"tel:1-866-890-7050\">1-866-890-7050<\/a> <\/p>\n<\/div><\/div><\/div><div class=\"panel-builder widget-builder widget_origin_spacer panel-last-child\" id=\"panel-1941-1-0-6\"><div class=\"origin-widget origin-widget-spacer origin-widget-spacer-simple-blank\"><div style=\"margin-bottom:40px;\"><\/div>\n<\/div><\/div><\/div><div class=\"panel-grid-cell\" id=\"pgc-1941-1-1\" ><div class=\"well well-sm panel-builder widget-builder widget_sow-images panel-first-child\" id=\"panel-1941-1-1-0\"><div class=\"so-widget-sow-images so-widget-sow-images-base\"><div class=\"image_wrapper align-center\">\n<img decoding=\"async\" src=\"https:\/\/pentorfinance.com\/assets\/uploads\/2015\/07\/PENTOR-footer.png\" class=\"animated fadeInDown\" alt=\"fadeInDown\">\n\t\t\t\t\t\t\t\t\t\t\n\t\t\t\t\t\t\t\t\t\t    \t\n\t\t\t\t\t\t\t\t\t\t\t<\/div>\n\n<\/div><\/div><div class=\"panel-builder widget-builder widget_origin_spacer\" id=\"panel-1941-1-1-1\"><div class=\"origin-widget origin-widget-spacer origin-widget-spacer-simple-blank\"><div style=\"margin-bottom:20px;\"><\/div>\n<\/div><\/div><div class=\"panel-builder widget-builder widget_origin_spacer panel-last-child\" id=\"panel-1941-1-1-2\"><div class=\"origin-widget origin-widget-spacer origin-widget-spacer-simple-blank\"><div style=\"margin-bottom:40px;\"><\/div>\n<\/div><\/div><\/div><\/div><\/div><\/div>","protected":false},"excerpt":{"rendered":"<p>&nbsp; Contactez-nous Renseignements g\u00e9n\u00e9raux Adresse : 835, avenue Selkirk, Pointe-Claire, Qu\u00e9bec H9R 3S2 Sans frais \u2013 Ventes : 1-844-505-4800 option 1 Sans frais \u2013 Service \u00e0 la client\u00e8le : 1-844-505-4800 option 2 Courriel : info@pentor.com Fax : 1-866-890-7050<\/p>\n","protected":false},"author":2,"featured_media":0,"parent":0,"menu_order":6,"comment_status":"closed","ping_status":"closed","template":"dikka-page-builder.php","meta":{"footnotes":""},"class_list":["post-1941","page","type-page","status-publish","hentry"],"_links":{"self":[{"href":"https:\/\/pentorfinance.com\/fr\/wp-json\/wp\/v2\/pages\/1941","targetHints":{"allow":["GET"]}}],"collection":[{"href":"https:\/\/pentorfinance.com\/fr\/wp-json\/wp\/v2\/pages"}],"about":[{"href":"https:\/\/pentorfinance.com\/fr\/wp-json\/wp\/v2\/types\/page"}],"author":[{"embeddable":true,"href":"https:\/\/pentorfinance.com\/fr\/wp-json\/wp\/v2\/users\/2"}],"replies":[{"embeddable":true,"href":"https:\/\/pentorfinance.com\/fr\/wp-json\/wp\/v2\/comments?post=1941"}],"version-history":[{"count":6,"href":"https:\/\/pentorfinance.com\/fr\/wp-json\/wp\/v2\/pages\/1941\/revisions"}],"predecessor-version":[{"id":2812,"href":"https:\/\/pentorfinance.com\/fr\/wp-json\/wp\/v2\/pages\/1941\/revisions\/2812"}],"wp:attachment":[{"href":"https:\/\/pentorfinance.com\/fr\/wp-json\/wp\/v2\/media?parent=1941"}],"curies":[{"name":"wp","href":"https:\/\/api.w.org\/{rel}","templated":true}]}}