{"id":1939,"date":"2015-08-28T11:31:23","date_gmt":"2015-08-28T15:31:23","guid":{"rendered":"http:\/\/pentorfinance.com\/fr\/?page_id=1939"},"modified":"2018-06-05T13:13:30","modified_gmt":"2018-06-05T17:13:30","slug":"etudes-de-cas-refinancement-et-achat","status":"publish","type":"page","link":"https:\/\/pentorfinance.com\/fr\/etudes-de-cas-refinancement-et-achat\/","title":{"rendered":"\u00c9tudes de cas \u2013 Refinancement et achat"},"content":{"rendered":"<div class=\"panel-grid\" id=\"pg-1939-0\" > <div class=\"panel-row-style-parallax-overlay panel-row-style\" style=\"background-color: #3e3b4f; background-image: url(http:\/\/pentorfinance.com\/assets\/uploads\/2016\/01\/family-slider-bg-cut.png);background-position:50% 50%; padding-top: 120px; padding-bottom: 60px; \" > <div class=\"parallax-overlay parallax-overlay-pattern\"><div class=\"container\"><div class=\"panel-grid-cell\" id=\"pgc-1939-0-0\" ><div class=\"panel-builder widget-builder widget_origin_title panel-first-child\" id=\"panel-1939-0-0-0\"><div class=\"origin-widget origin-widget-title origin-widget-title-simple-simple align-left text-lightest\"><h1  class=\"align-left\">\n\t<\/h1>\n<\/div><\/div><div class=\"panel-builder widget-builder widget_origin_title panel-last-child\" id=\"panel-1939-0-0-1\"><div class=\"origin-widget origin-widget-title origin-widget-title-simple-simple align-center text-light\"><h1  class=\"align-center\">\n\t\u00c9tudes de cas \u2013 Refinancement et achat<\/h1>\n<\/div><\/div><\/div><\/div><\/div><\/div><\/div><div class=\"panel-grid\" id=\"pg-1939-1\" > <div class=\"panel-row-style-default panel-row-style\" style=\"padding-top: 80px; padding-bottom: 80px; \" ><div class=\"container\"><div class=\"panel-grid-cell\" id=\"pgc-1939-1-0\" ><div class=\"panel-builder widget-builder widget_origin_title panel-first-child\" id=\"panel-1939-1-0-0\"><div class=\"origin-widget origin-widget-title origin-widget-title-simple-simple align-left text-noraml\"><h3  class=\"align-left\">\n\tMultifamilial \u2013 R\u00e9novations<\/h3>\n<\/div><\/div><div class=\"panel-builder widget-builder widget_origin_spacer\" id=\"panel-1939-1-0-1\"><div class=\"origin-widget origin-widget-spacer origin-widget-spacer-simple-blank\"><div style=\"margin-bottom:5px;\"><\/div>\n<\/div><\/div><div class=\"panel-builder widget-builder widget_origin_list panel-last-child\" id=\"panel-1939-1-0-2\"><div class=\"origin-widget origin-widget-list origin-widget-list-default-default text-noraml\"><div class=\"list-body \">\n<ul>\n<li><i class='fa fa-check'><\/i><b>5-plex situ\u00e9 dans le Plateau-Mont-Royal<\/li>\n<li><i class='fa fa-check'><\/i>Travaux en cours, 4 unit\u00e9s vacantes <\/li>\n<li><i class='fa fa-check'><\/i>Travailleur autonome avec peu de revenu d\u00e9clar\u00e9 <\/li>\n<li><i class='fa fa-check'><\/i>Terme de 12 mois<\/li>\n<li><i class='fa fa-check'><\/i>565 000 $ <\/li>\n<\/ul>\n<p><\/b><\/p>\n<\/div><\/div><\/div><\/div><div class=\"panel-grid-cell\" id=\"pgc-1939-1-1\" ><div class=\"panel-builder widget-builder widget_origin_title panel-first-child\" id=\"panel-1939-1-1-0\"><div class=\"origin-widget origin-widget-title origin-widget-title-simple-simple align-left text-noraml\"><h3  class=\"align-left\">\n\tSemi-commercial \u2013 Hypoth\u00e8que l\u00e9gale<\/h3>\n<\/div><\/div><div class=\"panel-builder widget-builder widget_origin_spacer\" id=\"panel-1939-1-1-1\"><div class=\"origin-widget origin-widget-spacer origin-widget-spacer-simple-blank\"><div style=\"margin-bottom:5px;\"><\/div>\n<\/div><\/div><div class=\"panel-builder widget-builder widget_origin_list panel-last-child\" id=\"panel-1939-1-1-2\"><div class=\"origin-widget origin-widget-list origin-widget-list-default-default text-noraml\"><div class=\"list-body \">\n<ul>\n<li><i class='fa fa-check'><\/i><b>Plex semi-commercial situ\u00e9 \u00e0 Saint-Lambert<\/li>\n<li><i class='fa fa-check'><\/i>Saisie \/ jugement sur titre<\/li>\n<li><i class='fa fa-check'><\/i>Terme de 12 mois<\/li>\n<li><i class='fa fa-check'><\/i>670 000 $<\/li>\n<\/ul>\n<p><\/b><\/p>\n<\/div><\/div><\/div><\/div><\/div><\/div><\/div><div class=\"panel-grid\" id=\"pg-1939-2\" > <div class=\"panel-row-style-default panel-row-style\" ><div class=\"container\"><div class=\"panel-grid-cell\" id=\"pgc-1939-2-0\" ><div class=\"panel-builder widget-builder widget_origin_title panel-first-child\" id=\"panel-1939-2-0-0\"><div class=\"origin-widget origin-widget-title origin-widget-title-simple-simple align-left text-noraml\"><h3  class=\"align-left\">\n\tR\u00e9sidence unifamiliale \u2013 Avis de 60 jours<\/h3>\n<\/div><\/div><div class=\"panel-builder widget-builder widget_origin_spacer\" id=\"panel-1939-2-0-1\"><div class=\"origin-widget origin-widget-spacer origin-widget-spacer-simple-blank\"><div style=\"margin-bottom:5px;\"><\/div>\n<\/div><\/div><div class=\"panel-builder widget-builder widget_origin_list\" id=\"panel-1939-2-0-2\"><div class=\"origin-widget origin-widget-list origin-widget-list-default-default text-noraml\"><div class=\"list-body \">\n<ul>\n<li><i class='fa fa-check'><\/i><b>Propri\u00e9t\u00e9 situ\u00e9e \u00e0 Qu\u00e9bec<\/li>\n<li><i class='fa fa-check'><\/i>Avis de 60 jours avec un pr\u00eateur traditionnel <\/li>\n<li><i class='fa fa-check'><\/i>Emprunteur sur prestations d\u2019invalidit\u00e9 \u00e0 court terme <\/li>\n<li><i class='fa fa-check'><\/i>Consolidation des dettes et imp\u00f4ts impay\u00e9s <\/li>\n<li><i class='fa fa-check'><\/i>Terme de 12 mois<\/li>\n<li><i class='fa fa-check'><\/i>248 000 $<\/li>\n<\/ul>\n<p><\/b><\/p>\n<\/div><\/div><\/div><div class=\"panel-builder widget-builder widget_origin_spacer panel-last-child\" id=\"panel-1939-2-0-3\"><div class=\"origin-widget origin-widget-spacer origin-widget-spacer-simple-blank\"><div style=\"margin-bottom:10px;\"><\/div>\n<\/div><\/div><\/div><div class=\"panel-grid-cell\" id=\"pgc-1939-2-1\" ><div class=\"panel-builder widget-builder widget_origin_title panel-first-child\" id=\"panel-1939-2-1-0\"><div class=\"origin-widget origin-widget-title origin-widget-title-simple-simple align-left text-noraml\"><h3  class=\"align-left\">\n\tImp\u00f4ts impay\u00e9s<\/h3>\n<\/div><\/div><div class=\"panel-builder widget-builder widget_origin_spacer\" id=\"panel-1939-2-1-1\"><div class=\"origin-widget origin-widget-spacer origin-widget-spacer-simple-blank\"><div style=\"margin-bottom:5px;\"><\/div>\n<\/div><\/div><div class=\"panel-builder widget-builder widget_origin_list\" id=\"panel-1939-2-1-2\"><div class=\"origin-widget origin-widget-list origin-widget-list-default-default text-noraml\"><div class=\"list-body \">\n<ul>\n<li><i class='fa fa-check'><\/i><b>Plex semi-commercial situ\u00e9 \u00e0 Saint-Laurent <\/li>\n<li><i class='fa fa-check'><\/i>Dentiste au rez-de-chauss\u00e9e et ing\u00e9nieur au 2e \u00e9tage<\/li>\n<li><i class='fa fa-check'><\/i>Avis de cotisation de l\u2019Agence du revenu du Canada avec solde de 121 000 $<\/li>\n<li><i class='fa fa-check'><\/i>Tous deux travailleurs autonomes <\/li>\n<li><i class='fa fa-check'><\/i>Terme de 12 mois<\/li>\n<li><i class='fa fa-check'><\/i>280 000 $<\/li>\n<\/ul>\n<p><\/b><\/p>\n<\/div><\/div><\/div><div class=\"panel-builder widget-builder widget_origin_spacer panel-last-child\" id=\"panel-1939-2-1-3\"><div class=\"origin-widget origin-widget-spacer origin-widget-spacer-simple-blank\"><div style=\"margin-bottom:10px;\"><\/div>\n<\/div><\/div><\/div><\/div><\/div><\/div><div class=\"panel-grid\" id=\"pg-1939-3\" > <div class=\"panel-row-style-default panel-row-style\" style=\"padding-bottom: 40px; \" ><div class=\"container\"><div class=\"panel-grid-cell\" id=\"pgc-1939-3-0\" ><div class=\"panel-builder widget-builder widget_origin_button panel-first-child\" id=\"panel-1939-3-0-0\"><div class=\"origin-widget origin-widget-button origin-widget-button-default-default align-center\"><a class=\"btn-color btn-color-1d big-size  nav-to tp-button darkgrey-fill \" href=\"tel:1-888-508-7139\" >\n\tConsultation gratuite: 888-508-7139<\/a>\n<\/div><\/div><div class=\"panel-builder widget-builder widget_origin_spacer\" id=\"panel-1939-3-0-1\"><div class=\"origin-widget origin-widget-spacer origin-widget-spacer-simple-blank\"><div style=\"margin-bottom:10px;\"><\/div>\n<\/div><\/div><div class=\"panel-builder widget-builder widget_origin_spacer\" id=\"panel-1939-3-0-2\"><div class=\"origin-widget origin-widget-spacer origin-widget-spacer-simple-blank\"><div style=\"margin-bottom:20px;\"><\/div>\n<\/div><\/div><div class=\"panel-builder widget-builder widget_origin_button panel-last-child\" id=\"panel-1939-3-0-3\"><div class=\"origin-widget origin-widget-button origin-widget-button-default-default align-center\"><a class=\"btn-color btn-color-1d big-size  nav-to tp-button darkgrey-fill \" href=\"http:\/\/pentorfinance.com\/form-view\/2\" >\n\tFaites une demande gratuitement !<\/a>\n<\/div><\/div><\/div><\/div><\/div><\/div>","protected":false},"excerpt":{"rendered":"<p>\u00c9tudes de cas \u2013 Refinancement et achat Multifamilial \u2013 R\u00e9novations 5-plex situ\u00e9 dans le Plateau-Mont-Royal Travaux en cours, 4 unit\u00e9s vacantes Travailleur autonome avec peu de revenu d\u00e9clar\u00e9 Terme de 12 mois 565 000 $ Semi-commercial \u2013 Hypoth\u00e8que l\u00e9gale Plex semi-commercial situ\u00e9 \u00e0 Saint-Lambert Saisie \/ jugement sur titre Terme de 12 mois 670 000 [&hellip;]<a class=\"\" title=\"Read more on \u00c9tudes de cas \u2013 Refinancement et achat\" href=\"https:\/\/pentorfinance.com\/fr\/etudes-de-cas-refinancement-et-achat\/\"> Read more<\/a><\/p>\n","protected":false},"author":2,"featured_media":0,"parent":0,"menu_order":3,"comment_status":"closed","ping_status":"closed","template":"dikka-page-builder.php","meta":{"footnotes":""},"class_list":["post-1939","page","type-page","status-publish","hentry"],"_links":{"self":[{"href":"https:\/\/pentorfinance.com\/fr\/wp-json\/wp\/v2\/pages\/1939","targetHints":{"allow":["GET"]}}],"collection":[{"href":"https:\/\/pentorfinance.com\/fr\/wp-json\/wp\/v2\/pages"}],"about":[{"href":"https:\/\/pentorfinance.com\/fr\/wp-json\/wp\/v2\/types\/page"}],"author":[{"embeddable":true,"href":"https:\/\/pentorfinance.com\/fr\/wp-json\/wp\/v2\/users\/2"}],"replies":[{"embeddable":true,"href":"https:\/\/pentorfinance.com\/fr\/wp-json\/wp\/v2\/comments?post=1939"}],"version-history":[{"count":5,"href":"https:\/\/pentorfinance.com\/fr\/wp-json\/wp\/v2\/pages\/1939\/revisions"}],"predecessor-version":[{"id":2601,"href":"https:\/\/pentorfinance.com\/fr\/wp-json\/wp\/v2\/pages\/1939\/revisions\/2601"}],"wp:attachment":[{"href":"https:\/\/pentorfinance.com\/fr\/wp-json\/wp\/v2\/media?parent=1939"}],"curies":[{"name":"wp","href":"https:\/\/api.w.org\/{rel}","templated":true}]}}