{"id":1937,"date":"2015-08-28T11:23:08","date_gmt":"2015-08-28T15:23:08","guid":{"rendered":"http:\/\/pentorfinance.com\/fr\/?page_id=1937"},"modified":"2018-06-05T13:06:14","modified_gmt":"2018-06-05T17:06:14","slug":"implication-communautaire","status":"publish","type":"page","link":"https:\/\/pentorfinance.com\/fr\/accueil\/implication-communautaire\/","title":{"rendered":"Implication communautaire"},"content":{"rendered":"<div class=\"panel-grid\" id=\"pg-1937-0\" > <div class=\"panel-row-style-parallax-overlay panel-row-style\" style=\"background-color: #3e3b4f; background-image: url(http:\/\/pentorfinance.com\/assets\/uploads\/2016\/01\/family-slider-bg-cut.png);background-position:50% 50%; padding-top: 120px; padding-bottom: 60px; \" > <div class=\"parallax-overlay parallax-overlay-pattern\"><div class=\"container\"><div class=\"panel-grid-cell\" id=\"pgc-1937-0-0\" ><div class=\"panel-builder widget-builder widget_origin_title panel-first-child\" id=\"panel-1937-0-0-0\"><div class=\"origin-widget origin-widget-title origin-widget-title-simple-simple align-left text-lightest\"><h1  class=\"align-left\">\n\t<\/h1>\n<\/div><\/div><div class=\"panel-builder widget-builder widget_origin_title panel-last-child\" id=\"panel-1937-0-0-1\"><div class=\"origin-widget origin-widget-title origin-widget-title-simple-simple align-center text-light\"><h1  class=\"align-center\">\n\tImplication communautaire<\/h1>\n<\/div><\/div><\/div><\/div><\/div><\/div><\/div><div class=\"panel-grid\" id=\"pg-1937-1\" > <div class=\"panel-row-style-default panel-row-style\" ><div class=\"container\"><div class=\"panel-grid-cell\" id=\"pgc-1937-1-0\" ><div class=\"panel-builder widget-builder widget_origin_spacer panel-first-child\" id=\"panel-1937-1-0-0\"><div class=\"origin-widget origin-widget-spacer origin-widget-spacer-simple-blank\"><div style=\"margin-bottom:20px;\"><\/div>\n<\/div><\/div><div class=\"well well-sm panel-builder widget-builder widget_text panel-last-child\" id=\"panel-1937-1-0-1\">\t\t\t<div class=\"textwidget\"><h3>PENTOR Finance est fi\u00e8re de s'impliquer dans sa collectivit\u00e9. Voici quelques-unes des initiatives auxquelles nous participons.<\/h3><\/div>\n\t\t<\/div><\/div><\/div><\/div><\/div><div class=\"panel-grid\" id=\"pg-1937-2\" > <div class=\"panel-row-style-default panel-row-style\" style=\"padding-top: 80px; padding-bottom: 80px; \" ><div class=\"container\"><div class=\"panel-grid-cell\" id=\"pgc-1937-2-0\" ><div class=\"panel-builder widget-builder widget_origin_title panel-first-child\" id=\"panel-1937-2-0-0\"><div class=\"origin-widget origin-widget-title origin-widget-title-simple-simple align-left text-noraml\"><h3  class=\"align-left\">\n\tBourse PENTOR Finance \u2013 Fondation ACCHA<\/h3>\n<\/div><\/div><div class=\"well well-sm panel-builder widget-builder widget_text\" id=\"panel-1937-2-0-1\">\t\t\t<div class=\"textwidget\"><b>La premi\u00e8re bourse PENTOR Finance \u2013 Fondation ACCHA, d\u2019une valeur de 2 000 $, a \u00e9t\u00e9 remise \u00e0 Dominic Cha\u00een\u00e9 de l'Universit\u00e9 Laval en 2014 et \u00e0 Cynthia Malo de l'Universit\u00e9 Laval en 2015. F\u00e9licitations !<\/b><\/div>\n\t\t<\/div><div class=\"panel-builder widget-builder widget_origin_spacer\" id=\"panel-1937-2-0-2\"><div class=\"origin-widget origin-widget-spacer origin-widget-spacer-simple-blank\"><div style=\"margin-bottom:20px;\"><\/div>\n<\/div><\/div><div class=\"panel-builder widget-builder widget_origin_spacer panel-last-child\" id=\"panel-1937-2-0-3\"><div class=\"origin-widget origin-widget-spacer origin-widget-spacer-simple-blank\"><div style=\"margin-bottom:30px;\"><\/div>\n<\/div><\/div><\/div><div class=\"panel-grid-cell\" id=\"pgc-1937-2-1\" ><div class=\"well well-sm panel-builder widget-builder widget_sow-images panel-first-child\" id=\"panel-1937-2-1-0\"><div class=\"so-widget-sow-images so-widget-sow-images-base\"><div class=\"image_wrapper align-center\">\n<img decoding=\"async\" src=\"https:\/\/pentorfinance.com\/assets\/uploads\/2015\/08\/scholarship-screen-cap-for-fb-e1440476479970.png\" class=\"\" alt=\"none\">\n\t\t\t\t\t\t\t\t\t\t\n\t\t\t\t\t\t\t\t\t\t    \t\n\t\t\t\t\t\t\t\t\t\t\t<\/div>\n\n<\/div><\/div><div class=\"well well-sm panel-builder widget-builder widget_sow-images panel-last-child\" id=\"panel-1937-2-1-1\"><div class=\"so-widget-sow-images so-widget-sow-images-base\"><div class=\"image_wrapper align-center\">\n<img decoding=\"async\" src=\"https:\/\/pentorfinance.com\/assets\/uploads\/2015\/08\/MG_2750-e1464910576215.jpg\" class=\"\" alt=\"none\">\n\t\t\t\t\t\t\t\t\t\t\n\t\t\t\t\t\t\t\t\t\t    \t\n\t\t\t\t\t\t\t\t\t\t\t<\/div>\n\n<\/div><\/div><\/div><div class=\"panel-grid-cell\" id=\"pgc-1937-2-2\" >&nbsp;<\/div><\/div><\/div><\/div><div class=\"panel-grid\" id=\"pg-1937-3\" > <div class=\"panel-row-style-default panel-row-style\" ><div class=\"container\"><div class=\"panel-grid-cell\" id=\"pgc-1937-3-0\" ><div class=\"well well-sm panel-builder widget-builder widget_sow-images panel-first-child panel-last-child\" id=\"panel-1937-3-0-0\"><div class=\"so-widget-sow-images so-widget-sow-images-base\"><div class=\"image_wrapper align-center\">\n<img decoding=\"async\" src=\"https:\/\/pentorfinance.com\/assets\/uploads\/2015\/08\/Heros-Park-Collage.jpg\" class=\"\" alt=\"none\">\n\t\t\t\t\t\t\t\t\t\t\n\t\t\t\t\t\t\t\t\t\t    \t\n\t\t\t\t\t\t\t\t\t\t\t<\/div>\n\n<\/div><\/div><\/div><div class=\"panel-grid-cell\" id=\"pgc-1937-3-1\" ><div class=\"panel-builder widget-builder widget_origin_title panel-first-child\" id=\"panel-1937-3-1-0\"><div class=\"origin-widget origin-widget-title origin-widget-title-simple-simple align-left text-noraml\"><h3  class=\"align-left\">\n\tParc des h\u00e9ros<\/h3>\n<\/div><\/div><div class=\"well well-sm panel-builder widget-builder widget_text\" id=\"panel-1937-3-1-1\">\t\t\t<div class=\"textwidget\"><b>En octobre 2014, un parc unique en son genre voyait le jour \u00e0 Beaconsfield. Le Parc des h\u00e9ros, inaugur\u00e9 par Son Excellence le Gouverneur g\u00e9n\u00e9ral, est \u00ab En hommage \u00e0 nos h\u00e9ros pass\u00e9s, pr\u00e9sents, et futurs \u00bb : militaires, pompiers, policiers, ambulanciers, tous sont honor\u00e9s par ce parc tout pr\u00e8s du Lac Saint-Louis. \nPENTOR Finance est fi\u00e8re d'avoir contribu\u00e9 \u00e0 la r\u00e9alisation de ce projet<\/b><\/div>\n\t\t<\/div><div class=\"panel-builder widget-builder widget_origin_spacer panel-last-child\" id=\"panel-1937-3-1-2\"><div class=\"origin-widget origin-widget-spacer origin-widget-spacer-simple-blank\"><div style=\"margin-bottom:20px;\"><\/div>\n<\/div><\/div><\/div><\/div><\/div><\/div><div class=\"panel-grid\" id=\"pg-1937-4\" > <div class=\"panel-row-style-default panel-row-style\" ><div class=\"container\"><div class=\"panel-grid-cell\" id=\"pgc-1937-4-0\" ><div class=\"panel-builder widget-builder widget_origin_spacer panel-first-child\" id=\"panel-1937-4-0-0\"><div class=\"origin-widget origin-widget-spacer origin-widget-spacer-simple-blank\"><div style=\"margin-bottom:30px;\"><\/div>\n<\/div><\/div><div class=\"panel-builder widget-builder widget_origin_title\" id=\"panel-1937-4-0-1\"><div class=\"origin-widget origin-widget-title origin-widget-title-simple-simple align-left text-noraml\"><h3  class=\"align-left\">\n\tFondation du syndrome de Loeys-Dietz du Canada<\/h3>\n<\/div><\/div><div class=\"well well-sm panel-builder widget-builder widget_text\" id=\"panel-1937-4-0-2\">\t\t\t<div class=\"textwidget\"><b>Depuis ses d\u00e9buts, PENTOR Finance est fi\u00e8re d'appuyer la <a href=\"http:\/\/www.loeysdietzcanada.org\" target=\"_blank\" style=\"color:#000000\">Fondation du syndrome de Loeys-Dietz du Canada<\/a>, en lui offrant un soutien financier, administratif, et professionnel. Il s'agit d'une cause qui lui est proche, puisqu'elle touche directement la grande famille PENTOR.<\/b>\n\n<\/div>\n\t\t<\/div><div class=\"panel-builder widget-builder widget_origin_spacer panel-last-child\" id=\"panel-1937-4-0-3\"><div class=\"origin-widget origin-widget-spacer origin-widget-spacer-simple-blank\"><div style=\"margin-bottom:20px;\"><\/div>\n<\/div><\/div><\/div><div class=\"panel-grid-cell\" id=\"pgc-1937-4-1\" ><div class=\"panel-builder widget-builder widget_origin_spacer panel-first-child\" id=\"panel-1937-4-1-0\"><div class=\"origin-widget origin-widget-spacer origin-widget-spacer-simple-blank\"><div style=\"margin-bottom:50px;\"><\/div>\n<\/div><\/div><div class=\"well well-sm panel-builder widget-builder widget_sow-images panel-last-child\" id=\"panel-1937-4-1-1\"><div class=\"so-widget-sow-images so-widget-sow-images-base\"><div class=\"image_wrapper align-center\">\n<a href=\"http:\/\/www.loeysdietzcanada.org\"><img decoding=\"async\" src=\"https:\/\/pentorfinance.com\/assets\/uploads\/2015\/08\/LDSF-Promo.png\" class=\"\" alt=\"none\">\n\t\t\t\t\t\t\t\t\t\t\n\t\t\t\t\t\t\t\t\t\t    <\/a>\t\n\t\t\t\t\t\t\t\t\t\t\t<\/div>\n\n<\/div><\/div><\/div><\/div><\/div><\/div><div class=\"panel-grid\" id=\"pg-1937-5\" > <div class=\"panel-row-style-default panel-row-style\" style=\"padding-bottom: 40px; \" ><div class=\"container\"><div class=\"panel-grid-cell\" id=\"pgc-1937-5-0\" ><div class=\"panel-builder widget-builder widget_origin_spacer panel-first-child\" id=\"panel-1937-5-0-0\"><div class=\"origin-widget origin-widget-spacer origin-widget-spacer-simple-blank\"><div style=\"margin-bottom:30px;\"><\/div>\n<\/div><\/div><div class=\"panel-builder widget-builder widget_origin_button\" id=\"panel-1937-5-0-1\"><div class=\"origin-widget origin-widget-button origin-widget-button-default-default align-center\"><a class=\"btn-color btn-color-1d big-size  nav-to tp-button darkgrey-fill \" href=\"tel:1-888-508-7139\" >\n\tConsultation gratuite: 888-508-7139<\/a>\n<\/div><\/div><div class=\"panel-builder widget-builder widget_origin_spacer\" id=\"panel-1937-5-0-2\"><div class=\"origin-widget origin-widget-spacer origin-widget-spacer-simple-blank\"><div style=\"margin-bottom:10px;\"><\/div>\n<\/div><\/div><div class=\"panel-builder widget-builder widget_origin_spacer\" id=\"panel-1937-5-0-3\"><div class=\"origin-widget origin-widget-spacer origin-widget-spacer-simple-blank\"><div style=\"margin-bottom:10px;\"><\/div>\n<\/div><\/div><div class=\"panel-builder widget-builder widget_origin_button panel-last-child\" id=\"panel-1937-5-0-4\"><div class=\"origin-widget origin-widget-button origin-widget-button-default-default align-center\"><a class=\"btn-color btn-color-1d big-size  nav-to tp-button darkgrey-fill \" href=\"http:\/\/pentorfinance.com\/form-view\/2\" >\n\tFaites une demande gratuitement !<\/a>\n<\/div><\/div><\/div><\/div><\/div><\/div>","protected":false},"excerpt":{"rendered":"<p>Implication communautaire PENTOR Finance est fi\u00e8re de s&rsquo;impliquer dans sa collectivit\u00e9. Voici quelques-unes des initiatives auxquelles nous participons. Bourse PENTOR Finance \u2013 Fondation ACCHA La premi\u00e8re bourse PENTOR Finance \u2013 Fondation ACCHA, d\u2019une valeur de 2 000 $, a \u00e9t\u00e9 remise \u00e0 Dominic Cha\u00een\u00e9 de l&rsquo;Universit\u00e9 Laval en 2014 et \u00e0 Cynthia Malo de l&rsquo;Universit\u00e9 [&hellip;]<a class=\"\" title=\"Read more on Implication communautaire\" href=\"https:\/\/pentorfinance.com\/fr\/accueil\/implication-communautaire\/\"> Read more<\/a><\/p>\n","protected":false},"author":2,"featured_media":0,"parent":1962,"menu_order":4,"comment_status":"open","ping_status":"open","template":"dikka-page-builder.php","meta":{"footnotes":""},"class_list":["post-1937","page","type-page","status-publish","hentry"],"_links":{"self":[{"href":"https:\/\/pentorfinance.com\/fr\/wp-json\/wp\/v2\/pages\/1937","targetHints":{"allow":["GET"]}}],"collection":[{"href":"https:\/\/pentorfinance.com\/fr\/wp-json\/wp\/v2\/pages"}],"about":[{"href":"https:\/\/pentorfinance.com\/fr\/wp-json\/wp\/v2\/types\/page"}],"author":[{"embeddable":true,"href":"https:\/\/pentorfinance.com\/fr\/wp-json\/wp\/v2\/users\/2"}],"replies":[{"embeddable":true,"href":"https:\/\/pentorfinance.com\/fr\/wp-json\/wp\/v2\/comments?post=1937"}],"version-history":[{"count":5,"href":"https:\/\/pentorfinance.com\/fr\/wp-json\/wp\/v2\/pages\/1937\/revisions"}],"predecessor-version":[{"id":2594,"href":"https:\/\/pentorfinance.com\/fr\/wp-json\/wp\/v2\/pages\/1937\/revisions\/2594"}],"up":[{"embeddable":true,"href":"https:\/\/pentorfinance.com\/fr\/wp-json\/wp\/v2\/pages\/1962"}],"wp:attachment":[{"href":"https:\/\/pentorfinance.com\/fr\/wp-json\/wp\/v2\/media?parent=1937"}],"curies":[{"name":"wp","href":"https:\/\/api.w.org\/{rel}","templated":true}]}}