{"id":1935,"date":"2015-08-28T11:14:40","date_gmt":"2015-08-28T15:14:40","guid":{"rendered":"http:\/\/pentorfinance.com\/fr\/?page_id=1935"},"modified":"2018-06-05T13:05:41","modified_gmt":"2018-06-05T17:05:41","slug":"pourquoi-choisir-pentor-finance","status":"publish","type":"page","link":"https:\/\/pentorfinance.com\/fr\/accueil\/pourquoi-choisir-pentor-finance\/","title":{"rendered":"Pourquoi choisir PENTOR Finance"},"content":{"rendered":"<div class=\"panel-grid\" id=\"pg-1935-0\" > <div class=\"panel-row-style-parallax-overlay panel-row-style\" style=\"background-color: #3e3b4f; background-image: url(http:\/\/pentorfinance.com\/assets\/uploads\/2016\/01\/family-slider-bg-cut.png);background-position:50% 50%; padding-top: 120px; padding-bottom: 60px; \" > <div class=\"parallax-overlay parallax-overlay-pattern\"><div class=\"container\"><div class=\"panel-grid-cell\" id=\"pgc-1935-0-0\" ><div class=\"panel-builder widget-builder widget_origin_title panel-first-child\" id=\"panel-1935-0-0-0\"><div class=\"origin-widget origin-widget-title origin-widget-title-simple-simple align-left text-lightest\"><h1  class=\"align-left\">\n\t<\/h1>\n<\/div><\/div><div class=\"panel-builder widget-builder widget_origin_title panel-last-child\" id=\"panel-1935-0-0-1\"><div class=\"origin-widget origin-widget-title origin-widget-title-simple-simple align-center text-light\"><h1  class=\"align-center\">\n\tPourquoi choisir PENTOR Finance<\/h1>\n<\/div><\/div><\/div><\/div><\/div><\/div><\/div><div class=\"panel-grid\" id=\"pg-1935-1\" > <div class=\"panel-row-style-default panel-row-style\" style=\"padding-top: 80px; padding-bottom: 80px; \" ><div class=\"container\"><div class=\"panel-grid-cell\" id=\"pgc-1935-1-0\" ><div class=\"panel-builder widget-builder widget_origin_spacer panel-first-child\" id=\"panel-1935-1-0-0\"><div class=\"origin-widget origin-widget-spacer origin-widget-spacer-simple-blank\"><div style=\"margin-bottom:20px;\"><\/div>\n<\/div><\/div><div class=\"well well-sm panel-builder widget-builder widget_sow-images panel-last-child\" id=\"panel-1935-1-0-1\"><div class=\"so-widget-sow-images so-widget-sow-images-base\"><div class=\"image_wrapper align-left\">\n<img decoding=\"async\" src=\"https:\/\/pentorfinance.com\/assets\/uploads\/2015\/08\/why_pfc-e1442547268599.png\" class=\"\" alt=\"none\">\n\t\t\t\t\t\t\t\t\t\t\n\t\t\t\t\t\t\t\t\t\t    \t\n\t\t\t\t\t\t\t\t\t\t\t<\/div>\n\n<\/div><\/div><\/div><div class=\"panel-grid-cell\" id=\"pgc-1935-1-1\" ><div class=\"panel-builder widget-builder widget_origin_title panel-first-child\" id=\"panel-1935-1-1-0\"><div class=\"origin-widget origin-widget-title origin-widget-title-simple-simple align-left text-noraml\"><h3  class=\"align-left\">\n\tNouvelle approche dans le domaine du pr\u00eat priv\u00e9<\/h3>\n<\/div><\/div><div class=\"panel-builder widget-builder widget_origin_spacer\" id=\"panel-1935-1-1-1\"><div class=\"origin-widget origin-widget-spacer origin-widget-spacer-simple-blank\"><div style=\"margin-bottom:20px;\"><\/div>\n<\/div><\/div><div class=\"panel-builder widget-builder widget_origin_list panel-last-child\" id=\"panel-1935-1-1-2\"><div class=\"origin-widget origin-widget-list origin-widget-list-default-default text-noraml\"><div class=\"list-body \">\n<ul>\n<li><i class='fa fa-check'><\/i><b>Transparence<\/li>\n<li><i class='fa fa-check'><\/i>\u00c9thique<\/li>\n<li><i class='fa fa-check'><\/i>Orientation client<\/li>\n<li><i class='fa fa-check'><\/i>Rapidit\u00e9<\/li>\n<li><i class='fa fa-check'><\/i>Gros bon sens<\/li>\n<li><i class='fa fa-check'><\/i>Facilit\u00e9 de transiger et de compl\u00e9ter le dossier<\/li>\n<li><i class='fa fa-check'><\/i>Promesses tenues<\/li>\n<li><i class='fa fa-check'><\/i>Accent sur le remboursement et la \u00ab graduation \u00bb <\/li>\n<li><i class='fa fa-check'><\/i>D\u00e9bours\u00e9 rapide <\/b><\/li>\n<\/ul>\n<\/div><\/div><\/div><\/div><\/div><\/div><\/div><div class=\"panel-grid\" id=\"pg-1935-2\" > <div class=\"panel-row-style-default panel-row-style\" style=\"padding-bottom: 40px; \" ><div class=\"container\"><div class=\"panel-grid-cell\" id=\"pgc-1935-2-0\" ><div class=\"panel-builder widget-builder widget_origin_button panel-first-child\" id=\"panel-1935-2-0-0\"><div class=\"origin-widget origin-widget-button origin-widget-button-default-default align-center\"><a class=\"btn-color btn-color-1d big-size  nav-to tp-button darkgrey-fill \" href=\"tel:1-888-508-7139\" >\n\tConsultation gratuite: 888-508-7139<\/a>\n<\/div><\/div><div class=\"panel-builder widget-builder widget_origin_spacer\" id=\"panel-1935-2-0-1\"><div class=\"origin-widget origin-widget-spacer origin-widget-spacer-simple-blank\"><div style=\"margin-bottom:10px;\"><\/div>\n<\/div><\/div><div class=\"panel-builder widget-builder widget_origin_spacer\" id=\"panel-1935-2-0-2\"><div class=\"origin-widget origin-widget-spacer origin-widget-spacer-simple-blank\"><div style=\"margin-bottom:10px;\"><\/div>\n<\/div><\/div><div class=\"panel-builder widget-builder widget_origin_button panel-last-child\" id=\"panel-1935-2-0-3\"><div class=\"origin-widget origin-widget-button origin-widget-button-default-default align-center\"><a class=\"btn-color btn-color-1d big-size  nav-to tp-button darkgrey-fill \" href=\"http:\/\/pentorfinance.com\/form-view\/2\" >\n\tFaites une demande gratuitement !<\/a>\n<\/div><\/div><\/div><\/div><\/div><\/div>","protected":false},"excerpt":{"rendered":"<p>Pourquoi choisir PENTOR Finance Nouvelle approche dans le domaine du pr\u00eat priv\u00e9 Transparence \u00c9thique Orientation client Rapidit\u00e9 Gros bon sens Facilit\u00e9 de transiger et de compl\u00e9ter le dossier Promesses tenues Accent sur le remboursement et la \u00ab graduation \u00bb D\u00e9bours\u00e9 rapide Consultation gratuite: 888-508-7139 Faites une demande gratuitement !<\/p>\n","protected":false},"author":2,"featured_media":0,"parent":1962,"menu_order":3,"comment_status":"open","ping_status":"open","template":"dikka-page-builder.php","meta":{"footnotes":""},"class_list":["post-1935","page","type-page","status-publish","hentry"],"_links":{"self":[{"href":"https:\/\/pentorfinance.com\/fr\/wp-json\/wp\/v2\/pages\/1935","targetHints":{"allow":["GET"]}}],"collection":[{"href":"https:\/\/pentorfinance.com\/fr\/wp-json\/wp\/v2\/pages"}],"about":[{"href":"https:\/\/pentorfinance.com\/fr\/wp-json\/wp\/v2\/types\/page"}],"author":[{"embeddable":true,"href":"https:\/\/pentorfinance.com\/fr\/wp-json\/wp\/v2\/users\/2"}],"replies":[{"embeddable":true,"href":"https:\/\/pentorfinance.com\/fr\/wp-json\/wp\/v2\/comments?post=1935"}],"version-history":[{"count":5,"href":"https:\/\/pentorfinance.com\/fr\/wp-json\/wp\/v2\/pages\/1935\/revisions"}],"predecessor-version":[{"id":2593,"href":"https:\/\/pentorfinance.com\/fr\/wp-json\/wp\/v2\/pages\/1935\/revisions\/2593"}],"up":[{"embeddable":true,"href":"https:\/\/pentorfinance.com\/fr\/wp-json\/wp\/v2\/pages\/1962"}],"wp:attachment":[{"href":"https:\/\/pentorfinance.com\/fr\/wp-json\/wp\/v2\/media?parent=1935"}],"curies":[{"name":"wp","href":"https:\/\/api.w.org\/{rel}","templated":true}]}}