{"id":1922,"date":"2015-08-28T10:30:33","date_gmt":"2015-08-28T14:30:33","guid":{"rendered":"http:\/\/pentorfinance.com\/fr\/?page_id=1922"},"modified":"2015-10-26T12:01:03","modified_gmt":"2015-10-26T16:01:03","slug":"patrick-lalonde","status":"publish","type":"page","link":"https:\/\/pentorfinance.com\/fr\/accueil\/lequipe-pentor-finance\/patrick-lalonde\/","title":{"rendered":"Patrick Lalonde"},"content":{"rendered":"<div class=\"panel-grid\" id=\"pg-1922-0\" > <div class=\"panel-row-style-wide panel-row-style\" style=\"background-color: #333333; padding-top: 32px; padding-bottom: 33px; \" ><div class=\"panel-grid-cell\" id=\"pgc-1922-0-0\" >&nbsp;<\/div><\/div><\/div><div class=\"panel-grid\" id=\"pg-1922-1\" > <div class=\"panel-row-style-default panel-row-style\" style=\"padding-top: 60px; \" ><div class=\"container\"><div class=\"panel-grid-cell\" id=\"pgc-1922-1-0\" ><div class=\"well well-sm panel-builder widget-builder widget_sow-images panel-first-child panel-last-child\" id=\"panel-1922-1-0-0\"><div class=\"so-widget-sow-images so-widget-sow-images-base\"><div class=\"image_wrapper align-left\">\n<img decoding=\"async\" src=\"https:\/\/pentorfinance.com\/assets\/uploads\/2015\/08\/Patrick_Lalonde_300_300.jpg\" class=\"animated fadeInDown\" alt=\"fadeInDown\">\n\t\t\t\t\t\t\t\t\t\t\n\t\t\t\t\t\t\t\t\t\t    \t\n\t\t\t\t\t\t\t\t\t\t\t<\/div>\n<div class=\"image_wrapper align-left\">\n<\/div>\n\n<\/div><\/div><\/div><div class=\"panel-grid-cell\" id=\"pgc-1922-1-1\" ><div class=\"panel-builder widget-builder widget_origin_title panel-first-child\" id=\"panel-1922-1-1-0\"><div class=\"origin-widget origin-widget-title origin-widget-title-simple-simple align-left text-dark\"><h2  class=\"align-left\">\n\tPatrick Lalonde<\/h2>\n<\/div><\/div><div class=\"panel-builder widget-builder widget_origin_title\" id=\"panel-1922-1-1-1\"><div class=\"origin-widget origin-widget-title origin-widget-title-simple-simple align-left text-noraml\"><h5  class=\"align-left\">\n\t<b>Directeur du d\u00e9veloppement des affaires<\/b><\/h5>\n<\/div><\/div><div class=\"panel-builder widget-builder widget_origin_spacer\" id=\"panel-1922-1-1-2\"><div class=\"origin-widget origin-widget-spacer origin-widget-spacer-simple-blank\"><div style=\"margin-bottom:20px;\"><\/div>\n<\/div><\/div><div class=\"panel-builder widget-builder widget_origin_address\" id=\"panel-1922-1-1-3\"><div class=\"origin-widget origin-widget-address origin-widget-address-default-default text-noraml\"><div class=\"address\">\n<p><i class=\"fa fa-phone\"><\/i> <b>Portable : <\/b><a href=\"tel:514-655-7743\">514-655-7743<\/a> <\/p>\n<p><i class=\"fa fa-print\"><\/i> <b>Sans frais : <\/b><a href=\"tel:1-855-655-7743\">1-855-655-7743<\/a> <\/p>\n<p><i class=\"fa fa-envelope\"><\/i> <b>Courriel : <\/b>\n\t<a href=\"mailto:plalonde@pentor.com\">\n\t\tplalonde@pentor.com \n\t<\/a>\n\t<\/p>\n<\/div><\/div><\/div><div class=\"panel-builder widget-builder widget_origin_spacer\" id=\"panel-1922-1-1-4\"><div class=\"origin-widget origin-widget-spacer origin-widget-spacer-simple-blank\"><div style=\"margin-bottom:40px;\"><\/div>\n<\/div><\/div><div class=\"panel-builder widget-builder widget_origin_list\" id=\"panel-1922-1-1-5\"><div class=\"origin-widget origin-widget-list origin-widget-list-default-default text-noraml\"><div class=\"list-body \">\n<h3 class=\"widget-title\">Comp\u00e9tences<\/h3><ul>\n<li><i class='fa fa-check-square'><\/i>17 ans d'exp\u00e9rience en financement hypoth\u00e9caire dans une banque \u00e0 charte canadienne: 2 ans  \u00e0 titre de gestionnaire ex\u00e9cutif d'\u00e9quipes de ventes performantes, 7 ans \u00e0 titre de gestionnaire de d\u00e9veloppeurs hypoth\u00e9caires, et 8 ans \u00e0 titre de d\u00e9veloppeur hypoth\u00e9caire<\/li>\n<li><i class='fa fa-check-square'><\/i>Impliqu\u00e9 dans le maintien d'importantes relations d'affaires<\/li>\n<li><i class='fa fa-check-square'><\/i>Ax\u00e9 client: prise en compte des besoins afin d'adapter la solution \u00e0 ceux-ci<\/li>\n<li><i class='fa fa-check-square'><\/i>Exp\u00e9rience en d\u00e9veloppement des affaires reconnue<\/li>\n<li><i class='fa fa-check-square'><\/i>Sens de l'urgence<\/li>\n<li><i class='fa fa-check-square'><\/i>Structur\u00e9 et professionnel<\/li>\n<\/ul>\n<\/div><\/div><\/div><div class=\"panel-builder widget-builder widget_origin_spacer panel-last-child\" id=\"panel-1922-1-1-6\"><div class=\"origin-widget origin-widget-spacer origin-widget-spacer-simple-blank\"><div style=\"margin-bottom:40px;\"><\/div>\n<\/div><\/div><\/div><\/div><\/div><\/div><div class=\"panel-grid\" id=\"pg-1922-2\" > <div class=\"panel-row-style-default panel-row-style\" style=\"background-color: #f7f7f7; padding-top: 80px; padding-bottom: 80px; \" ><div class=\"container\"><div class=\"panel-grid-cell\" id=\"pgc-1922-2-0\" ><div class=\"panel-builder widget-builder widget_origin_title panel-first-child\" id=\"panel-1922-2-0-0\"><div class=\"origin-widget origin-widget-title origin-widget-title-simple-simple align-left text-noraml\"><h4  class=\"align-left\">\n\tL\u2019\u00e9quipe PENTOR Finance<\/h4>\n<\/div><\/div><div class=\"panel-builder widget-builder widget_origin_spacer\" id=\"panel-1922-2-0-1\"><div class=\"origin-widget origin-widget-spacer origin-widget-spacer-simple-blank\"><div style=\"margin-bottom:40px;\"><\/div>\n<\/div><\/div><div class=\"well well-sm panel-builder widget-builder widget_text panel-last-child\" id=\"panel-1922-2-0-2\">\t\t\t<div class=\"textwidget\"><style type='text\/css'>#cbpw-wrap23 {margin:0;}#cbpw-grid23 .cbp-item {width:300px;height:278px;}#cbpw-grid23 .cbp-l-grid-team-name {color:#444444;background-color:transparent;font-size:16px;font-family:Open Sans;font-weight:400;font-style:normal;line-height:normal;text-align:center;padding:0px 0px 0px 0px;margin:0px 0px 3px 0px;text-transform:none;}#cbpw-grid23 .cbp-l-grid-team-position {color:#474747;background-color:transparent;font-size:12px;font-family:Open Sans;font-weight:400;font-style:normal;line-height:light;text-align:center;padding:0px 0px 0px 0px;margin:0px 0px 0px 0px;text-transform:none;}#cbpw-grid23 .cbp-l-caption-text {color:#FFFFFF;background-color:transparent;font-size:12px;font-family:Open Sans;font-weight:400;font-style:normal;line-height:normal;text-align:center;padding:0px 0px 0px 0px;margin:0px 0px 0px 0px;text-transform:none;}#cbpw-grid23 .cbp-caption-activeWrap {background-color:#3b3550;}#cbpw-grid23 .cbp-item-height-1 {height:378px;}#cbpw-grid23 .cbp-item-height-2 {height:300px;}#cbpw-loadMore23 .cbp-l-loadMore-button-link {color:#7E7B7B;background-color:transparent;border-width:2px 2px 2px 2px;border-style:solid;border-color:#DEDEDE;border-radius:2px;font-size:11px;font-family:Open Sans;font-weight:400;font-style:normal;line-height:34px;text-align:center;padding:0px 20px 0px 20px;margin:30px 0px 0px 0px;text-transform:none;}#cbpw-loadMore23 .cbp-l-loadMore-button-link:hover {color:#B0B0B0;background-color:transparent;border-width:2px 2px 2px 2px;border-style:solid;border-color:#DEDEDE;border-radius:2px;font-size:11px;font-family:Open Sans;font-weight:400;font-style:normal;line-height:34px;text-align:center;padding:0px 20px 0px 20px;margin:30px 0px 0px 0px;text-transform:none;}#cbpw-loadMore23 .cbp-l-loadMore-button-loading {color:#7E7B7B;background-color:transparent;border-width:2px 2px 2px 2px;border-style:solid;border-color:#DEDEDE;border-radius:2px;font-size:11px;font-family:Open Sans;font-weight:400;font-style:normal;line-height:34px;text-align:center;padding:0px 20px 0px 20px;margin:30px 0px 0px 0px;text-transform:none;}#cbpw-loadMore23 .cbp-l-loadMore-button-loading:hover {color:#7E7B7B;background-color:transparent;border-width:2px 2px 2px 2px;border-style:solid;border-color:#DEDEDE;border-radius:2px;font-size:11px;font-family:Open Sans;font-weight:400;font-style:normal;line-height:34px;text-align:center;padding:0px 20px 0px 20px;margin:30px 0px 0px 0px;text-transform:none;}#cbpw-loadMore23 .cbp-l-loadMore-button-stop {color:#B0B0B0;background-color:transparent;border-width:2px 2px 2px 2px;border-style:solid;border-color:#DEDEDE;border-radius:2px;font-size:11px;font-family:Open Sans;font-weight:400;font-style:normal;line-height:34px;text-align:center;padding:0px 20px 0px 20px;margin:30px 0px 0px 0px;text-transform:none;}#cbpw-loadMore23 .cbp-l-loadMore-button-stop:hover {color:#B0B0B0;background-color:transparent;border-width:2px 2px 2px 2px;border-style:solid;border-color:#DEDEDE;border-radius:2px;font-size:11px;font-family:Open Sans;font-weight:400;font-style:normal;line-height:34px;text-align:center;padding:0px 20px 0px 20px;margin:30px 0px 0px 0px;text-transform:none;}#cbpw-singlePage23 .cbp-popup-navigation-wrap {background-color:#E45D5D;}#cbpw-singlePage23 .cbp-popup-singlePage-counter {color:#bbc0df;font-size:13px;font-family:Open Sans;}<\/style><link rel=\"stylesheet\" href=\"\/\/fonts.googleapis.com\/css?family=Open+Sans:400normal,NaN\" type=\"text\/css\" media=\"all\" \/><div id=\"cbpw-wrap23\"><div id=\"cbpw-grid23\" class=\"cbp-l-grid-team\"><div><div class=\"cbp-item finance cbp-item-height-2\"><a href=\"http:\/\/pentorfinance.com\/fr\/peter-galli\/\" class=\"cbp-caption cbp-simpleLink\"><div class=\"cbp-caption-defaultWrap\"><img decoding=\"async\" src=\"http:\/\/pentorfinance.com\/assets\/uploads\/2014\/11\/Peter_Galli_300_300.jpg\" alt=\"\" width=\"100%\"><\/div><div class=\"cbp-caption-activeWrap\"><div class=\"cbp-l-caption-alignCenter\"><div class=\"cbp-l-caption-body\"><div class=\"cbp-l-caption-text\">\u00c0 PROPOS DE PETER<\/div><\/div><\/div><\/div><\/a><a href=\"\" class=\"cbp-l-grid-team-name cbp-simpleLink\">Peter Galli<\/a><div class=\"cbp-l-grid-team-position\">Pr\u00e9sident<\/div><\/div><div class=\"cbp-item support\"><a href=\"http:\/\/codecanyon.net\/user\/bmihai\" class=\"cbp-caption cbp-simpleLink\"><div class=\"cbp-caption-defaultWrap\"><img decoding=\"async\" src=\"http:\/\/scriptpie.com\/cubeportfolio\/wordpress\/wp-content\/uploads\/2014\/08\/3big1.jpg\" alt=\"\" width=\"100%\"><\/div><div class=\"cbp-caption-activeWrap\"><div class=\"cbp-l-caption-alignCenter\"><div class=\"cbp-l-caption-body\"><div class=\"cbp-l-caption-text\">VIEW PROFILE<\/div><\/div><\/div><\/div><\/a><a href=\"http:\/\/codecanyon.net\/user\/bmihai\" class=\"cbp-l-grid-team-name cbp-simpleLink\">Mike Chant<\/a><div class=\"cbp-l-grid-team-position\">Support<\/div><\/div><div class=\"cbp-item marketing\"><a href=\"http:\/\/ipsumimage.appspot.com\/800x600.png\" class=\"cbp-caption cbp-lightbox\" data-title=\"data title\"><div class=\"cbp-caption-defaultWrap\"><img decoding=\"async\" src=\"http:\/\/scriptpie.com\/cubeportfolio\/wordpress\/wp-content\/uploads\/2014\/08\/31.jpg\" alt=\"\" width=\"100%\"><\/div><div class=\"cbp-caption-activeWrap\"><div class=\"cbp-l-caption-alignCenter\"><div class=\"cbp-l-caption-body\"><div class=\"cbp-l-caption-text\">default 1<\/div><\/div><\/div><\/div><\/a><a href=\"http:\/\/codecanyon.net\/user\/bmihai\" class=\"cbp-l-grid-team-name cbp-simpleLink\" data-title=\"data title\">Rebecca Breen<\/a><div class=\"cbp-l-grid-team-position\">Marketing<\/div><\/div><div class=\"cbp-item support\"><a href=\"http:\/\/codecanyon.net\/user\/bmihai\" class=\"cbp-caption cbp-simpleLink\"><div class=\"cbp-caption-defaultWrap\"><img decoding=\"async\" src=\"http:\/\/scriptpie.com\/cubeportfolio\/wordpress\/wp-content\/uploads\/2014\/08\/13.jpg\" alt=\"\" width=\"100%\"><\/div><div class=\"cbp-caption-activeWrap\"><div class=\"cbp-l-caption-alignCenter\"><div class=\"cbp-l-caption-body\"><div class=\"cbp-l-caption-text\">VIEW PROFILE<\/div><\/div><\/div><\/div><\/a><a href=\"http:\/\/codecanyon.net\/user\/bmihai\" class=\"cbp-l-grid-team-name cbp-simpleLink\">Joseph Murphy<\/a><div class=\"cbp-l-grid-team-position\">Support<\/div><\/div><div class=\"cbp-item support\"><a href=\"http:\/\/codecanyon.net\/user\/bmihai\" class=\"cbp-caption cbp-simpleLink\"><div class=\"cbp-caption-defaultWrap\"><img decoding=\"async\" src=\"http:\/\/scriptpie.com\/cubeportfolio\/wordpress\/wp-content\/uploads\/2014\/08\/40.jpg\" alt=\"\" width=\"100%\"><\/div><div class=\"cbp-caption-activeWrap\"><div class=\"cbp-l-caption-alignCenter\"><div class=\"cbp-l-caption-body\"><div class=\"cbp-l-caption-text\">VIEW PROFILE<\/div><\/div><\/div><\/div><\/a><a href=\"http:\/\/codecanyon.net\/user\/bmihai\" class=\"cbp-l-grid-team-name cbp-simpleLink\">Brian Smith<\/a><div class=\"cbp-l-grid-team-position\">Support<\/div><\/div><div class=\"cbp-item support\"><a href=\"http:\/\/codecanyon.net\/user\/bmihai\" class=\"cbp-caption cbp-simpleLink\"><div class=\"cbp-caption-defaultWrap\"><img decoding=\"async\" src=\"http:\/\/scriptpie.com\/cubeportfolio\/wordpress\/wp-content\/uploads\/2014\/08\/10big1.jpg\" alt=\"\" width=\"100%\"><\/div><div class=\"cbp-caption-activeWrap\"><div class=\"cbp-l-caption-alignCenter\"><div class=\"cbp-l-caption-body\"><div class=\"cbp-l-caption-text\">VIEW PROFILE<\/div><\/div><\/div><\/div><\/a><a href=\"http:\/\/codecanyon.net\/user\/bmihai\" class=\"cbp-l-grid-team-name cbp-simpleLink\">Adam Taylor<\/a><div class=\"cbp-l-grid-team-position\">Support<\/div><\/div><div class=\"cbp-item marketing\"><a href=\"http:\/\/codecanyon.net\/user\/bmihai\" class=\"cbp-caption cbp-simpleLink\"><div class=\"cbp-caption-defaultWrap\"><img decoding=\"async\" src=\"http:\/\/scriptpie.com\/cubeportfolio\/wordpress\/wp-content\/uploads\/2014\/08\/25.jpg\" alt=\"\" width=\"100%\"><\/div><div class=\"cbp-caption-activeWrap\"><div class=\"cbp-l-caption-alignCenter\"><div class=\"cbp-l-caption-body\"><div class=\"cbp-l-caption-text\">VIEW PROFILE<\/div><\/div><\/div><\/div><\/a><a href=\"http:\/\/codecanyon.net\/user\/bmihai\" class=\"cbp-l-grid-team-name cbp-simpleLink\">Alison Davis<\/a><div class=\"cbp-l-grid-team-position\">Marketing<\/div><\/div><div class=\"cbp-item marketing\"><a href=\"http:\/\/codecanyon.net\/user\/bmihai\" class=\"cbp-caption cbp-simpleLink\"><div class=\"cbp-caption-defaultWrap\"><img decoding=\"async\" src=\"http:\/\/scriptpie.com\/cubeportfolio\/wordpress\/wp-content\/uploads\/2014\/08\/12.jpg\" alt=\"\" width=\"100%\"><\/div><div class=\"cbp-caption-activeWrap\"><div class=\"cbp-l-caption-alignCenter\"><div class=\"cbp-l-caption-body\"><div class=\"cbp-l-caption-text\">VIEW PROFILE<\/div><\/div><\/div><\/div><\/a><a href=\"http:\/\/codecanyon.net\/user\/bmihai\" class=\"cbp-l-grid-team-name cbp-simpleLink\">Alicia Chen<\/a><div class=\"cbp-l-grid-team-position\">Marketing<\/div><\/div><div class=\"cbp-item marketing\"><a href=\"http:\/\/codecanyon.net\/user\/bmihai\" class=\"cbp-caption cbp-simpleLink\"><div class=\"cbp-caption-defaultWrap\"><img decoding=\"async\" src=\"http:\/\/scriptpie.com\/cubeportfolio\/wordpress\/wp-content\/uploads\/2014\/08\/3big1.jpg\" alt=\"\" width=\"100%\"><\/div><div class=\"cbp-caption-activeWrap\"><div class=\"cbp-l-caption-alignCenter\"><div class=\"cbp-l-caption-body\"><div class=\"cbp-l-caption-text\">VIEW PROFILE<\/div><\/div><\/div><\/div><\/a><a href=\"http:\/\/codecanyon.net\/user\/bmihai\" class=\"cbp-l-grid-team-name cbp-simpleLink\">Brian Taylor<\/a><div class=\"cbp-l-grid-team-position\">Marketing<\/div><\/div><div class=\"cbp-item finance cbp-item-height-2\"><a href=\"http:\/\/pentorfinance.com\/fr\/joseph-galli\/\" class=\"cbp-caption cbp-simpleLink\"><div class=\"cbp-caption-defaultWrap\"><img decoding=\"async\" src=\"http:\/\/pentorfinance.com\/assets\/uploads\/2015\/08\/Joseph_Galli_300_300.jpg\" alt=\"\" width=\"100%\"><\/div><div class=\"cbp-caption-activeWrap\"><div class=\"cbp-l-caption-alignCenter\"><div class=\"cbp-l-caption-body\"><div class=\"cbp-l-caption-text\">\u00c0 PROPOS DE JOSEPH<\/div><\/div><\/div><\/div><\/a><a href=\"\" class=\"cbp-l-grid-team-name cbp-simpleLink\">Joseph Galli<\/a><div class=\"cbp-l-grid-team-position\">Pr\u00e9sident du conseil<\/div><\/div><div class=\"cbp-item finance cbp-item-height-2\"><a href=\"http:\/\/pentorfinance.com\/fr\/patrick-lalonde\/\" class=\"cbp-caption cbp-simpleLink\"><div class=\"cbp-caption-defaultWrap\"><img decoding=\"async\" src=\"http:\/\/pentorfinance.com\/assets\/uploads\/2015\/08\/Patrick_Lalonde_300_300.jpg\" alt=\"\" width=\"100%\"><\/div><div class=\"cbp-caption-activeWrap\"><div class=\"cbp-l-caption-alignCenter\"><div class=\"cbp-l-caption-body\"><div class=\"cbp-l-caption-text\">\u00c0 PROPOS DE PATRICK<\/div><\/div><\/div><\/div><\/a><a href=\"\" class=\"cbp-l-grid-team-name cbp-simpleLink\">Patrick Lalonde<\/a><div class=\"cbp-l-grid-team-position\">Directeur du d\u00e9veloppement des affaires<\/div><\/div><div class=\"cbp-item finance cbp-item-height-2\"><a href=\"http:\/\/pentorfinance.com\/fr\/heather-mark\/\" class=\"cbp-caption cbp-simpleLink\"><div class=\"cbp-caption-defaultWrap\"><img decoding=\"async\" src=\"http:\/\/pentorfinance.com\/assets\/uploads\/2015\/08\/Heather_Mark_300_300.jpg\" alt=\"\" width=\"100%\"><\/div><div class=\"cbp-caption-activeWrap\"><div class=\"cbp-l-caption-alignCenter\"><div class=\"cbp-l-caption-body\"><div class=\"cbp-l-caption-text\">\u00c0 PROPOS DE HEATHER<\/div><\/div><\/div><\/div><\/a><a href=\"\" class=\"cbp-l-grid-team-name cbp-simpleLink\">Heather Mark<\/a><div class=\"cbp-l-grid-team-position\">Responsable administratif<\/div><\/div><\/div><\/div><\/div><script type=\"text\/javascript\">jQuery.fn.cubeportfolio.initCBP(23, {\"layoutMode\":\"grid\",\"showNavigation\":true,\"showPagination\":true,\"rewindNav\":true,\"scrollByPage\":false,\"defaultFilter\":\".finance\",\"filterDeeplinking\":false,\"animationType\":\"sequentially\",\"gridAdjustment\":\"responsive\",\"mediaQueries\":false,\"gapHorizontal\":20,\"gapVertical\":30,\"caption\":\"fadeIn\",\"displayType\":\"lazyLoading\",\"displayTypeSpeed\":100,\"lightboxDelegate\":\".cbp-lightbox\",\"lightboxGallery\":true,\"lightboxTitleSrc\":\"data-title\",\"lightboxCounter\":\"<div class=\\\"cbp-popup-lightbox-counter\\\">{{current}} of {{total}}<\/div>\",\"singlePageDelegate\":\".cbp-singlePage\",\"singlePageDeeplinking\":true,\"singlePageStickyNavigation\":true,\"singlePageCounter\":\"<div class=\\\"cbp-popup-singlePage-counter\\\">{{current}} of {{total}}<\/div>\",\"singlePageAnimation\":\"fade\",\"singlePageInlineDelegate\":\".cbp-singlePageInline\",\"singlePageInlinePosition\":\"above\",\"singlePageInlineInFocus\":true,\"lightboxShowCounter\":true,\"singlePageShowCounter\":true,\"singlePageInlineShowCounter\":true,\"displayItemsLoadMore\":3});<\/script><\/div>\n\t\t<\/div><\/div><\/div><\/div><\/div>","protected":false},"excerpt":{"rendered":"<p>&nbsp; Patrick Lalonde Directeur du d\u00e9veloppement des affaires Portable : 514-655-7743 Sans frais : 1-855-655-7743 Courriel : plalonde@pentor.com Comp\u00e9tences 17 ans d&rsquo;exp\u00e9rience en financement hypoth\u00e9caire dans une banque \u00e0 charte canadienne: 2 ans \u00e0 titre de gestionnaire ex\u00e9cutif d&rsquo;\u00e9quipes de ventes performantes, 7 ans \u00e0 titre de gestionnaire de d\u00e9veloppeurs hypoth\u00e9caires, et 8 ans \u00e0 [&hellip;]<a class=\"\" title=\"Read more on Patrick Lalonde\" href=\"https:\/\/pentorfinance.com\/fr\/accueil\/lequipe-pentor-finance\/patrick-lalonde\/\"> Read more<\/a><\/p>\n","protected":false},"author":2,"featured_media":0,"parent":1915,"menu_order":3,"comment_status":"closed","ping_status":"closed","template":"dikka-page-builder.php","meta":{"footnotes":""},"class_list":["post-1922","page","type-page","status-publish","hentry"],"_links":{"self":[{"href":"https:\/\/pentorfinance.com\/fr\/wp-json\/wp\/v2\/pages\/1922","targetHints":{"allow":["GET"]}}],"collection":[{"href":"https:\/\/pentorfinance.com\/fr\/wp-json\/wp\/v2\/pages"}],"about":[{"href":"https:\/\/pentorfinance.com\/fr\/wp-json\/wp\/v2\/types\/page"}],"author":[{"embeddable":true,"href":"https:\/\/pentorfinance.com\/fr\/wp-json\/wp\/v2\/users\/2"}],"replies":[{"embeddable":true,"href":"https:\/\/pentorfinance.com\/fr\/wp-json\/wp\/v2\/comments?post=1922"}],"version-history":[{"count":3,"href":"https:\/\/pentorfinance.com\/fr\/wp-json\/wp\/v2\/pages\/1922\/revisions"}],"predecessor-version":[{"id":2305,"href":"https:\/\/pentorfinance.com\/fr\/wp-json\/wp\/v2\/pages\/1922\/revisions\/2305"}],"up":[{"embeddable":true,"href":"https:\/\/pentorfinance.com\/fr\/wp-json\/wp\/v2\/pages\/1915"}],"wp:attachment":[{"href":"https:\/\/pentorfinance.com\/fr\/wp-json\/wp\/v2\/media?parent=1922"}],"curies":[{"name":"wp","href":"https:\/\/api.w.org\/{rel}","templated":true}]}}