{"id":1915,"date":"2015-08-28T10:11:42","date_gmt":"2015-08-28T14:11:42","guid":{"rendered":"http:\/\/pentorfinance.com\/fr\/?page_id=1915"},"modified":"2018-08-13T21:21:24","modified_gmt":"2018-08-14T01:21:24","slug":"lequipe-pentor-finance","status":"publish","type":"page","link":"https:\/\/pentorfinance.com\/fr\/accueil\/lequipe-pentor-finance\/","title":{"rendered":"L\u2019\u00e9quipe PENTOR Finance"},"content":{"rendered":"<div class=\"panel-grid\" id=\"pg-1915-0\" > <div class=\"panel-row-style-default panel-row-style\" style=\"background-color: #3b3550; padding-top: 75px; padding-bottom: 20px; \" ><div class=\"container\"><div class=\"panel-grid-cell\" id=\"pgc-1915-0-0\" ><div class=\"panel-builder widget-builder widget_origin_title panel-first-child\" id=\"panel-1915-0-0-0\"><div class=\"origin-widget origin-widget-title origin-widget-title-simple-simple align-left text-lightest\"><h6  class=\"align-left\">\n\t<\/h6>\n<\/div><\/div><div class=\"panel-builder widget-builder widget_origin_title\" id=\"panel-1915-0-0-1\"><div class=\"origin-widget origin-widget-title origin-widget-title-simple-simple align-center text-lightest\"><h1  class=\"align-center\">\n\tL\u2019\u00e9quipe PENTOR Finance<\/h1>\n<\/div><\/div><div class=\"panel-builder widget-builder widget_origin_title panel-last-child\" id=\"panel-1915-0-0-2\"><div class=\"origin-widget origin-widget-title origin-widget-title-simple-simple align-center text-lightest\"><h4  class=\"align-center\">\n\tEngag\u00e9e dans l\u2019atteinte de vos objectifs.<\/h4>\n<\/div><\/div><\/div><\/div><\/div><\/div><div class=\"panel-grid\" id=\"pg-1915-1\" > <div class=\"panel-row-style-default panel-row-style\" style=\"padding-top: 60px; padding-bottom: 60px; \" ><div class=\"container\"><div class=\"panel-grid-cell\" id=\"pgc-1915-1-0\" ><div class=\"well well-sm panel-builder widget-builder widget_text panel-first-child\" id=\"panel-1915-1-0-0\">\t\t\t<div class=\"textwidget\"><style type='text\/css'>#cbpw-wrap23 {margin:0;}#cbpw-grid23 .cbp-item {width:300px;height:278px;}#cbpw-grid23 .cbp-l-grid-team-name {color:#444444;background-color:transparent;font-size:16px;font-family:Open Sans;font-weight:400;font-style:normal;line-height:normal;text-align:center;padding:0px 0px 0px 0px;margin:0px 0px 3px 0px;text-transform:none;}#cbpw-grid23 .cbp-l-grid-team-position {color:#474747;background-color:transparent;font-size:12px;font-family:Open Sans;font-weight:400;font-style:normal;line-height:light;text-align:center;padding:0px 0px 0px 0px;margin:0px 0px 0px 0px;text-transform:none;}#cbpw-grid23 .cbp-l-caption-text {color:#FFFFFF;background-color:transparent;font-size:12px;font-family:Open Sans;font-weight:400;font-style:normal;line-height:normal;text-align:center;padding:0px 0px 0px 0px;margin:0px 0px 0px 0px;text-transform:none;}#cbpw-grid23 .cbp-caption-activeWrap {background-color:#3b3550;}#cbpw-grid23 .cbp-item-height-1 {height:378px;}#cbpw-grid23 .cbp-item-height-2 {height:300px;}#cbpw-loadMore23 .cbp-l-loadMore-button-link {color:#7E7B7B;background-color:transparent;border-width:2px 2px 2px 2px;border-style:solid;border-color:#DEDEDE;border-radius:2px;font-size:11px;font-family:Open Sans;font-weight:400;font-style:normal;line-height:34px;text-align:center;padding:0px 20px 0px 20px;margin:30px 0px 0px 0px;text-transform:none;}#cbpw-loadMore23 .cbp-l-loadMore-button-link:hover {color:#B0B0B0;background-color:transparent;border-width:2px 2px 2px 2px;border-style:solid;border-color:#DEDEDE;border-radius:2px;font-size:11px;font-family:Open Sans;font-weight:400;font-style:normal;line-height:34px;text-align:center;padding:0px 20px 0px 20px;margin:30px 0px 0px 0px;text-transform:none;}#cbpw-loadMore23 .cbp-l-loadMore-button-loading {color:#7E7B7B;background-color:transparent;border-width:2px 2px 2px 2px;border-style:solid;border-color:#DEDEDE;border-radius:2px;font-size:11px;font-family:Open Sans;font-weight:400;font-style:normal;line-height:34px;text-align:center;padding:0px 20px 0px 20px;margin:30px 0px 0px 0px;text-transform:none;}#cbpw-loadMore23 .cbp-l-loadMore-button-loading:hover {color:#7E7B7B;background-color:transparent;border-width:2px 2px 2px 2px;border-style:solid;border-color:#DEDEDE;border-radius:2px;font-size:11px;font-family:Open Sans;font-weight:400;font-style:normal;line-height:34px;text-align:center;padding:0px 20px 0px 20px;margin:30px 0px 0px 0px;text-transform:none;}#cbpw-loadMore23 .cbp-l-loadMore-button-stop {color:#B0B0B0;background-color:transparent;border-width:2px 2px 2px 2px;border-style:solid;border-color:#DEDEDE;border-radius:2px;font-size:11px;font-family:Open Sans;font-weight:400;font-style:normal;line-height:34px;text-align:center;padding:0px 20px 0px 20px;margin:30px 0px 0px 0px;text-transform:none;}#cbpw-loadMore23 .cbp-l-loadMore-button-stop:hover {color:#B0B0B0;background-color:transparent;border-width:2px 2px 2px 2px;border-style:solid;border-color:#DEDEDE;border-radius:2px;font-size:11px;font-family:Open Sans;font-weight:400;font-style:normal;line-height:34px;text-align:center;padding:0px 20px 0px 20px;margin:30px 0px 0px 0px;text-transform:none;}#cbpw-singlePage23 .cbp-popup-navigation-wrap {background-color:#E45D5D;}#cbpw-singlePage23 .cbp-popup-singlePage-counter {color:#bbc0df;font-size:13px;font-family:Open Sans;}<\/style><link rel=\"stylesheet\" href=\"\/\/fonts.googleapis.com\/css?family=Open+Sans:400normal,NaN\" type=\"text\/css\" media=\"all\" \/><div id=\"cbpw-wrap23\"><div id=\"cbpw-grid23\" class=\"cbp-l-grid-team\"><div><div class=\"cbp-item finance cbp-item-height-2\"><a href=\"http:\/\/pentorfinance.com\/fr\/peter-galli\/\" class=\"cbp-caption cbp-simpleLink\"><div class=\"cbp-caption-defaultWrap\"><img decoding=\"async\" src=\"http:\/\/pentorfinance.com\/assets\/uploads\/2014\/11\/Peter_Galli_300_300.jpg\" alt=\"\" width=\"100%\"><\/div><div class=\"cbp-caption-activeWrap\"><div class=\"cbp-l-caption-alignCenter\"><div class=\"cbp-l-caption-body\"><div class=\"cbp-l-caption-text\">\u00c0 PROPOS DE PETER<\/div><\/div><\/div><\/div><\/a><a href=\"\" class=\"cbp-l-grid-team-name cbp-simpleLink\">Peter Galli<\/a><div class=\"cbp-l-grid-team-position\">Pr\u00e9sident<\/div><\/div><div class=\"cbp-item support\"><a href=\"http:\/\/codecanyon.net\/user\/bmihai\" class=\"cbp-caption cbp-simpleLink\"><div class=\"cbp-caption-defaultWrap\"><img decoding=\"async\" src=\"http:\/\/scriptpie.com\/cubeportfolio\/wordpress\/wp-content\/uploads\/2014\/08\/3big1.jpg\" alt=\"\" width=\"100%\"><\/div><div class=\"cbp-caption-activeWrap\"><div class=\"cbp-l-caption-alignCenter\"><div class=\"cbp-l-caption-body\"><div class=\"cbp-l-caption-text\">VIEW PROFILE<\/div><\/div><\/div><\/div><\/a><a href=\"http:\/\/codecanyon.net\/user\/bmihai\" class=\"cbp-l-grid-team-name cbp-simpleLink\">Mike Chant<\/a><div class=\"cbp-l-grid-team-position\">Support<\/div><\/div><div class=\"cbp-item marketing\"><a href=\"http:\/\/ipsumimage.appspot.com\/800x600.png\" class=\"cbp-caption cbp-lightbox\" data-title=\"data title\"><div class=\"cbp-caption-defaultWrap\"><img decoding=\"async\" src=\"http:\/\/scriptpie.com\/cubeportfolio\/wordpress\/wp-content\/uploads\/2014\/08\/31.jpg\" alt=\"\" width=\"100%\"><\/div><div class=\"cbp-caption-activeWrap\"><div class=\"cbp-l-caption-alignCenter\"><div class=\"cbp-l-caption-body\"><div class=\"cbp-l-caption-text\">default 1<\/div><\/div><\/div><\/div><\/a><a href=\"http:\/\/codecanyon.net\/user\/bmihai\" class=\"cbp-l-grid-team-name cbp-simpleLink\" data-title=\"data title\">Rebecca Breen<\/a><div class=\"cbp-l-grid-team-position\">Marketing<\/div><\/div><div class=\"cbp-item support\"><a href=\"http:\/\/codecanyon.net\/user\/bmihai\" class=\"cbp-caption cbp-simpleLink\"><div class=\"cbp-caption-defaultWrap\"><img decoding=\"async\" src=\"http:\/\/scriptpie.com\/cubeportfolio\/wordpress\/wp-content\/uploads\/2014\/08\/13.jpg\" alt=\"\" width=\"100%\"><\/div><div class=\"cbp-caption-activeWrap\"><div class=\"cbp-l-caption-alignCenter\"><div class=\"cbp-l-caption-body\"><div class=\"cbp-l-caption-text\">VIEW PROFILE<\/div><\/div><\/div><\/div><\/a><a href=\"http:\/\/codecanyon.net\/user\/bmihai\" class=\"cbp-l-grid-team-name cbp-simpleLink\">Joseph Murphy<\/a><div class=\"cbp-l-grid-team-position\">Support<\/div><\/div><div class=\"cbp-item support\"><a href=\"http:\/\/codecanyon.net\/user\/bmihai\" class=\"cbp-caption cbp-simpleLink\"><div class=\"cbp-caption-defaultWrap\"><img decoding=\"async\" src=\"http:\/\/scriptpie.com\/cubeportfolio\/wordpress\/wp-content\/uploads\/2014\/08\/40.jpg\" alt=\"\" width=\"100%\"><\/div><div class=\"cbp-caption-activeWrap\"><div class=\"cbp-l-caption-alignCenter\"><div class=\"cbp-l-caption-body\"><div class=\"cbp-l-caption-text\">VIEW PROFILE<\/div><\/div><\/div><\/div><\/a><a href=\"http:\/\/codecanyon.net\/user\/bmihai\" class=\"cbp-l-grid-team-name cbp-simpleLink\">Brian Smith<\/a><div class=\"cbp-l-grid-team-position\">Support<\/div><\/div><div class=\"cbp-item support\"><a href=\"http:\/\/codecanyon.net\/user\/bmihai\" class=\"cbp-caption cbp-simpleLink\"><div class=\"cbp-caption-defaultWrap\"><img decoding=\"async\" src=\"http:\/\/scriptpie.com\/cubeportfolio\/wordpress\/wp-content\/uploads\/2014\/08\/10big1.jpg\" alt=\"\" width=\"100%\"><\/div><div class=\"cbp-caption-activeWrap\"><div class=\"cbp-l-caption-alignCenter\"><div class=\"cbp-l-caption-body\"><div class=\"cbp-l-caption-text\">VIEW PROFILE<\/div><\/div><\/div><\/div><\/a><a href=\"http:\/\/codecanyon.net\/user\/bmihai\" class=\"cbp-l-grid-team-name cbp-simpleLink\">Adam Taylor<\/a><div class=\"cbp-l-grid-team-position\">Support<\/div><\/div><div class=\"cbp-item marketing\"><a href=\"http:\/\/codecanyon.net\/user\/bmihai\" class=\"cbp-caption cbp-simpleLink\"><div class=\"cbp-caption-defaultWrap\"><img decoding=\"async\" src=\"http:\/\/scriptpie.com\/cubeportfolio\/wordpress\/wp-content\/uploads\/2014\/08\/25.jpg\" alt=\"\" width=\"100%\"><\/div><div class=\"cbp-caption-activeWrap\"><div class=\"cbp-l-caption-alignCenter\"><div class=\"cbp-l-caption-body\"><div class=\"cbp-l-caption-text\">VIEW PROFILE<\/div><\/div><\/div><\/div><\/a><a href=\"http:\/\/codecanyon.net\/user\/bmihai\" class=\"cbp-l-grid-team-name cbp-simpleLink\">Alison Davis<\/a><div class=\"cbp-l-grid-team-position\">Marketing<\/div><\/div><div class=\"cbp-item marketing\"><a href=\"http:\/\/codecanyon.net\/user\/bmihai\" class=\"cbp-caption cbp-simpleLink\"><div class=\"cbp-caption-defaultWrap\"><img decoding=\"async\" src=\"http:\/\/scriptpie.com\/cubeportfolio\/wordpress\/wp-content\/uploads\/2014\/08\/12.jpg\" alt=\"\" width=\"100%\"><\/div><div class=\"cbp-caption-activeWrap\"><div class=\"cbp-l-caption-alignCenter\"><div class=\"cbp-l-caption-body\"><div class=\"cbp-l-caption-text\">VIEW PROFILE<\/div><\/div><\/div><\/div><\/a><a href=\"http:\/\/codecanyon.net\/user\/bmihai\" class=\"cbp-l-grid-team-name cbp-simpleLink\">Alicia Chen<\/a><div class=\"cbp-l-grid-team-position\">Marketing<\/div><\/div><div class=\"cbp-item marketing\"><a href=\"http:\/\/codecanyon.net\/user\/bmihai\" class=\"cbp-caption cbp-simpleLink\"><div class=\"cbp-caption-defaultWrap\"><img decoding=\"async\" src=\"http:\/\/scriptpie.com\/cubeportfolio\/wordpress\/wp-content\/uploads\/2014\/08\/3big1.jpg\" alt=\"\" width=\"100%\"><\/div><div class=\"cbp-caption-activeWrap\"><div class=\"cbp-l-caption-alignCenter\"><div class=\"cbp-l-caption-body\"><div class=\"cbp-l-caption-text\">VIEW PROFILE<\/div><\/div><\/div><\/div><\/a><a href=\"http:\/\/codecanyon.net\/user\/bmihai\" class=\"cbp-l-grid-team-name cbp-simpleLink\">Brian Taylor<\/a><div class=\"cbp-l-grid-team-position\">Marketing<\/div><\/div><div class=\"cbp-item finance cbp-item-height-2\"><a href=\"http:\/\/pentorfinance.com\/fr\/joseph-galli\/\" class=\"cbp-caption cbp-simpleLink\"><div class=\"cbp-caption-defaultWrap\"><img decoding=\"async\" src=\"http:\/\/pentorfinance.com\/assets\/uploads\/2015\/08\/Joseph_Galli_300_300.jpg\" alt=\"\" width=\"100%\"><\/div><div class=\"cbp-caption-activeWrap\"><div class=\"cbp-l-caption-alignCenter\"><div class=\"cbp-l-caption-body\"><div class=\"cbp-l-caption-text\">\u00c0 PROPOS DE JOSEPH<\/div><\/div><\/div><\/div><\/a><a href=\"\" class=\"cbp-l-grid-team-name cbp-simpleLink\">Joseph Galli<\/a><div class=\"cbp-l-grid-team-position\">Pr\u00e9sident du conseil<\/div><\/div><div class=\"cbp-item finance cbp-item-height-2\"><a href=\"http:\/\/pentorfinance.com\/fr\/patrick-lalonde\/\" class=\"cbp-caption cbp-simpleLink\"><div class=\"cbp-caption-defaultWrap\"><img decoding=\"async\" src=\"http:\/\/pentorfinance.com\/assets\/uploads\/2015\/08\/Patrick_Lalonde_300_300.jpg\" alt=\"\" width=\"100%\"><\/div><div class=\"cbp-caption-activeWrap\"><div class=\"cbp-l-caption-alignCenter\"><div class=\"cbp-l-caption-body\"><div class=\"cbp-l-caption-text\">\u00c0 PROPOS DE PATRICK<\/div><\/div><\/div><\/div><\/a><a href=\"\" class=\"cbp-l-grid-team-name cbp-simpleLink\">Patrick Lalonde<\/a><div class=\"cbp-l-grid-team-position\">Directeur du d\u00e9veloppement des affaires<\/div><\/div><div class=\"cbp-item finance cbp-item-height-2\"><a href=\"http:\/\/pentorfinance.com\/fr\/heather-mark\/\" class=\"cbp-caption cbp-simpleLink\"><div class=\"cbp-caption-defaultWrap\"><img decoding=\"async\" src=\"http:\/\/pentorfinance.com\/assets\/uploads\/2015\/08\/Heather_Mark_300_300.jpg\" alt=\"\" width=\"100%\"><\/div><div class=\"cbp-caption-activeWrap\"><div class=\"cbp-l-caption-alignCenter\"><div class=\"cbp-l-caption-body\"><div class=\"cbp-l-caption-text\">\u00c0 PROPOS DE HEATHER<\/div><\/div><\/div><\/div><\/a><a href=\"\" class=\"cbp-l-grid-team-name cbp-simpleLink\">Heather Mark<\/a><div class=\"cbp-l-grid-team-position\">Responsable administratif<\/div><\/div><\/div><\/div><\/div><script type=\"text\/javascript\">jQuery.fn.cubeportfolio.initCBP(23, {\"layoutMode\":\"grid\",\"showNavigation\":true,\"showPagination\":true,\"rewindNav\":true,\"scrollByPage\":false,\"defaultFilter\":\".finance\",\"filterDeeplinking\":false,\"animationType\":\"sequentially\",\"gridAdjustment\":\"responsive\",\"mediaQueries\":false,\"gapHorizontal\":20,\"gapVertical\":30,\"caption\":\"fadeIn\",\"displayType\":\"lazyLoading\",\"displayTypeSpeed\":100,\"lightboxDelegate\":\".cbp-lightbox\",\"lightboxGallery\":true,\"lightboxTitleSrc\":\"data-title\",\"lightboxCounter\":\"<div class=\\\"cbp-popup-lightbox-counter\\\">{{current}} of {{total}}<\/div>\",\"singlePageDelegate\":\".cbp-singlePage\",\"singlePageDeeplinking\":true,\"singlePageStickyNavigation\":true,\"singlePageCounter\":\"<div class=\\\"cbp-popup-singlePage-counter\\\">{{current}} of {{total}}<\/div>\",\"singlePageAnimation\":\"fade\",\"singlePageInlineDelegate\":\".cbp-singlePageInline\",\"singlePageInlinePosition\":\"above\",\"singlePageInlineInFocus\":true,\"lightboxShowCounter\":true,\"singlePageShowCounter\":true,\"singlePageInlineShowCounter\":true,\"displayItemsLoadMore\":3});<\/script><\/div>\n\t\t<\/div><div class=\"panel-builder widget-builder widget_origin_spacer panel-last-child\" id=\"panel-1915-1-0-1\"><div class=\"origin-widget origin-widget-spacer origin-widget-spacer-simple-blank\"><div style=\"margin-bottom:20px;\"><\/div>\n<\/div><\/div><\/div><\/div><\/div><\/div>","protected":false},"excerpt":{"rendered":"<p>L\u2019\u00e9quipe PENTOR Finance Engag\u00e9e dans l\u2019atteinte de vos objectifs. \u00c0 PROPOS DE PETERPeter GalliPr\u00e9sidentVIEW PROFILEMike ChantSupportdefault 1Rebecca BreenMarketingVIEW PROFILEJoseph MurphySupportVIEW PROFILEBrian SmithSupportVIEW PROFILEAdam TaylorSupportVIEW PROFILEAlison DavisMarketingVIEW PROFILEAlicia ChenMarketingVIEW PROFILEBrian TaylorMarketing\u00c0 PROPOS DE JOSEPHJoseph GalliPr\u00e9sident du conseil\u00c0 PROPOS DE PATRICKPatrick LalondeDirecteur du d\u00e9veloppement des affaires\u00c0 PROPOS DE HEATHERHeather MarkResponsable administratif<\/p>\n","protected":false},"author":2,"featured_media":0,"parent":1962,"menu_order":2,"comment_status":"open","ping_status":"closed","template":"dikka-page-builder.php","meta":{"footnotes":""},"class_list":["post-1915","page","type-page","status-publish","hentry"],"_links":{"self":[{"href":"https:\/\/pentorfinance.com\/fr\/wp-json\/wp\/v2\/pages\/1915","targetHints":{"allow":["GET"]}}],"collection":[{"href":"https:\/\/pentorfinance.com\/fr\/wp-json\/wp\/v2\/pages"}],"about":[{"href":"https:\/\/pentorfinance.com\/fr\/wp-json\/wp\/v2\/types\/page"}],"author":[{"embeddable":true,"href":"https:\/\/pentorfinance.com\/fr\/wp-json\/wp\/v2\/users\/2"}],"replies":[{"embeddable":true,"href":"https:\/\/pentorfinance.com\/fr\/wp-json\/wp\/v2\/comments?post=1915"}],"version-history":[{"count":5,"href":"https:\/\/pentorfinance.com\/fr\/wp-json\/wp\/v2\/pages\/1915\/revisions"}],"predecessor-version":[{"id":2613,"href":"https:\/\/pentorfinance.com\/fr\/wp-json\/wp\/v2\/pages\/1915\/revisions\/2613"}],"up":[{"embeddable":true,"href":"https:\/\/pentorfinance.com\/fr\/wp-json\/wp\/v2\/pages\/1962"}],"wp:attachment":[{"href":"https:\/\/pentorfinance.com\/fr\/wp-json\/wp\/v2\/media?parent=1915"}],"curies":[{"name":"wp","href":"https:\/\/api.w.org\/{rel}","templated":true}]}}