{"id":1913,"date":"2015-08-28T10:07:36","date_gmt":"2015-08-28T14:07:36","guid":{"rendered":"http:\/\/pentorfinance.com\/fr\/?page_id=1913"},"modified":"2018-06-05T13:05:01","modified_gmt":"2018-06-05T17:05:01","slug":"profil-de-lemprunteur-utilisation-des-fonds","status":"publish","type":"page","link":"https:\/\/pentorfinance.com\/fr\/accueil\/profil-de-lemprunteur-utilisation-des-fonds\/","title":{"rendered":"Profil de l\u2019emprunteur \/ Utilisation des fonds"},"content":{"rendered":"<div class=\"panel-grid\" id=\"pg-1913-0\" > <div class=\"panel-row-style-parallax-overlay panel-row-style\" style=\"background-color: #3e3b4f; background-image: url(http:\/\/pentorfinance.com\/assets\/uploads\/2016\/01\/family-slider-bg-cut.png);background-position:50% 50%; padding-top: 120px; padding-bottom: 60px; \" > <div class=\"parallax-overlay parallax-overlay-pattern\"><div class=\"container\"><div class=\"panel-grid-cell\" id=\"pgc-1913-0-0\" ><div class=\"panel-builder widget-builder widget_origin_title panel-first-child\" id=\"panel-1913-0-0-0\"><div class=\"origin-widget origin-widget-title origin-widget-title-simple-simple align-left text-lightest\"><h1  class=\"align-left\">\n\t<\/h1>\n<\/div><\/div><div class=\"panel-builder widget-builder widget_origin_title panel-last-child\" id=\"panel-1913-0-0-1\"><div class=\"origin-widget origin-widget-title origin-widget-title-simple-simple align-center text-light\"><h1  class=\"align-center\">\n\tProfil de l\u2019emprunteur \/ Utilisation des fonds<\/h1>\n<\/div><\/div><\/div><\/div><\/div><\/div><\/div><div class=\"panel-grid\" id=\"pg-1913-1\" > <div class=\"panel-row-style-default panel-row-style\" style=\"padding-top: 30px; padding-bottom: 30px; \" ><div class=\"container\"><div class=\"panel-grid-cell\" id=\"pgc-1913-1-0\" ><div class=\"well well-sm panel-builder widget-builder widget_sow-images panel-first-child panel-last-child\" id=\"panel-1913-1-0-0\"><div class=\"so-widget-sow-images so-widget-sow-images-base\"><div class=\"image_wrapper align-center\">\n<img decoding=\"async\" src=\"https:\/\/pentorfinance.com\/assets\/uploads\/2014\/10\/use_of_funds-e1442547146601.png\" class=\"\" alt=\"none\">\n\t\t\t\t\t\t\t\t\t\t\n\t\t\t\t\t\t\t\t\t\t    \t\n\t\t\t\t\t\t\t\t\t\t\t<\/div>\n\n<\/div><\/div><\/div><\/div><\/div><\/div><div class=\"panel-grid\" id=\"pg-1913-2\" > <div class=\"panel-row-style-default panel-row-style\" style=\"padding-top: 80px; padding-bottom: 80px; \" ><div class=\"container\"><div class=\"panel-grid-cell\" id=\"pgc-1913-2-0\" ><div class=\"panel-builder widget-builder widget_origin_title panel-first-child\" id=\"panel-1913-2-0-0\"><div class=\"origin-widget origin-widget-title origin-widget-title-simple-simple align-left text-noraml\"><h3  class=\"align-left\">\n\tProfil de l\u2019emprunteur<\/h3>\n<\/div><\/div><div class=\"panel-builder widget-builder widget_origin_spacer\" id=\"panel-1913-2-0-1\"><div class=\"origin-widget origin-widget-spacer origin-widget-spacer-simple-blank\"><div style=\"margin-bottom:5px;\"><\/div>\n<\/div><\/div><div class=\"panel-builder widget-builder widget_origin_list\" id=\"panel-1913-2-0-2\"><div class=\"origin-widget origin-widget-list origin-widget-list-default-default text-noraml\"><div class=\"list-body \">\n<ul>\n<li><i class='fa fa-check'><\/i><b>Besoin rapide de fonds<\/li>\n<li><i class='fa fa-check'><\/i>Client ne r\u00e9pondant pas aux exigences traditionnelles<\/li>\n<li><i class='fa fa-check'><\/i>Nouvel arrivant<\/li>\n<li><i class='fa fa-check'><\/i>Travailleur autonome<\/li>\n<li><i class='fa fa-check'><\/i>Revenu limit\u00e9<\/li>\n<li><i class='fa fa-check'><\/i>\u00c9quit\u00e9 dans la propri\u00e9t\u00e9<\/li>\n<li><i class='fa fa-check'><\/i>Peu de cr\u00e9dit ou mauvais historique de cr\u00e9dit<\/li>\n<li><i class='fa fa-check'><\/i>Proposition de consommateur<\/b><\/li>\n<\/ul>\n<\/div><\/div><\/div><div class=\"panel-builder widget-builder widget_origin_spacer\" id=\"panel-1913-2-0-3\"><div class=\"origin-widget origin-widget-spacer origin-widget-spacer-simple-blank\"><div style=\"margin-bottom:20px;\"><\/div>\n<\/div><\/div><div class=\"panel-builder widget-builder widget_origin_spacer panel-last-child\" id=\"panel-1913-2-0-4\"><div class=\"origin-widget origin-widget-spacer origin-widget-spacer-simple-blank\"><div style=\"margin-bottom:10px;\"><\/div>\n<\/div><\/div><\/div><div class=\"panel-grid-cell\" id=\"pgc-1913-2-1\" ><div class=\"panel-builder widget-builder widget_origin_title panel-first-child\" id=\"panel-1913-2-1-0\"><div class=\"origin-widget origin-widget-title origin-widget-title-simple-simple align-left text-noraml\"><h3  class=\"align-left\">\n\tType de propri\u00e9t\u00e9<\/h3>\n<\/div><\/div><div class=\"panel-builder widget-builder widget_origin_spacer\" id=\"panel-1913-2-1-1\"><div class=\"origin-widget origin-widget-spacer origin-widget-spacer-simple-blank\"><div style=\"margin-bottom:5px;\"><\/div>\n<\/div><\/div><div class=\"panel-builder widget-builder widget_origin_list\" id=\"panel-1913-2-1-2\"><div class=\"origin-widget origin-widget-list origin-widget-list-default-default text-noraml\"><div class=\"list-body \">\n<ul>\n<li><i class='fa fa-check'><\/i><b>R\u00e9sidentielle (jusqu\u2019\u00e0 5 unit\u00e9s)<\/li>\n<li><i class='fa fa-check'><\/i>Multifamiliale (6 unit\u00e9s et plus)<\/li>\n<li><i class='fa fa-check'><\/i>Semi-commerciale<\/li>\n<li><i class='fa fa-check'><\/i>Commerciale<\/b><\/li>\n<\/ul>\n<\/div><\/div><\/div><div class=\"panel-builder widget-builder widget_origin_spacer\" id=\"panel-1913-2-1-3\"><div class=\"origin-widget origin-widget-spacer origin-widget-spacer-simple-blank\"><div style=\"margin-bottom:20px;\"><\/div>\n<\/div><\/div><div class=\"panel-builder widget-builder widget_origin_spacer panel-last-child\" id=\"panel-1913-2-1-4\"><div class=\"origin-widget origin-widget-spacer origin-widget-spacer-simple-blank\"><div style=\"margin-bottom:10px;\"><\/div>\n<\/div><\/div><\/div><div class=\"panel-grid-cell\" id=\"pgc-1913-2-2\" ><div class=\"panel-builder widget-builder widget_origin_title panel-first-child\" id=\"panel-1913-2-2-0\"><div class=\"origin-widget origin-widget-title origin-widget-title-simple-simple align-left text-noraml\"><h3  class=\"align-left\">\n\tUtilisation des fonds<\/h3>\n<\/div><\/div><div class=\"panel-builder widget-builder widget_origin_spacer\" id=\"panel-1913-2-2-1\"><div class=\"origin-widget origin-widget-spacer origin-widget-spacer-simple-blank\"><div style=\"margin-bottom:5px;\"><\/div>\n<\/div><\/div><div class=\"panel-builder widget-builder widget_origin_list\" id=\"panel-1913-2-2-2\"><div class=\"origin-widget origin-widget-list origin-widget-list-default-default text-noraml\"><div class=\"list-body \">\n<ul>\n<li><i class='fa fa-check'><\/i><b>Achat de propri\u00e9t\u00e9<\/li>\n<li><i class='fa fa-check'><\/i>Retrait d\u2019\u00e9quit\u00e9<\/li>\n<li><i class='fa fa-check'><\/i>Financement temporaire<\/li>\n<li><i class='fa fa-check'><\/i>Consolidation de dettes<\/li>\n<li><i class='fa fa-check'><\/i>Pr\u00eat pour placements<\/li>\n<li><i class='fa fa-check'><\/i>Hypoth\u00e8que l\u00e9gale<\/li>\n<li><i class='fa fa-check'><\/i>R\u00e9novations<\/li>\n<li><i class='fa fa-check'><\/i>Construction<\/b><\/li>\n<\/ul>\n<\/div><\/div><\/div><div class=\"panel-builder widget-builder widget_origin_spacer\" id=\"panel-1913-2-2-3\"><div class=\"origin-widget origin-widget-spacer origin-widget-spacer-simple-blank\"><div style=\"margin-bottom:20px;\"><\/div>\n<\/div><\/div><div class=\"panel-builder widget-builder widget_origin_spacer panel-last-child\" id=\"panel-1913-2-2-4\"><div class=\"origin-widget origin-widget-spacer origin-widget-spacer-simple-blank\"><div style=\"margin-bottom:10px;\"><\/div>\n<\/div><\/div><\/div><\/div><\/div><\/div><div class=\"panel-grid\" id=\"pg-1913-3\" > <div class=\"panel-row-style-default panel-row-style\" style=\"padding-bottom: 40px; \" ><div class=\"container\"><div class=\"panel-grid-cell\" id=\"pgc-1913-3-0\" ><div class=\"panel-builder widget-builder widget_origin_button panel-first-child\" id=\"panel-1913-3-0-0\"><div class=\"origin-widget origin-widget-button origin-widget-button-default-default align-center\"><a class=\"btn-color btn-color-1d big-size  nav-to tp-button darkgrey-fill \" href=\"tel:1-888-508-7139\" >\n\tConsultation gratuite: 888-508-7139<\/a>\n<\/div><\/div><div class=\"panel-builder widget-builder widget_origin_spacer\" id=\"panel-1913-3-0-1\"><div class=\"origin-widget origin-widget-spacer origin-widget-spacer-simple-blank\"><div style=\"margin-bottom:10px;\"><\/div>\n<\/div><\/div><div class=\"panel-builder widget-builder widget_origin_spacer\" id=\"panel-1913-3-0-2\"><div class=\"origin-widget origin-widget-spacer origin-widget-spacer-simple-blank\"><div style=\"margin-bottom:10px;\"><\/div>\n<\/div><\/div><div class=\"panel-builder widget-builder widget_origin_button panel-last-child\" id=\"panel-1913-3-0-3\"><div class=\"origin-widget origin-widget-button origin-widget-button-default-default align-center\"><a class=\"btn-color btn-color-1d big-size  nav-to tp-button darkgrey-fill \" href=\"http:\/\/pentorfinance.com\/form-view\/2\" >\n\tFaites une demande gratuitement !<\/a>\n<\/div><\/div><\/div><\/div><\/div><\/div>","protected":false},"excerpt":{"rendered":"<p>Profil de l\u2019emprunteur \/ Utilisation des fonds Profil de l\u2019emprunteur Besoin rapide de fonds Client ne r\u00e9pondant pas aux exigences traditionnelles Nouvel arrivant Travailleur autonome Revenu limit\u00e9 \u00c9quit\u00e9 dans la propri\u00e9t\u00e9 Peu de cr\u00e9dit ou mauvais historique de cr\u00e9dit Proposition de consommateur Type de propri\u00e9t\u00e9 R\u00e9sidentielle (jusqu\u2019\u00e0 5 unit\u00e9s) Multifamiliale (6 unit\u00e9s et plus) Semi-commerciale [&hellip;]<a class=\"\" title=\"Read more on Profil de l\u2019emprunteur \/ Utilisation des fonds\" href=\"https:\/\/pentorfinance.com\/fr\/accueil\/profil-de-lemprunteur-utilisation-des-fonds\/\"> Read more<\/a><\/p>\n","protected":false},"author":2,"featured_media":0,"parent":1962,"menu_order":1,"comment_status":"open","ping_status":"open","template":"dikka-page-builder.php","meta":{"footnotes":""},"class_list":["post-1913","page","type-page","status-publish","hentry"],"_links":{"self":[{"href":"https:\/\/pentorfinance.com\/fr\/wp-json\/wp\/v2\/pages\/1913","targetHints":{"allow":["GET"]}}],"collection":[{"href":"https:\/\/pentorfinance.com\/fr\/wp-json\/wp\/v2\/pages"}],"about":[{"href":"https:\/\/pentorfinance.com\/fr\/wp-json\/wp\/v2\/types\/page"}],"author":[{"embeddable":true,"href":"https:\/\/pentorfinance.com\/fr\/wp-json\/wp\/v2\/users\/2"}],"replies":[{"embeddable":true,"href":"https:\/\/pentorfinance.com\/fr\/wp-json\/wp\/v2\/comments?post=1913"}],"version-history":[{"count":5,"href":"https:\/\/pentorfinance.com\/fr\/wp-json\/wp\/v2\/pages\/1913\/revisions"}],"predecessor-version":[{"id":2592,"href":"https:\/\/pentorfinance.com\/fr\/wp-json\/wp\/v2\/pages\/1913\/revisions\/2592"}],"up":[{"embeddable":true,"href":"https:\/\/pentorfinance.com\/fr\/wp-json\/wp\/v2\/pages\/1962"}],"wp:attachment":[{"href":"https:\/\/pentorfinance.com\/fr\/wp-json\/wp\/v2\/media?parent=1913"}],"curies":[{"name":"wp","href":"https:\/\/api.w.org\/{rel}","templated":true}]}}